{"id":8047,"date":"2022-04-13T16:37:17","date_gmt":"2022-04-13T16:37:17","guid":{"rendered":"http:\/\/darkyn.dev-wbk.com\/index.php\/product\/smart\/"},"modified":"2022-04-26T11:58:00","modified_gmt":"2022-04-26T11:58:00","slug":"smart","status":"publish","type":"product","link":"https:\/\/darkyn.ma\/index.php\/product\/smart\/","title":{"rendered":"Smart"},"content":{"rendered":"[vc_row type=\u00a0\u00bbin_container\u00a0\u00bb full_screen_row_position=\u00a0\u00bbmiddle\u00a0\u00bb column_margin=\u00a0\u00bbdefault\u00a0\u00bb column_direction=\u00a0\u00bbdefault\u00a0\u00bb column_direction_tablet=\u00a0\u00bbdefault\u00a0\u00bb column_direction_phone=\u00a0\u00bbdefault\u00a0\u00bb scene_position=\u00a0\u00bbcenter\u00a0\u00bb text_color=\u00a0\u00bbdark\u00a0\u00bb text_align=\u00a0\u00bbleft\u00a0\u00bb row_border_radius=\u00a0\u00bbnone\u00a0\u00bb row_border_radius_applies=\u00a0\u00bbbg\u00a0\u00bb overflow=\u00a0\u00bbvisible\u00a0\u00bb overlay_strength=\u00a0\u00bb0.3&Prime; gradient_direction=\u00a0\u00bbleft_to_right\u00a0\u00bb shape_divider_position=\u00a0\u00bbbottom\u00a0\u00bb bg_image_animation=\u00a0\u00bbnone\u00a0\u00bb][vc_column column_padding=\u00a0\u00bbno-extra-padding\u00a0\u00bb column_padding_tablet=\u00a0\u00bbinherit\u00a0\u00bb column_padding_phone=\u00a0\u00bbinherit\u00a0\u00bb column_padding_position=\u00a0\u00bball\u00a0\u00bb column_element_spacing=\u00a0\u00bbdefault\u00a0\u00bb background_color_opacity=\u00a0\u00bb1&Prime; background_hover_color_opacity=\u00a0\u00bb1&Prime; column_shadow=\u00a0\u00bbnone\u00a0\u00bb column_border_radius=\u00a0\u00bbnone\u00a0\u00bb column_link_target=\u00a0\u00bb_self\u00a0\u00bb column_position=\u00a0\u00bbdefault\u00a0\u00bb gradient_direction=\u00a0\u00bbleft_to_right\u00a0\u00bb overlay_strength=\u00a0\u00bb0.3&Prime; width=\u00a0\u00bb1\/1&Prime; tablet_width_inherit=\u00a0\u00bbdefault\u00a0\u00bb tablet_text_alignment=\u00a0\u00bbdefault\u00a0\u00bb phone_text_alignment=\u00a0\u00bbdefault\u00a0\u00bb animation_type=\u00a0\u00bbdefault\u00a0\u00bb bg_image_animation=\u00a0\u00bbnone\u00a0\u00bb border_type=\u00a0\u00bbsimple\u00a0\u00bb column_border_width=\u00a0\u00bbnone\u00a0\u00bb column_border_style=\u00a0\u00bbsolid\u00a0\u00bb][vc_column_text]\n<h2 style=\"text-align: center;\">Couleurs<\/h2>\n[\/vc_column_text][vc_gallery type=\u00a0\u00bbimage_grid\u00a0\u00bb images=\u00a0\u00bb10875,10876,10877,10878,10879,10880,10881,10882&Prime; image_grid_loading=\u00a0\u00bbdefault\u00a0\u00bb layout=\u00a0\u00bb4&Prime; item_spacing=\u00a0\u00bbdefault\u00a0\u00bb gallery_style=\u00a0\u00bb7&Prime; load_in_animation=\u00a0\u00bbnone\u00a0\u00bb img_size=\u00a0\u00bbfull\u00a0\u00bb][\/vc_column][\/vc_row]\n","protected":false},"excerpt":{"rendered":"<p><strong>Une \u00e9vocation tout en subtilit\u00e9 du style inoubliable des Ann\u00e9es 30.<\/strong><\/p>\n<p>Ce petit motif \u00e9caille qui se r\u00e9p\u00e8te ad libitum \u00e9voque le style Art D\u00e9co tout en le d\u00e9pouillant de son emphase. On pense par exemple \u00e0 la fl\u00e8che de la tour Chrysler \u00e0 New York, sommet de l\u2019\u00e9poque Modern Style, avec ses arches \u00e9tincelantes superpos\u00e9es, ou aux motifs en \u00e9caille ou en \u00e9ventail des tapis des Ann\u00e9es 30. Mais ici, le dessin est sugg\u00e9r\u00e9, \u00e9pur\u00e9 \u00e0 l\u2019extr\u00eame pour offrir au regard une sensation de simplicit\u00e9 et d\u2019\u00e9l\u00e9gance intemporelle.<\/p>\n<p>Puis, c\u2019est le choix de l\u2019univers chromatique qui d\u00e9finira l\u2019ambiance du hall, des salons, des chambres de votre h\u00f4tel. Du charme po\u00e9tique des r\u00e9f\u00e9rences \u00ab\u00a0Vanille\u00a0\u00bb et \u00ab\u00a0D\u00e9licat\u00a0\u00bb \u00e0 l\u2019audace nocturne de \u00ab\u00a0Rom\u00e9o\u00a0\u00bb et \u00ab\u00a0BlackJack\u00a0\u00bb, la ligne de moquette en velours Smart se d\u00e9cline en 8 combinaisons color\u00e9es tr\u00e8s diff\u00e9renci\u00e9es qui vous offrent une grande vari\u00e9t\u00e9 d\u2019harmonies. Par la personnalisation, cette\u00a0<strong>moquette en velours<\/strong>\u00a0<strong>\u00a0\u00e9paisse\u00a0<\/strong>peut prendre de nombreuses autres tonalit\u00e9s, selon vos d\u00e9sirs. Vous pouvez aussi adapter le motif Smart, pour cr\u00e9er votre propre signature d\u00e9co. Pourquoi ne pas tester ce jeu de variations d\u00e8s maintenant, sur\u00a0notre simulateur Design Studio\u00a0?<\/p>\n<p>Comme tous les motifs de la\u00a0collection Vision of El\u00e9gance, Smart vous r\u00e9serve la qualit\u00e9 d\u2019excellence Darkyn destin\u00e9e aux h\u00f4tels de prestige. Cette moquette vous assure un confort sonore optimal, une persistance des couleurs \u00e0 long terme et une\u00a0grande facilit\u00e9 d\u2019entretien au quotidien<\/p>\n[button color=\"accent-color\" hover_text_color_override=\"#fff\" size=\"medium\" url=\"https:\/\/darkyn.ma\/wp-content\/uploads\/2022\/04\/Fiche-technique-Smart.pdf\" text=\"Voir Fiche Technique\" color_override=\"\"]\n","protected":false},"featured_media":8538,"template":"","meta":[],"product_brand":[],"product_cat":[91,93,95],"product_tag":[],"class_list":{"0":"post-8047","1":"product","2":"type-product","3":"status-publish","4":"has-post-thumbnail","6":"product_cat-balsan","7":"product_cat-hotel","8":"product_cat-le","10":"first","11":"instock","12":"shipping-taxable","13":"product-type-simple"},"_links":{"self":[{"href":"https:\/\/darkyn.ma\/index.php\/wp-json\/wp\/v2\/product\/8047","targetHints":{"allow":["GET"]}}],"collection":[{"href":"https:\/\/darkyn.ma\/index.php\/wp-json\/wp\/v2\/product"}],"about":[{"href":"https:\/\/darkyn.ma\/index.php\/wp-json\/wp\/v2\/types\/product"}],"wp:featuredmedia":[{"embeddable":true,"href":"https:\/\/darkyn.ma\/index.php\/wp-json\/wp\/v2\/media\/8538"}],"wp:attachment":[{"href":"https:\/\/darkyn.ma\/index.php\/wp-json\/wp\/v2\/media?parent=8047"}],"wp:term":[{"taxonomy":"product_brand","embeddable":true,"href":"https:\/\/darkyn.ma\/index.php\/wp-json\/wp\/v2\/product_brand?post=8047"},{"taxonomy":"product_cat","embeddable":true,"href":"https:\/\/darkyn.ma\/index.php\/wp-json\/wp\/v2\/product_cat?post=8047"},{"taxonomy":"product_tag","embeddable":true,"href":"https:\/\/darkyn.ma\/index.php\/wp-json\/wp\/v2\/product_tag?post=8047"}],"curies":[{"name":"wp","href":"https:\/\/api.w.org\/{rel}","templated":true}]}}