{"id":8024,"date":"2022-04-13T16:37:10","date_gmt":"2022-04-13T16:37:10","guid":{"rendered":"http:\/\/darkyn.dev-wbk.com\/index.php\/product\/prestige\/"},"modified":"2022-04-26T11:57:58","modified_gmt":"2022-04-26T11:57:58","slug":"prestige","status":"publish","type":"product","link":"https:\/\/darkyn.ma\/index.php\/product\/prestige\/","title":{"rendered":"Prestige"},"content":{"rendered":"[vc_row type=\u00a0\u00bbin_container\u00a0\u00bb full_screen_row_position=\u00a0\u00bbmiddle\u00a0\u00bb column_margin=\u00a0\u00bbdefault\u00a0\u00bb column_direction=\u00a0\u00bbdefault\u00a0\u00bb column_direction_tablet=\u00a0\u00bbdefault\u00a0\u00bb column_direction_phone=\u00a0\u00bbdefault\u00a0\u00bb scene_position=\u00a0\u00bbcenter\u00a0\u00bb text_color=\u00a0\u00bbdark\u00a0\u00bb text_align=\u00a0\u00bbleft\u00a0\u00bb row_border_radius=\u00a0\u00bbnone\u00a0\u00bb row_border_radius_applies=\u00a0\u00bbbg\u00a0\u00bb overflow=\u00a0\u00bbvisible\u00a0\u00bb overlay_strength=\u00a0\u00bb0.3&Prime; gradient_direction=\u00a0\u00bbleft_to_right\u00a0\u00bb shape_divider_position=\u00a0\u00bbbottom\u00a0\u00bb bg_image_animation=\u00a0\u00bbnone\u00a0\u00bb][vc_column column_padding=\u00a0\u00bbno-extra-padding\u00a0\u00bb column_padding_tablet=\u00a0\u00bbinherit\u00a0\u00bb column_padding_phone=\u00a0\u00bbinherit\u00a0\u00bb column_padding_position=\u00a0\u00bball\u00a0\u00bb column_element_spacing=\u00a0\u00bbdefault\u00a0\u00bb background_color_opacity=\u00a0\u00bb1&Prime; background_hover_color_opacity=\u00a0\u00bb1&Prime; column_shadow=\u00a0\u00bbnone\u00a0\u00bb column_border_radius=\u00a0\u00bbnone\u00a0\u00bb column_link_target=\u00a0\u00bb_self\u00a0\u00bb column_position=\u00a0\u00bbdefault\u00a0\u00bb gradient_direction=\u00a0\u00bbleft_to_right\u00a0\u00bb overlay_strength=\u00a0\u00bb0.3&Prime; width=\u00a0\u00bb1\/1&Prime; tablet_width_inherit=\u00a0\u00bbdefault\u00a0\u00bb tablet_text_alignment=\u00a0\u00bbdefault\u00a0\u00bb phone_text_alignment=\u00a0\u00bbdefault\u00a0\u00bb animation_type=\u00a0\u00bbdefault\u00a0\u00bb bg_image_animation=\u00a0\u00bbnone\u00a0\u00bb border_type=\u00a0\u00bbsimple\u00a0\u00bb column_border_width=\u00a0\u00bbnone\u00a0\u00bb column_border_style=\u00a0\u00bbsolid\u00a0\u00bb][vc_column_text]\n<h2 style=\"text-align: center;\">Couleurs<\/h2>\n[\/vc_column_text][vc_gallery type=\u00a0\u00bbimage_grid\u00a0\u00bb images=\u00a0\u00bb8873,8874,8875,8876,8877,8878&Prime; image_grid_loading=\u00a0\u00bbdefault\u00a0\u00bb layout=\u00a0\u00bb4&Prime; item_spacing=\u00a0\u00bbdefault\u00a0\u00bb gallery_style=\u00a0\u00bb7&Prime; load_in_animation=\u00a0\u00bbnone\u00a0\u00bb img_size=\u00a0\u00bbfull\u00a0\u00bb][\/vc_column][\/vc_row]\n","protected":false},"excerpt":{"rendered":"<p><strong>Moquette en l\u00e9 structur\u00e9e teint dans la masse pour d\u00e9corer de moquette les sols int\u00e9rieurs de votre h\u00f4tel<\/strong><\/p>\n<p>Une simple ligne, fine et l\u00e9g\u00e8re, comme trac\u00e9e par une main r\u00eaveuse, forme des lignes, des courbes et des boucles au hasard, sans pr\u00e9m\u00e9ditation et sans interruption sur cette\u00a0<strong>moquette \u00e9paisse<\/strong>. Avec le motif Prestige, de notre\u00a0moquette de la\u00a0collection Grand H\u00f4tel, c\u2019est toujours la m\u00eame ligne qui court sur le sol, formant de d\u00e9licates volutes o\u00f9 l\u2019on peut d\u00e9celer une feuille, une fleur, un lapin\u2026 L\u2019id\u00e9al pour suivre le fil dans votre h\u00f4tel, depuis le hall d\u2019entr\u00e9e jusqu\u2019aux suites de prestige dernier \u00e9tage. Ce\u00a0<strong>rev\u00eatement de sol textile<\/strong>\u00a0apportera l\u2019acoustique feutr\u00e9e tant d\u00e9sir\u00e9e de vos h\u00f4tes. A personnaliser avec les 7 couleurs naturelles de fil polyamide teints masse.<\/p>\n[button color=\"accent-color\" hover_text_color_override=\"#fff\" size=\"medium\" url=\"https:\/\/darkyn.ma\/wp-content\/uploads\/2022\/04\/Fiche-technique-Prestige.pdf\" text=\"Voir Fiche Technique\" color_override=\"\"]\n","protected":false},"featured_media":8872,"template":"","meta":[],"product_brand":[],"product_cat":[91,93,95],"product_tag":[],"class_list":{"0":"post-8024","1":"product","2":"type-product","3":"status-publish","4":"has-post-thumbnail","6":"product_cat-balsan","7":"product_cat-hotel","8":"product_cat-le","10":"first","11":"instock","12":"shipping-taxable","13":"product-type-simple"},"_links":{"self":[{"href":"https:\/\/darkyn.ma\/index.php\/wp-json\/wp\/v2\/product\/8024","targetHints":{"allow":["GET"]}}],"collection":[{"href":"https:\/\/darkyn.ma\/index.php\/wp-json\/wp\/v2\/product"}],"about":[{"href":"https:\/\/darkyn.ma\/index.php\/wp-json\/wp\/v2\/types\/product"}],"wp:featuredmedia":[{"embeddable":true,"href":"https:\/\/darkyn.ma\/index.php\/wp-json\/wp\/v2\/media\/8872"}],"wp:attachment":[{"href":"https:\/\/darkyn.ma\/index.php\/wp-json\/wp\/v2\/media?parent=8024"}],"wp:term":[{"taxonomy":"product_brand","embeddable":true,"href":"https:\/\/darkyn.ma\/index.php\/wp-json\/wp\/v2\/product_brand?post=8024"},{"taxonomy":"product_cat","embeddable":true,"href":"https:\/\/darkyn.ma\/index.php\/wp-json\/wp\/v2\/product_cat?post=8024"},{"taxonomy":"product_tag","embeddable":true,"href":"https:\/\/darkyn.ma\/index.php\/wp-json\/wp\/v2\/product_tag?post=8024"}],"curies":[{"name":"wp","href":"https:\/\/api.w.org\/{rel}","templated":true}]}}