{"id":8022,"date":"2022-04-13T16:37:09","date_gmt":"2022-04-13T16:37:09","guid":{"rendered":"http:\/\/darkyn.dev-wbk.com\/index.php\/product\/pompadour\/"},"modified":"2022-04-26T11:57:58","modified_gmt":"2022-04-26T11:57:58","slug":"pompadour","status":"publish","type":"product","link":"https:\/\/darkyn.ma\/index.php\/product\/pompadour\/","title":{"rendered":"Pompadour"},"content":{"rendered":"[vc_row type=\u00a0\u00bbin_container\u00a0\u00bb full_screen_row_position=\u00a0\u00bbmiddle\u00a0\u00bb column_margin=\u00a0\u00bbdefault\u00a0\u00bb column_direction=\u00a0\u00bbdefault\u00a0\u00bb column_direction_tablet=\u00a0\u00bbdefault\u00a0\u00bb column_direction_phone=\u00a0\u00bbdefault\u00a0\u00bb scene_position=\u00a0\u00bbcenter\u00a0\u00bb text_color=\u00a0\u00bbdark\u00a0\u00bb text_align=\u00a0\u00bbleft\u00a0\u00bb row_border_radius=\u00a0\u00bbnone\u00a0\u00bb row_border_radius_applies=\u00a0\u00bbbg\u00a0\u00bb overflow=\u00a0\u00bbvisible\u00a0\u00bb overlay_strength=\u00a0\u00bb0.3&Prime; gradient_direction=\u00a0\u00bbleft_to_right\u00a0\u00bb shape_divider_position=\u00a0\u00bbbottom\u00a0\u00bb bg_image_animation=\u00a0\u00bbnone\u00a0\u00bb][vc_column column_padding=\u00a0\u00bbno-extra-padding\u00a0\u00bb column_padding_tablet=\u00a0\u00bbinherit\u00a0\u00bb column_padding_phone=\u00a0\u00bbinherit\u00a0\u00bb column_padding_position=\u00a0\u00bball\u00a0\u00bb column_element_spacing=\u00a0\u00bbdefault\u00a0\u00bb background_color_opacity=\u00a0\u00bb1&Prime; background_hover_color_opacity=\u00a0\u00bb1&Prime; column_shadow=\u00a0\u00bbnone\u00a0\u00bb column_border_radius=\u00a0\u00bbnone\u00a0\u00bb column_link_target=\u00a0\u00bb_self\u00a0\u00bb column_position=\u00a0\u00bbdefault\u00a0\u00bb gradient_direction=\u00a0\u00bbleft_to_right\u00a0\u00bb overlay_strength=\u00a0\u00bb0.3&Prime; width=\u00a0\u00bb1\/1&Prime; tablet_width_inherit=\u00a0\u00bbdefault\u00a0\u00bb tablet_text_alignment=\u00a0\u00bbdefault\u00a0\u00bb phone_text_alignment=\u00a0\u00bbdefault\u00a0\u00bb animation_type=\u00a0\u00bbdefault\u00a0\u00bb bg_image_animation=\u00a0\u00bbnone\u00a0\u00bb border_type=\u00a0\u00bbsimple\u00a0\u00bb column_border_width=\u00a0\u00bbnone\u00a0\u00bb column_border_style=\u00a0\u00bbsolid\u00a0\u00bb][vc_column_text]\n<h2 style=\"text-align: center;\">Couleurs<\/h2>\n[\/vc_column_text][vc_gallery type=\u00a0\u00bbimage_grid\u00a0\u00bb images=\u00a0\u00bb8890,8892&Prime; image_grid_loading=\u00a0\u00bbdefault\u00a0\u00bb layout=\u00a0\u00bb4&Prime; item_spacing=\u00a0\u00bbdefault\u00a0\u00bb gallery_style=\u00a0\u00bb7&Prime; load_in_animation=\u00a0\u00bbnone\u00a0\u00bb img_size=\u00a0\u00bbfull\u00a0\u00bb][\/vc_column][\/vc_row]\n","protected":false},"excerpt":{"rendered":"<p><strong>Classicisme et modernit\u00e9 se rejoignent au comble du raffinement.\u00a0<\/strong><\/p>\n<p>Inspir\u00e9 d\u2019une tapisserie de Versailles du temps de la marquise de Pompadour, le motif floral de la\u00a0<strong>moquette en velours<\/strong>\u00a0Pompadour est revisit\u00e9 avec un effet d\u2019estompe qui le rend presque abstrait. Cette interpr\u00e9tation tr\u00e8s contemporaine \u00e9voque n\u00e9anmoins de mani\u00e8re subliminale le style de la c\u00e9l\u00e8bre favorite de Louis XV, qui \u00e9prouvait pour les arts et la d\u00e9coration une grande passion.<\/p>\n<p>L\u2019effet \u00ab\u00a0Marquise\u00a0\u00bb est renforc\u00e9 par les deux couleurs disponibles pour cette moquette \u00e0 velours \u00e9paisse \u00e0 motif n\u00e9o-classique : \u00ab\u00a0Candide\u00a0\u00bb, dans un registre d\u00e9licatement poudr\u00e9 de rose sur fond \u00e9cru et \u00ab\u00a0C\u00e9ladon\u00a0\u00bb, du nom de la porcelaine tr\u00e8s en vogue au XVIIIe si\u00e8cle, dont la couleur est d\u2019une fra\u00eecheur exquise. L\u2019une et l\u2019autre tonalit\u00e9 habilleront des chambres ou des suites d\u2019h\u00f4tel d\u2019un d\u00e9licieux raffinement \u00ab\u00a0\u00e0 la fran\u00e7aise\u00a0\u00bb.\u00a0 Avec la personnalisation de cette moquette en l\u00e9, vous ouvrez en grand l\u2019\u00e9ventail des couleurs et vous pouvez cr\u00e9er des variations in\u00e9dites autour du motif Pompadour, pour inventer votre propre style. Et cela, gr\u00e2ce \u00e0 notre simulateur graphique\u00a0Design Studio.<\/p>\n<p>Ce motif, comme tous ceux de la\u00a0collection Vision of El\u00e9gance, vous garantit les hautes performances des moquettes Darkyn destin\u00e9es aux h\u00f4tels de prestige : un confort sonore renforc\u00e9, une persistance des couleurs remarquable et un entretien facilit\u00e9 au quotidien.<\/p>\n[button color=\"accent-color\" hover_text_color_override=\"#fff\" size=\"medium\" url=\"https:\/\/darkyn.ma\/wp-content\/uploads\/2022\/04\/Fiche-technique-Pompadour.pdf\" text=\"Voir Fiche Technique\" color_override=\"\"]\n","protected":false},"featured_media":8893,"template":"","meta":[],"product_brand":[],"product_cat":[91,93,95],"product_tag":[],"class_list":{"0":"post-8022","1":"product","2":"type-product","3":"status-publish","4":"has-post-thumbnail","6":"product_cat-balsan","7":"product_cat-hotel","8":"product_cat-le","10":"first","11":"instock","12":"shipping-taxable","13":"product-type-simple"},"_links":{"self":[{"href":"https:\/\/darkyn.ma\/index.php\/wp-json\/wp\/v2\/product\/8022","targetHints":{"allow":["GET"]}}],"collection":[{"href":"https:\/\/darkyn.ma\/index.php\/wp-json\/wp\/v2\/product"}],"about":[{"href":"https:\/\/darkyn.ma\/index.php\/wp-json\/wp\/v2\/types\/product"}],"wp:featuredmedia":[{"embeddable":true,"href":"https:\/\/darkyn.ma\/index.php\/wp-json\/wp\/v2\/media\/8893"}],"wp:attachment":[{"href":"https:\/\/darkyn.ma\/index.php\/wp-json\/wp\/v2\/media?parent=8022"}],"wp:term":[{"taxonomy":"product_brand","embeddable":true,"href":"https:\/\/darkyn.ma\/index.php\/wp-json\/wp\/v2\/product_brand?post=8022"},{"taxonomy":"product_cat","embeddable":true,"href":"https:\/\/darkyn.ma\/index.php\/wp-json\/wp\/v2\/product_cat?post=8022"},{"taxonomy":"product_tag","embeddable":true,"href":"https:\/\/darkyn.ma\/index.php\/wp-json\/wp\/v2\/product_tag?post=8022"}],"curies":[{"name":"wp","href":"https:\/\/api.w.org\/{rel}","templated":true}]}}