{"id":8021,"date":"2022-04-13T16:37:09","date_gmt":"2022-04-13T16:37:09","guid":{"rendered":"http:\/\/darkyn.dev-wbk.com\/index.php\/product\/poesie\/"},"modified":"2022-04-26T11:57:58","modified_gmt":"2022-04-26T11:57:58","slug":"poesie","status":"publish","type":"product","link":"https:\/\/darkyn.ma\/index.php\/product\/poesie\/","title":{"rendered":"Po\u00e9sie"},"content":{"rendered":"[vc_row type=\u00a0\u00bbin_container\u00a0\u00bb full_screen_row_position=\u00a0\u00bbmiddle\u00a0\u00bb column_margin=\u00a0\u00bbdefault\u00a0\u00bb column_direction=\u00a0\u00bbdefault\u00a0\u00bb column_direction_tablet=\u00a0\u00bbdefault\u00a0\u00bb column_direction_phone=\u00a0\u00bbdefault\u00a0\u00bb scene_position=\u00a0\u00bbcenter\u00a0\u00bb text_color=\u00a0\u00bbdark\u00a0\u00bb text_align=\u00a0\u00bbleft\u00a0\u00bb row_border_radius=\u00a0\u00bbnone\u00a0\u00bb row_border_radius_applies=\u00a0\u00bbbg\u00a0\u00bb overflow=\u00a0\u00bbvisible\u00a0\u00bb overlay_strength=\u00a0\u00bb0.3&Prime; gradient_direction=\u00a0\u00bbleft_to_right\u00a0\u00bb shape_divider_position=\u00a0\u00bbbottom\u00a0\u00bb bg_image_animation=\u00a0\u00bbnone\u00a0\u00bb][vc_column column_padding=\u00a0\u00bbno-extra-padding\u00a0\u00bb column_padding_tablet=\u00a0\u00bbinherit\u00a0\u00bb column_padding_phone=\u00a0\u00bbinherit\u00a0\u00bb column_padding_position=\u00a0\u00bball\u00a0\u00bb column_element_spacing=\u00a0\u00bbdefault\u00a0\u00bb background_color_opacity=\u00a0\u00bb1&Prime; background_hover_color_opacity=\u00a0\u00bb1&Prime; column_shadow=\u00a0\u00bbnone\u00a0\u00bb column_border_radius=\u00a0\u00bbnone\u00a0\u00bb column_link_target=\u00a0\u00bb_self\u00a0\u00bb column_position=\u00a0\u00bbdefault\u00a0\u00bb gradient_direction=\u00a0\u00bbleft_to_right\u00a0\u00bb overlay_strength=\u00a0\u00bb0.3&Prime; width=\u00a0\u00bb1\/1&Prime; tablet_width_inherit=\u00a0\u00bbdefault\u00a0\u00bb tablet_text_alignment=\u00a0\u00bbdefault\u00a0\u00bb phone_text_alignment=\u00a0\u00bbdefault\u00a0\u00bb animation_type=\u00a0\u00bbdefault\u00a0\u00bb bg_image_animation=\u00a0\u00bbnone\u00a0\u00bb border_type=\u00a0\u00bbsimple\u00a0\u00bb column_border_width=\u00a0\u00bbnone\u00a0\u00bb column_border_style=\u00a0\u00bbsolid\u00a0\u00bb][vc_column_text]\n<h2 style=\"text-align: center;\">Couleurs<\/h2>\n[\/vc_column_text][vc_gallery type=\u00a0\u00bbimage_grid\u00a0\u00bb images=\u00a0\u00bb8896,8897,8898,8899&Prime; image_grid_loading=\u00a0\u00bbdefault\u00a0\u00bb layout=\u00a0\u00bb4&Prime; item_spacing=\u00a0\u00bbdefault\u00a0\u00bb gallery_style=\u00a0\u00bb7&Prime; load_in_animation=\u00a0\u00bbnone\u00a0\u00bb img_size=\u00a0\u00bbfull\u00a0\u00bb][\/vc_column][\/vc_row]\n","protected":false},"excerpt":{"rendered":"<p><strong>Quand un \u00e9l\u00e9gant drap\u00e9 semble ondoyer \u00e0 m\u00eame le sol.<\/strong><\/p>\n<p>Est-ce un drap\u00e9 qui ondule ? Ou un effet de marbrures ? Des nuances de bois ou de mat\u00e9riaux pr\u00e9cieux ? L\u2019illusion est entretenue par le jeu subtil de nuances en ton sur ton qui taquinent la lumi\u00e8re. Telle est la \u00ab\u00a0Po\u00e9sie\u00a0\u00bb de ce motif chic et onirique, dont le faux uni ne livre pas ses secrets.<\/p>\n<p>Ce po\u00e8me textile a plusieurs lectures, selon la couleur qu\u2019on lui donne. On en compte 4 distinctes, de la d\u00e9licate \u00ab\u00a0Nacre\u00a0\u00bb \u00e0 l\u2019intense \u00ab\u00a0Caviar\u00a0\u00bb, sans compter toutes les couleurs disponibles en personnalisation, que vous pourrez associer selon vos go\u00fbts et vos d\u00e9sirs. Testez d\u00e8s maintenant vos harmonies gr\u00e2ce \u00e0 notre simulateur graphique\u00a0Design Studio\u00a0!<\/p>\n<p>Vous pourrez \u00e9galement imaginer des variations autour du motif Po\u00e9sie et cr\u00e9er ainsi votre propre <strong>moquette en velours \u00e9paisse sur-mesure<\/strong>.Comme toute\u00a0la\u00a0collection Vision of Elegance, Po\u00e9sie est destin\u00e9 aux h\u00f4tels de prestige et concentre donc les plus hautes qualit\u00e9s Darkyn : un confort sonore renforc\u00e9, une excellente persistance des couleurs \u00e0 la lumi\u00e8re comme \u00e0 l\u2019usure et\u00a0une grande facilit\u00e9 d\u2019entretien au quotidien.<\/p>\n[button color=\"accent-color\" hover_text_color_override=\"#fff\" size=\"medium\" url=\"https:\/\/darkyn.ma\/wp-content\/uploads\/2022\/04\/Fiche-technique-Po\u00e9sie.pdf\" text=\"Voir Fiche Technique\" color_override=\"\"]\n","protected":false},"featured_media":8900,"template":"","meta":[],"product_brand":[],"product_cat":[91,93,95],"product_tag":[],"class_list":{"0":"post-8021","1":"product","2":"type-product","3":"status-publish","4":"has-post-thumbnail","6":"product_cat-balsan","7":"product_cat-hotel","8":"product_cat-le","10":"first","11":"instock","12":"shipping-taxable","13":"product-type-simple"},"_links":{"self":[{"href":"https:\/\/darkyn.ma\/index.php\/wp-json\/wp\/v2\/product\/8021","targetHints":{"allow":["GET"]}}],"collection":[{"href":"https:\/\/darkyn.ma\/index.php\/wp-json\/wp\/v2\/product"}],"about":[{"href":"https:\/\/darkyn.ma\/index.php\/wp-json\/wp\/v2\/types\/product"}],"wp:featuredmedia":[{"embeddable":true,"href":"https:\/\/darkyn.ma\/index.php\/wp-json\/wp\/v2\/media\/8900"}],"wp:attachment":[{"href":"https:\/\/darkyn.ma\/index.php\/wp-json\/wp\/v2\/media?parent=8021"}],"wp:term":[{"taxonomy":"product_brand","embeddable":true,"href":"https:\/\/darkyn.ma\/index.php\/wp-json\/wp\/v2\/product_brand?post=8021"},{"taxonomy":"product_cat","embeddable":true,"href":"https:\/\/darkyn.ma\/index.php\/wp-json\/wp\/v2\/product_cat?post=8021"},{"taxonomy":"product_tag","embeddable":true,"href":"https:\/\/darkyn.ma\/index.php\/wp-json\/wp\/v2\/product_tag?post=8021"}],"curies":[{"name":"wp","href":"https:\/\/api.w.org\/{rel}","templated":true}]}}