{"id":8008,"date":"2022-04-13T16:37:05","date_gmt":"2022-04-13T16:37:05","guid":{"rendered":"http:\/\/darkyn.dev-wbk.com\/index.php\/product\/mythique\/"},"modified":"2022-04-26T11:57:56","modified_gmt":"2022-04-26T11:57:56","slug":"mythique","status":"publish","type":"product","link":"https:\/\/darkyn.ma\/index.php\/product\/mythique\/","title":{"rendered":"Mythique"},"content":{"rendered":"[vc_row type=\u00a0\u00bbin_container\u00a0\u00bb full_screen_row_position=\u00a0\u00bbmiddle\u00a0\u00bb column_margin=\u00a0\u00bbdefault\u00a0\u00bb column_direction=\u00a0\u00bbdefault\u00a0\u00bb column_direction_tablet=\u00a0\u00bbdefault\u00a0\u00bb column_direction_phone=\u00a0\u00bbdefault\u00a0\u00bb scene_position=\u00a0\u00bbcenter\u00a0\u00bb text_color=\u00a0\u00bbdark\u00a0\u00bb text_align=\u00a0\u00bbleft\u00a0\u00bb row_border_radius=\u00a0\u00bbnone\u00a0\u00bb row_border_radius_applies=\u00a0\u00bbbg\u00a0\u00bb overflow=\u00a0\u00bbvisible\u00a0\u00bb overlay_strength=\u00a0\u00bb0.3&Prime; gradient_direction=\u00a0\u00bbleft_to_right\u00a0\u00bb shape_divider_position=\u00a0\u00bbbottom\u00a0\u00bb bg_image_animation=\u00a0\u00bbnone\u00a0\u00bb][vc_column column_padding=\u00a0\u00bbno-extra-padding\u00a0\u00bb column_padding_tablet=\u00a0\u00bbinherit\u00a0\u00bb column_padding_phone=\u00a0\u00bbinherit\u00a0\u00bb column_padding_position=\u00a0\u00bball\u00a0\u00bb column_element_spacing=\u00a0\u00bbdefault\u00a0\u00bb background_color_opacity=\u00a0\u00bb1&Prime; background_hover_color_opacity=\u00a0\u00bb1&Prime; column_shadow=\u00a0\u00bbnone\u00a0\u00bb column_border_radius=\u00a0\u00bbnone\u00a0\u00bb column_link_target=\u00a0\u00bb_self\u00a0\u00bb column_position=\u00a0\u00bbdefault\u00a0\u00bb gradient_direction=\u00a0\u00bbleft_to_right\u00a0\u00bb overlay_strength=\u00a0\u00bb0.3&Prime; width=\u00a0\u00bb1\/1&Prime; tablet_width_inherit=\u00a0\u00bbdefault\u00a0\u00bb tablet_text_alignment=\u00a0\u00bbdefault\u00a0\u00bb phone_text_alignment=\u00a0\u00bbdefault\u00a0\u00bb animation_type=\u00a0\u00bbdefault\u00a0\u00bb bg_image_animation=\u00a0\u00bbnone\u00a0\u00bb border_type=\u00a0\u00bbsimple\u00a0\u00bb column_border_width=\u00a0\u00bbnone\u00a0\u00bb column_border_style=\u00a0\u00bbsolid\u00a0\u00bb][vc_column_text]\n<h2 style=\"text-align: center;\">Couleurs<\/h2>\n[\/vc_column_text][vc_gallery type=\u00a0\u00bbimage_grid\u00a0\u00bb images=\u00a0\u00bb9048,9049,9050,9051,9052,9053,9054&Prime; image_grid_loading=\u00a0\u00bbdefault\u00a0\u00bb layout=\u00a0\u00bb4&Prime; item_spacing=\u00a0\u00bbdefault\u00a0\u00bb gallery_style=\u00a0\u00bb7&Prime; load_in_animation=\u00a0\u00bbnone\u00a0\u00bb img_size=\u00a0\u00bbfull\u00a0\u00bb][\/vc_column][\/vc_row]\n","protected":false},"excerpt":{"rendered":"<p><strong>Moquette en l\u00e9 structur\u00e9e teint dans la masse pour harmoniser les sols int\u00e9rieurs de votre h\u00f4tel<\/strong><\/p>\n<p>\u00c9ph\u00e9m\u00e8re comme un mandala, organique comme un r\u00e9cif corallien, ludique comme un puzzle fantaisiste, artistique comme\u00a0<em>Hourloupe<\/em>\u00a0de Jean Dubuffet\u2026 Le motif de la moquette Mythique form\u00e9 d\u2019une seule ligne aux multiples courbures et contorsions s\u2019emparera harmonieusement de l\u2019espace d\u2019une\u00a0<strong>chambre d\u2019h\u00f4tel<\/strong>, offrant \u00e0 l\u2019imagination d\u2019innombrables d\u00e9tours ! Tous vos sens seront en \u00e9moi avec cette\u00a0<strong>collection de moquettes haut de gamme Grand Hotel<\/strong>\u00a0: plus de 1.2kg de velours sous les pieds, pour un confort acoustique et sensoriel remarquable. La composition de cette moquette velours \u00e9paisse est \u00e0 100% de fils polyamide teints masse, garantira un confort visuel durable.<\/p>\n[button color=\"accent-color\" hover_text_color_override=\"#fff\" size=\"medium\" url=\"https:\/\/darkyn.ma\/wp-content\/uploads\/2022\/04\/Fiche-technique-Mythique.pdf\" text=\"Voir Fiche Technique\" color_override=\"\"]\n","protected":false},"featured_media":9056,"template":"","meta":[],"product_brand":[],"product_cat":[91,93,95],"product_tag":[],"class_list":{"0":"post-8008","1":"product","2":"type-product","3":"status-publish","4":"has-post-thumbnail","6":"product_cat-balsan","7":"product_cat-hotel","8":"product_cat-le","10":"first","11":"instock","12":"shipping-taxable","13":"product-type-simple"},"_links":{"self":[{"href":"https:\/\/darkyn.ma\/index.php\/wp-json\/wp\/v2\/product\/8008","targetHints":{"allow":["GET"]}}],"collection":[{"href":"https:\/\/darkyn.ma\/index.php\/wp-json\/wp\/v2\/product"}],"about":[{"href":"https:\/\/darkyn.ma\/index.php\/wp-json\/wp\/v2\/types\/product"}],"wp:featuredmedia":[{"embeddable":true,"href":"https:\/\/darkyn.ma\/index.php\/wp-json\/wp\/v2\/media\/9056"}],"wp:attachment":[{"href":"https:\/\/darkyn.ma\/index.php\/wp-json\/wp\/v2\/media?parent=8008"}],"wp:term":[{"taxonomy":"product_brand","embeddable":true,"href":"https:\/\/darkyn.ma\/index.php\/wp-json\/wp\/v2\/product_brand?post=8008"},{"taxonomy":"product_cat","embeddable":true,"href":"https:\/\/darkyn.ma\/index.php\/wp-json\/wp\/v2\/product_cat?post=8008"},{"taxonomy":"product_tag","embeddable":true,"href":"https:\/\/darkyn.ma\/index.php\/wp-json\/wp\/v2\/product_tag?post=8008"}],"curies":[{"name":"wp","href":"https:\/\/api.w.org\/{rel}","templated":true}]}}