{"id":7969,"date":"2022-04-13T16:36:55","date_gmt":"2022-04-13T16:36:55","guid":{"rendered":"http:\/\/darkyn.dev-wbk.com\/index.php\/product\/gypse\/"},"modified":"2022-04-26T11:57:53","modified_gmt":"2022-04-26T11:57:53","slug":"gypse","status":"publish","type":"product","link":"https:\/\/darkyn.ma\/index.php\/product\/gypse\/","title":{"rendered":"Gypse"},"content":{"rendered":"[vc_row type=\u00a0\u00bbin_container\u00a0\u00bb full_screen_row_position=\u00a0\u00bbmiddle\u00a0\u00bb column_margin=\u00a0\u00bbdefault\u00a0\u00bb column_direction=\u00a0\u00bbdefault\u00a0\u00bb column_direction_tablet=\u00a0\u00bbdefault\u00a0\u00bb column_direction_phone=\u00a0\u00bbdefault\u00a0\u00bb scene_position=\u00a0\u00bbcenter\u00a0\u00bb text_color=\u00a0\u00bbdark\u00a0\u00bb text_align=\u00a0\u00bbleft\u00a0\u00bb row_border_radius=\u00a0\u00bbnone\u00a0\u00bb row_border_radius_applies=\u00a0\u00bbbg\u00a0\u00bb overflow=\u00a0\u00bbvisible\u00a0\u00bb overlay_strength=\u00a0\u00bb0.3&Prime; gradient_direction=\u00a0\u00bbleft_to_right\u00a0\u00bb shape_divider_position=\u00a0\u00bbbottom\u00a0\u00bb bg_image_animation=\u00a0\u00bbnone\u00a0\u00bb][vc_column column_padding=\u00a0\u00bbno-extra-padding\u00a0\u00bb column_padding_tablet=\u00a0\u00bbinherit\u00a0\u00bb column_padding_phone=\u00a0\u00bbinherit\u00a0\u00bb column_padding_position=\u00a0\u00bball\u00a0\u00bb column_element_spacing=\u00a0\u00bbdefault\u00a0\u00bb background_color_opacity=\u00a0\u00bb1&Prime; background_hover_color_opacity=\u00a0\u00bb1&Prime; column_shadow=\u00a0\u00bbnone\u00a0\u00bb column_border_radius=\u00a0\u00bbnone\u00a0\u00bb column_link_target=\u00a0\u00bb_self\u00a0\u00bb column_position=\u00a0\u00bbdefault\u00a0\u00bb gradient_direction=\u00a0\u00bbleft_to_right\u00a0\u00bb overlay_strength=\u00a0\u00bb0.3&Prime; width=\u00a0\u00bb1\/1&Prime; tablet_width_inherit=\u00a0\u00bbdefault\u00a0\u00bb tablet_text_alignment=\u00a0\u00bbdefault\u00a0\u00bb phone_text_alignment=\u00a0\u00bbdefault\u00a0\u00bb animation_type=\u00a0\u00bbdefault\u00a0\u00bb bg_image_animation=\u00a0\u00bbnone\u00a0\u00bb border_type=\u00a0\u00bbsimple\u00a0\u00bb column_border_width=\u00a0\u00bbnone\u00a0\u00bb column_border_style=\u00a0\u00bbsolid\u00a0\u00bb][vc_column_text]\n<h2 style=\"text-align: center;\">Couleurs<\/h2>\n[\/vc_column_text][vc_gallery type=\u00a0\u00bbimage_grid\u00a0\u00bb images=\u00a0\u00bb9622&Prime; image_grid_loading=\u00a0\u00bbdefault\u00a0\u00bb layout=\u00a0\u00bb4&Prime; item_spacing=\u00a0\u00bbdefault\u00a0\u00bb gallery_style=\u00a0\u00bb7&Prime; load_in_animation=\u00a0\u00bbnone\u00a0\u00bb img_size=\u00a0\u00bbfull\u00a0\u00bb][\/vc_column][\/vc_row]\n","protected":false},"excerpt":{"rendered":"<p><strong>D\u2019infinies nuances de gris<\/strong><\/p>\n<p>Roche cristalline constitu\u00e9e de sels min\u00e9raux, le gypse a pour particularit\u00e9 de se former par \u00e9vaporation et s\u00e9dimentation. Le travail de la nature cr\u00e9e ainsi une pierre blanche et translucide, dans laquelle apparaissent en transparence les \u00e9l\u00e9ments \u00e9trangers qui y ont \u00e9t\u00e9 emprisonn\u00e9s au fil des mill\u00e9naires.<\/p>\n<p>Les\u00a0<strong>dalles textiles\u00a0<em>Gypse<\/em><\/strong>\u00a0parviennent \u00e0 reproduire ce lumineux effet cristallin, travers\u00e9 de veines sporadiques aux infinies nuances de gris. Sans aucun esprit de g\u00e9om\u00e9trie, l\u2019harmonie est le fruit du hasard. \u00c0 la\u00a0 sensation de stabilit\u00e9 du min\u00e9ral s\u2019ajoute l\u2019\u00e9l\u00e9gance instinctive d\u2019une nature artiste.\u00a0 Mais surtout, de cette ambiance vaporeuse aux tonalit\u00e9s grises et aux motifs multidirectionnels se d\u00e9gage une agr\u00e9able impression de l\u00e9g\u00e8ret\u00e9, de libert\u00e9 et de s\u00e9r\u00e9nit\u00e9.<\/p>\n<p>Dot\u00e9es d\u2019un tuft confortable de 850 g\/m2, les\u00a0dalles de moquette\u00a0Gypse\u00a0de 50 x 50 cm peuvent \u00eatre install\u00e9es en al\u00e9atoire total. Elles se marient id\u00e9alement aux autres\u00a0moquettes \u00e0 motifs de la\u00a0collection\u00a0Wild Nature,\u00a0pour cr\u00e9er par exemple un chemin min\u00e9ral dans un univers v\u00e9g\u00e9tal\u00a0(Mangrove,\u00a0Eden HD). Vous pourrez \u00e9galement l\u2019associer \u00e0 des textiles unis (Pilote\u00b2,\u00a0Nexus\u2026) ou des rev\u00eatements de sol LVT\u00a0(Symbiance).<\/p>\n<p>Le motif Gypse est disponible sur\u00a0<strong>envers acoustique Sonic Confort<\/strong>\u00a0sur fabrication sp\u00e9ciale.<\/p>\n[button color=\"accent-color\" hover_text_color_override=\"#fff\" size=\"medium\" url=\"https:\/\/darkyn.ma\/wp-content\/uploads\/2022\/04\/Fiche-technique-Gypse.pdf\" text=\"Voir Fiche Technique\" color_override=\"\"]\n","protected":false},"featured_media":9620,"template":"","meta":[],"product_brand":[],"product_cat":[91,96,99],"product_tag":[],"class_list":{"0":"post-7969","1":"product","2":"type-product","3":"status-publish","4":"has-post-thumbnail","6":"product_cat-balsan","7":"product_cat-bureau","8":"product_cat-dalle","10":"first","11":"instock","12":"shipping-taxable","13":"product-type-simple"},"_links":{"self":[{"href":"https:\/\/darkyn.ma\/index.php\/wp-json\/wp\/v2\/product\/7969","targetHints":{"allow":["GET"]}}],"collection":[{"href":"https:\/\/darkyn.ma\/index.php\/wp-json\/wp\/v2\/product"}],"about":[{"href":"https:\/\/darkyn.ma\/index.php\/wp-json\/wp\/v2\/types\/product"}],"wp:featuredmedia":[{"embeddable":true,"href":"https:\/\/darkyn.ma\/index.php\/wp-json\/wp\/v2\/media\/9620"}],"wp:attachment":[{"href":"https:\/\/darkyn.ma\/index.php\/wp-json\/wp\/v2\/media?parent=7969"}],"wp:term":[{"taxonomy":"product_brand","embeddable":true,"href":"https:\/\/darkyn.ma\/index.php\/wp-json\/wp\/v2\/product_brand?post=7969"},{"taxonomy":"product_cat","embeddable":true,"href":"https:\/\/darkyn.ma\/index.php\/wp-json\/wp\/v2\/product_cat?post=7969"},{"taxonomy":"product_tag","embeddable":true,"href":"https:\/\/darkyn.ma\/index.php\/wp-json\/wp\/v2\/product_tag?post=7969"}],"curies":[{"name":"wp","href":"https:\/\/api.w.org\/{rel}","templated":true}]}}