{"id":7953,"date":"2022-04-13T16:36:50","date_gmt":"2022-04-13T16:36:50","guid":{"rendered":"http:\/\/darkyn.dev-wbk.com\/index.php\/product\/elite\/"},"modified":"2022-04-26T11:57:52","modified_gmt":"2022-04-26T11:57:52","slug":"elite","status":"publish","type":"product","link":"https:\/\/darkyn.ma\/index.php\/product\/elite\/","title":{"rendered":"Elite"},"content":{"rendered":"[vc_row type=\u00a0\u00bbin_container\u00a0\u00bb full_screen_row_position=\u00a0\u00bbmiddle\u00a0\u00bb column_margin=\u00a0\u00bbdefault\u00a0\u00bb column_direction=\u00a0\u00bbdefault\u00a0\u00bb column_direction_tablet=\u00a0\u00bbdefault\u00a0\u00bb column_direction_phone=\u00a0\u00bbdefault\u00a0\u00bb scene_position=\u00a0\u00bbcenter\u00a0\u00bb text_color=\u00a0\u00bbdark\u00a0\u00bb text_align=\u00a0\u00bbleft\u00a0\u00bb row_border_radius=\u00a0\u00bbnone\u00a0\u00bb row_border_radius_applies=\u00a0\u00bbbg\u00a0\u00bb overflow=\u00a0\u00bbvisible\u00a0\u00bb overlay_strength=\u00a0\u00bb0.3&Prime; gradient_direction=\u00a0\u00bbleft_to_right\u00a0\u00bb shape_divider_position=\u00a0\u00bbbottom\u00a0\u00bb bg_image_animation=\u00a0\u00bbnone\u00a0\u00bb][vc_column column_padding=\u00a0\u00bbno-extra-padding\u00a0\u00bb column_padding_tablet=\u00a0\u00bbinherit\u00a0\u00bb column_padding_phone=\u00a0\u00bbinherit\u00a0\u00bb column_padding_position=\u00a0\u00bball\u00a0\u00bb column_element_spacing=\u00a0\u00bbdefault\u00a0\u00bb background_color_opacity=\u00a0\u00bb1&Prime; background_hover_color_opacity=\u00a0\u00bb1&Prime; column_shadow=\u00a0\u00bbnone\u00a0\u00bb column_border_radius=\u00a0\u00bbnone\u00a0\u00bb column_link_target=\u00a0\u00bb_self\u00a0\u00bb column_position=\u00a0\u00bbdefault\u00a0\u00bb gradient_direction=\u00a0\u00bbleft_to_right\u00a0\u00bb overlay_strength=\u00a0\u00bb0.3&Prime; width=\u00a0\u00bb1\/1&Prime; tablet_width_inherit=\u00a0\u00bbdefault\u00a0\u00bb tablet_text_alignment=\u00a0\u00bbdefault\u00a0\u00bb phone_text_alignment=\u00a0\u00bbdefault\u00a0\u00bb animation_type=\u00a0\u00bbdefault\u00a0\u00bb bg_image_animation=\u00a0\u00bbnone\u00a0\u00bb border_type=\u00a0\u00bbsimple\u00a0\u00bb column_border_width=\u00a0\u00bbnone\u00a0\u00bb column_border_style=\u00a0\u00bbsolid\u00a0\u00bb][vc_column_text]\n<h2 style=\"text-align: center;\">Couleurs<\/h2>\n[\/vc_column_text][vc_gallery type=\u00a0\u00bbimage_grid\u00a0\u00bb images=\u00a0\u00bb9783,9784,9786,9787,9788,9789,9790&Prime; image_grid_loading=\u00a0\u00bbdefault\u00a0\u00bb layout=\u00a0\u00bb4&Prime; item_spacing=\u00a0\u00bbdefault\u00a0\u00bb gallery_style=\u00a0\u00bb7&Prime; load_in_animation=\u00a0\u00bbnone\u00a0\u00bb img_size=\u00a0\u00bbfull\u00a0\u00bb][\/vc_column][\/vc_row]\n","protected":false},"excerpt":{"rendered":"<p><strong>Moquette contemporaine en l\u00e9 structur\u00e9e teint dans la masse id\u00e9ale pour la d\u00e9coration de votre h\u00f4tel<\/strong><\/p>\n<p><em>Less is more<\/em>. Quand le comble de la simplicit\u00e9 devient le comble de l\u2019\u00e9l\u00e9gance. Un simple petit motif calicot est dispers\u00e9 sur l\u2019ensemble de la surface de cette\u00a0<strong>moquette contemporaine<\/strong>\u00a0en polyamide teint masse, comme des grains de riz de forme irr\u00e9guli\u00e8re. \u00c0 peine perceptible, cette nuance cr\u00e9e la petite irr\u00e9gularit\u00e9 qui fait toute la diff\u00e9rence avec une moquette en l\u00e9 uniforme. Parfait pour l\u2019ambiance feutr\u00e9e d\u2019un salon cosy ou d\u2019une salle de r\u00e9union, cette\u00a0<strong>moquette haut de gamme Elite<\/strong>\u00a0est \u00e0 d\u00e9cliner dans les 7 teintes naturelles de la gamme, contribuera \u00e0 d\u00e9finir l\u2019identit\u00e9 des diff\u00e9rents espaces de votre h\u00f4tel.<\/p>\n[button color=\"accent-color\" hover_text_color_override=\"#fff\" size=\"medium\" url=\"https:\/\/darkyn.ma\/wp-content\/uploads\/2022\/04\/Fiche-technique-Elite.pdf\" text=\"Voir Fiche Technique\" color_override=\"\"]\n","protected":false},"featured_media":9792,"template":"","meta":[],"product_brand":[],"product_cat":[91,93,95],"product_tag":[],"class_list":{"0":"post-7953","1":"product","2":"type-product","3":"status-publish","4":"has-post-thumbnail","6":"product_cat-balsan","7":"product_cat-hotel","8":"product_cat-le","10":"first","11":"instock","12":"shipping-taxable","13":"product-type-simple"},"_links":{"self":[{"href":"https:\/\/darkyn.ma\/index.php\/wp-json\/wp\/v2\/product\/7953","targetHints":{"allow":["GET"]}}],"collection":[{"href":"https:\/\/darkyn.ma\/index.php\/wp-json\/wp\/v2\/product"}],"about":[{"href":"https:\/\/darkyn.ma\/index.php\/wp-json\/wp\/v2\/types\/product"}],"wp:featuredmedia":[{"embeddable":true,"href":"https:\/\/darkyn.ma\/index.php\/wp-json\/wp\/v2\/media\/9792"}],"wp:attachment":[{"href":"https:\/\/darkyn.ma\/index.php\/wp-json\/wp\/v2\/media?parent=7953"}],"wp:term":[{"taxonomy":"product_brand","embeddable":true,"href":"https:\/\/darkyn.ma\/index.php\/wp-json\/wp\/v2\/product_brand?post=7953"},{"taxonomy":"product_cat","embeddable":true,"href":"https:\/\/darkyn.ma\/index.php\/wp-json\/wp\/v2\/product_cat?post=7953"},{"taxonomy":"product_tag","embeddable":true,"href":"https:\/\/darkyn.ma\/index.php\/wp-json\/wp\/v2\/product_tag?post=7953"}],"curies":[{"name":"wp","href":"https:\/\/api.w.org\/{rel}","templated":true}]}}