{"id":7944,"date":"2022-04-13T16:36:48","date_gmt":"2022-04-13T16:36:48","guid":{"rendered":"http:\/\/darkyn.dev-wbk.com\/index.php\/product\/dandy\/"},"modified":"2022-04-26T11:57:50","modified_gmt":"2022-04-26T11:57:50","slug":"dandy","status":"publish","type":"product","link":"https:\/\/darkyn.ma\/index.php\/product\/dandy\/","title":{"rendered":"Dandy"},"content":{"rendered":"[vc_row type=\u00a0\u00bbin_container\u00a0\u00bb full_screen_row_position=\u00a0\u00bbmiddle\u00a0\u00bb column_margin=\u00a0\u00bbdefault\u00a0\u00bb column_direction=\u00a0\u00bbdefault\u00a0\u00bb column_direction_tablet=\u00a0\u00bbdefault\u00a0\u00bb column_direction_phone=\u00a0\u00bbdefault\u00a0\u00bb scene_position=\u00a0\u00bbcenter\u00a0\u00bb text_color=\u00a0\u00bbdark\u00a0\u00bb text_align=\u00a0\u00bbleft\u00a0\u00bb row_border_radius=\u00a0\u00bbnone\u00a0\u00bb row_border_radius_applies=\u00a0\u00bbbg\u00a0\u00bb overflow=\u00a0\u00bbvisible\u00a0\u00bb overlay_strength=\u00a0\u00bb0.3&Prime; gradient_direction=\u00a0\u00bbleft_to_right\u00a0\u00bb shape_divider_position=\u00a0\u00bbbottom\u00a0\u00bb bg_image_animation=\u00a0\u00bbnone\u00a0\u00bb][vc_column column_padding=\u00a0\u00bbno-extra-padding\u00a0\u00bb column_padding_tablet=\u00a0\u00bbinherit\u00a0\u00bb column_padding_phone=\u00a0\u00bbinherit\u00a0\u00bb column_padding_position=\u00a0\u00bball\u00a0\u00bb column_element_spacing=\u00a0\u00bbdefault\u00a0\u00bb background_color_opacity=\u00a0\u00bb1&Prime; background_hover_color_opacity=\u00a0\u00bb1&Prime; column_shadow=\u00a0\u00bbnone\u00a0\u00bb column_border_radius=\u00a0\u00bbnone\u00a0\u00bb column_link_target=\u00a0\u00bb_self\u00a0\u00bb column_position=\u00a0\u00bbdefault\u00a0\u00bb gradient_direction=\u00a0\u00bbleft_to_right\u00a0\u00bb overlay_strength=\u00a0\u00bb0.3&Prime; width=\u00a0\u00bb1\/1&Prime; tablet_width_inherit=\u00a0\u00bbdefault\u00a0\u00bb tablet_text_alignment=\u00a0\u00bbdefault\u00a0\u00bb phone_text_alignment=\u00a0\u00bbdefault\u00a0\u00bb animation_type=\u00a0\u00bbdefault\u00a0\u00bb bg_image_animation=\u00a0\u00bbnone\u00a0\u00bb border_type=\u00a0\u00bbsimple\u00a0\u00bb column_border_width=\u00a0\u00bbnone\u00a0\u00bb column_border_style=\u00a0\u00bbsolid\u00a0\u00bb][vc_column_text]\n<h2 style=\"text-align: center;\">Couleurs<\/h2>\n[\/vc_column_text][vc_gallery type=\u00a0\u00bbimage_grid\u00a0\u00bb images=\u00a0\u00bb9888,9889,9890,9891&Prime; image_grid_loading=\u00a0\u00bbdefault\u00a0\u00bb layout=\u00a0\u00bb4&Prime; item_spacing=\u00a0\u00bbdefault\u00a0\u00bb gallery_style=\u00a0\u00bb7&Prime; load_in_animation=\u00a0\u00bbnone\u00a0\u00bb img_size=\u00a0\u00bbfull\u00a0\u00bb][\/vc_column][\/vc_row]\n","protected":false},"excerpt":{"rendered":"<p><strong>La distinction toujours recommenc\u00e9e d\u2019un motif absolument \u00e9ternel.<\/strong><\/p>\n<p>Au XXI<sup>e<\/sup>\u00a0si\u00e8cle, on n\u2019invente pas le chevron, motif d\u00e9j\u00e0 pr\u00e9sent dans l\u2019ancienne civilisation \u00e9gyptienne, mais on peut le r\u00e9inventer. \u00c0 la suite des architectes de la Renaissance italienne ou du Grand Si\u00e8cle, des cr\u00e9ateurs du \u00ab\u00a0b\u00e2ton rompu\u00a0\u00bb, de la pointe de Hongrie et de l\u2019\u00e9l\u00e9gant tissu \u00e0 chevrons, les stylistes de Balsan vous proposent le motif \u00ab\u00a0Dandy\u00a0\u00bb. Reprenant l\u2019esprit de ce motif mill\u00e9naire, ils l\u2019ont rehauss\u00e9 de pointes color\u00e9es qui en dynamisent le style. \u00c9l\u00e9gance, sobri\u00e9t\u00e9, et confort sont les ma\u00eetres mots de ce grand classique revisit\u00e9 avec tact.<\/p>\n<p>Selon l\u2019univers chromatique que vous choisirez, cette moquette en velours \u00e0 motif chevron donnera un caract\u00e8re et une luminosit\u00e9 diff\u00e9rentes aux espaces de votre h\u00f4tel. De la simplicit\u00e9 naturelle du bois, des r\u00e9f\u00e9rences \u00ab\u00a0Jasmin\u00a0\u00bb et \u00ab\u00a0Havane\u00a0\u00bb \u00e0 la d\u00e9claration \u00e0 peine voil\u00e9e du rouge \u00ab\u00a0Amour\u00a0\u00bb, la ligne de moquette en velours \u00e9paisse Dandy se d\u00e9cline en 4 tonalit\u00e9s tr\u00e8s distinctes. Si vous le souhaitez, la personnalisation de cette moquette en l\u00e9 vous permet \u00e9galement de composer vos propres harmonies de couleurs et d\u2019imaginer des variations autour du motif Dandy. Testez d\u00e8s maintenant votre cr\u00e9ativit\u00e9 sur notre simulateur\u00a0Design Studio\u00a0et cr\u00e9ez votre propre signature d\u00e9co !<\/p>\n<p>Comme l\u2019ensemble de la\u00a0collection Vision of Elegance, Dandy vous offre la qualit\u00e9 d\u2019excellence Darkyn destin\u00e9e aux h\u00f4tels de prestige : une insonorisation renforc\u00e9e, des couleurs persistantes teint\u00e9es dans la masse et une\u00a0grande facilit\u00e9 d\u2019entretien au quotidien.<\/p>\n[button color=\"accent-color\" hover_text_color_override=\"#fff\" size=\"medium\" url=\"https:\/\/darkyn.ma\/wp-content\/uploads\/2022\/04\/Fiche-technique-Dandy.pdf\" text=\"Voir Fiche Technique\" color_override=\"\"]\n","protected":false},"featured_media":9894,"template":"","meta":[],"product_brand":[],"product_cat":[91,93,95],"product_tag":[],"class_list":{"0":"post-7944","1":"product","2":"type-product","3":"status-publish","4":"has-post-thumbnail","6":"product_cat-balsan","7":"product_cat-hotel","8":"product_cat-le","10":"first","11":"instock","12":"shipping-taxable","13":"product-type-simple"},"_links":{"self":[{"href":"https:\/\/darkyn.ma\/index.php\/wp-json\/wp\/v2\/product\/7944","targetHints":{"allow":["GET"]}}],"collection":[{"href":"https:\/\/darkyn.ma\/index.php\/wp-json\/wp\/v2\/product"}],"about":[{"href":"https:\/\/darkyn.ma\/index.php\/wp-json\/wp\/v2\/types\/product"}],"wp:featuredmedia":[{"embeddable":true,"href":"https:\/\/darkyn.ma\/index.php\/wp-json\/wp\/v2\/media\/9894"}],"wp:attachment":[{"href":"https:\/\/darkyn.ma\/index.php\/wp-json\/wp\/v2\/media?parent=7944"}],"wp:term":[{"taxonomy":"product_brand","embeddable":true,"href":"https:\/\/darkyn.ma\/index.php\/wp-json\/wp\/v2\/product_brand?post=7944"},{"taxonomy":"product_cat","embeddable":true,"href":"https:\/\/darkyn.ma\/index.php\/wp-json\/wp\/v2\/product_cat?post=7944"},{"taxonomy":"product_tag","embeddable":true,"href":"https:\/\/darkyn.ma\/index.php\/wp-json\/wp\/v2\/product_tag?post=7944"}],"curies":[{"name":"wp","href":"https:\/\/api.w.org\/{rel}","templated":true}]}}