{"id":7920,"date":"2022-04-13T16:36:41","date_gmt":"2022-04-13T16:36:41","guid":{"rendered":"http:\/\/darkyn.dev-wbk.com\/index.php\/product\/bridge\/"},"modified":"2022-04-26T11:57:48","modified_gmt":"2022-04-26T11:57:48","slug":"bridge","status":"publish","type":"product","link":"https:\/\/darkyn.ma\/index.php\/product\/bridge\/","title":{"rendered":"Bridge"},"content":{"rendered":"[vc_row type=\u00a0\u00bbin_container\u00a0\u00bb full_screen_row_position=\u00a0\u00bbmiddle\u00a0\u00bb column_margin=\u00a0\u00bbdefault\u00a0\u00bb column_direction=\u00a0\u00bbdefault\u00a0\u00bb column_direction_tablet=\u00a0\u00bbdefault\u00a0\u00bb column_direction_phone=\u00a0\u00bbdefault\u00a0\u00bb scene_position=\u00a0\u00bbcenter\u00a0\u00bb text_color=\u00a0\u00bbdark\u00a0\u00bb text_align=\u00a0\u00bbleft\u00a0\u00bb row_border_radius=\u00a0\u00bbnone\u00a0\u00bb row_border_radius_applies=\u00a0\u00bbbg\u00a0\u00bb overflow=\u00a0\u00bbvisible\u00a0\u00bb overlay_strength=\u00a0\u00bb0.3&Prime; gradient_direction=\u00a0\u00bbleft_to_right\u00a0\u00bb shape_divider_position=\u00a0\u00bbbottom\u00a0\u00bb bg_image_animation=\u00a0\u00bbnone\u00a0\u00bb][vc_column column_padding=\u00a0\u00bbno-extra-padding\u00a0\u00bb column_padding_tablet=\u00a0\u00bbinherit\u00a0\u00bb column_padding_phone=\u00a0\u00bbinherit\u00a0\u00bb column_padding_position=\u00a0\u00bball\u00a0\u00bb column_element_spacing=\u00a0\u00bbdefault\u00a0\u00bb background_color_opacity=\u00a0\u00bb1&Prime; background_hover_color_opacity=\u00a0\u00bb1&Prime; column_shadow=\u00a0\u00bbnone\u00a0\u00bb column_border_radius=\u00a0\u00bbnone\u00a0\u00bb column_link_target=\u00a0\u00bb_self\u00a0\u00bb column_position=\u00a0\u00bbdefault\u00a0\u00bb gradient_direction=\u00a0\u00bbleft_to_right\u00a0\u00bb overlay_strength=\u00a0\u00bb0.3&Prime; width=\u00a0\u00bb1\/1&Prime; tablet_width_inherit=\u00a0\u00bbdefault\u00a0\u00bb tablet_text_alignment=\u00a0\u00bbdefault\u00a0\u00bb phone_text_alignment=\u00a0\u00bbdefault\u00a0\u00bb animation_type=\u00a0\u00bbdefault\u00a0\u00bb bg_image_animation=\u00a0\u00bbnone\u00a0\u00bb border_type=\u00a0\u00bbsimple\u00a0\u00bb column_border_width=\u00a0\u00bbnone\u00a0\u00bb column_border_style=\u00a0\u00bbsolid\u00a0\u00bb][vc_column_text]\n<h2 style=\"text-align: center;\">Couleurs<\/h2>\n[\/vc_column_text][vc_gallery type=\u00a0\u00bbimage_grid\u00a0\u00bb images=\u00a0\u00bb10164,10165,10166,10167,10168,10169&Prime; image_grid_loading=\u00a0\u00bbdefault\u00a0\u00bb layout=\u00a0\u00bb4&Prime; item_spacing=\u00a0\u00bbdefault\u00a0\u00bb gallery_style=\u00a0\u00bb7&Prime; load_in_animation=\u00a0\u00bbnone\u00a0\u00bb img_size=\u00a0\u00bbfull\u00a0\u00bb][\/vc_column][\/vc_row]\n","protected":false},"excerpt":{"rendered":"<p><strong>Moquette en l\u00e9 ray\u00e9e, id\u00e9ale pour la d\u00e9coration de votre h\u00f4tel<\/strong><\/p>\n<p>Les lignes bris\u00e9es de la\u00a0<strong>moquette ray\u00e9e Bridge<\/strong>, alternant le clair et l\u2019obscur, rappellent la lumi\u00e8re filtr\u00e9e par des stores v\u00e9nitiens \u00e0 moiti\u00e9 ferm\u00e9s, par un apr\u00e8s-midi d\u2019\u00e9t\u00e9. L\u2019ombre port\u00e9e impose le calme, presque le silence apaisant qui accompagne la torpeur estivale. Le rythme r\u00e9gulier du\u00a0<strong>sol textile<\/strong>\u00a0donne au sol une allure rassurante, tandis que le d\u00e9calage des lignes renouvelle la rayure classique.<\/p>\n<p>Sobri\u00e9t\u00e9 oblige, la gamme de 6 \u00ab\u00a0basiques\u00a0\u00bb joue essentiellement sur des variantes de gris, avec une exception : le rouge.<\/p>\n<p>Gr\u00e2ce \u00e0 sa composition r\u00e9sistante, cette moquette en l\u00e9 dispose du classement U3SP3E1C0, gage d\u2019une\u00a0<strong>r\u00e9sistance \u00e0 l\u2019usage intensif<\/strong><strong>.<\/strong>\u00a0<strong>La moquette \u00e0 motif Bridge\u00a0<\/strong>peut \u00eatre pos\u00e9 en toute s\u00e9r\u00e9nit\u00e9 sur les grandes comme les petites surfaces.<\/p>\n[button color=\"accent-color\" hover_text_color_override=\"#fff\" size=\"medium\" url=\"https:\/\/darkyn.ma\/wp-content\/uploads\/2022\/04\/Fiche-technique-Bridge.pdf\" text=\"Voir Fiche Technique\" color_override=\"\"]\n","protected":false},"featured_media":10746,"template":"","meta":[],"product_brand":[],"product_cat":[91,93,95],"product_tag":[],"class_list":{"0":"post-7920","1":"product","2":"type-product","3":"status-publish","4":"has-post-thumbnail","6":"product_cat-balsan","7":"product_cat-hotel","8":"product_cat-le","10":"first","11":"instock","12":"shipping-taxable","13":"product-type-simple"},"_links":{"self":[{"href":"https:\/\/darkyn.ma\/index.php\/wp-json\/wp\/v2\/product\/7920","targetHints":{"allow":["GET"]}}],"collection":[{"href":"https:\/\/darkyn.ma\/index.php\/wp-json\/wp\/v2\/product"}],"about":[{"href":"https:\/\/darkyn.ma\/index.php\/wp-json\/wp\/v2\/types\/product"}],"wp:featuredmedia":[{"embeddable":true,"href":"https:\/\/darkyn.ma\/index.php\/wp-json\/wp\/v2\/media\/10746"}],"wp:attachment":[{"href":"https:\/\/darkyn.ma\/index.php\/wp-json\/wp\/v2\/media?parent=7920"}],"wp:term":[{"taxonomy":"product_brand","embeddable":true,"href":"https:\/\/darkyn.ma\/index.php\/wp-json\/wp\/v2\/product_brand?post=7920"},{"taxonomy":"product_cat","embeddable":true,"href":"https:\/\/darkyn.ma\/index.php\/wp-json\/wp\/v2\/product_cat?post=7920"},{"taxonomy":"product_tag","embeddable":true,"href":"https:\/\/darkyn.ma\/index.php\/wp-json\/wp\/v2\/product_tag?post=7920"}],"curies":[{"name":"wp","href":"https:\/\/api.w.org\/{rel}","templated":true}]}}