{"id":7918,"date":"2022-04-13T16:36:40","date_gmt":"2022-04-13T16:36:40","guid":{"rendered":"http:\/\/darkyn.dev-wbk.com\/index.php\/product\/boheme\/"},"modified":"2022-04-26T11:57:48","modified_gmt":"2022-04-26T11:57:48","slug":"boheme","status":"publish","type":"product","link":"https:\/\/darkyn.ma\/index.php\/product\/boheme\/","title":{"rendered":"Boh\u00e8me"},"content":{"rendered":"[vc_row type=\u00a0\u00bbin_container\u00a0\u00bb full_screen_row_position=\u00a0\u00bbmiddle\u00a0\u00bb column_margin=\u00a0\u00bbdefault\u00a0\u00bb column_direction=\u00a0\u00bbdefault\u00a0\u00bb column_direction_tablet=\u00a0\u00bbdefault\u00a0\u00bb column_direction_phone=\u00a0\u00bbdefault\u00a0\u00bb scene_position=\u00a0\u00bbcenter\u00a0\u00bb text_color=\u00a0\u00bbdark\u00a0\u00bb text_align=\u00a0\u00bbleft\u00a0\u00bb row_border_radius=\u00a0\u00bbnone\u00a0\u00bb row_border_radius_applies=\u00a0\u00bbbg\u00a0\u00bb overflow=\u00a0\u00bbvisible\u00a0\u00bb overlay_strength=\u00a0\u00bb0.3&Prime; gradient_direction=\u00a0\u00bbleft_to_right\u00a0\u00bb shape_divider_position=\u00a0\u00bbbottom\u00a0\u00bb bg_image_animation=\u00a0\u00bbnone\u00a0\u00bb][vc_column column_padding=\u00a0\u00bbno-extra-padding\u00a0\u00bb column_padding_tablet=\u00a0\u00bbinherit\u00a0\u00bb column_padding_phone=\u00a0\u00bbinherit\u00a0\u00bb column_padding_position=\u00a0\u00bball\u00a0\u00bb column_element_spacing=\u00a0\u00bbdefault\u00a0\u00bb background_color_opacity=\u00a0\u00bb1&Prime; background_hover_color_opacity=\u00a0\u00bb1&Prime; column_shadow=\u00a0\u00bbnone\u00a0\u00bb column_border_radius=\u00a0\u00bbnone\u00a0\u00bb column_link_target=\u00a0\u00bb_self\u00a0\u00bb column_position=\u00a0\u00bbdefault\u00a0\u00bb gradient_direction=\u00a0\u00bbleft_to_right\u00a0\u00bb overlay_strength=\u00a0\u00bb0.3&Prime; width=\u00a0\u00bb1\/1&Prime; tablet_width_inherit=\u00a0\u00bbdefault\u00a0\u00bb tablet_text_alignment=\u00a0\u00bbdefault\u00a0\u00bb phone_text_alignment=\u00a0\u00bbdefault\u00a0\u00bb animation_type=\u00a0\u00bbdefault\u00a0\u00bb bg_image_animation=\u00a0\u00bbnone\u00a0\u00bb border_type=\u00a0\u00bbsimple\u00a0\u00bb column_border_width=\u00a0\u00bbnone\u00a0\u00bb column_border_style=\u00a0\u00bbsolid\u00a0\u00bb][vc_column_text]\n<h2 style=\"text-align: center;\">Couleurs<\/h2>\n[\/vc_column_text][vc_gallery type=\u00a0\u00bbimage_grid\u00a0\u00bb images=\u00a0\u00bb10253,10254&Prime; image_grid_loading=\u00a0\u00bbdefault\u00a0\u00bb layout=\u00a0\u00bb4&Prime; item_spacing=\u00a0\u00bbdefault\u00a0\u00bb gallery_style=\u00a0\u00bb7&Prime; load_in_animation=\u00a0\u00bbnone\u00a0\u00bb img_size=\u00a0\u00bbfull\u00a0\u00bb][\/vc_column][\/vc_row]\n","protected":false},"excerpt":{"rendered":"<p><strong>Laissez pousser sur votre sol un feuillage de printemps en toutes saisons.<\/strong><\/p>\n<p>\u00c9voquant une tendre v\u00e9g\u00e9tation de printemps, le motif d\u00e9coratif de cette\u00a0<strong>moquette en velours \u00e9paisse<\/strong>\u00a0se compose d\u2019un petit feuillage qui s\u2019estompe sur un voile l\u00e9ger. Cet effet de sourdine cr\u00e9e la modernit\u00e9 du motif, qui se laisse deviner plut\u00f4t qu\u2019il ne s\u2019impose avec l\u2019exub\u00e9rance Liberty la Belle \u00c9poque. L\u2019id\u00e9al pour donner vie avec tact \u00e0 un long couloir d\u2019h\u00f4tel.<\/p>\n<p>Les deux tonalit\u00e9s de ce joli dessin lui conf\u00e8rent une double personnalit\u00e9 : d\u2019un c\u00f4t\u00e9, \u00ab\u00a0Jade\u00a0\u00bb repr\u00e9sente parfaitement l\u2019univers \u00ab\u00a0Charme po\u00e9tique\u00a0\u00bb de\u00a0la\u00a0<strong>collection Vision of Elegance<\/strong>\u00a0; de l\u2019autre, la r\u00e9f\u00e9rence \u00ab\u00a0Promesse\u00a0\u00bb est un pur exemple de \u00ab\u00a0Simplicit\u00e9 naturelle\u00a0\u00bb. D\u2019autres possibilit\u00e9s de couleurs s\u2019offrent \u00e0 vous avec la personnalisation, ainsi que des variations in\u00e9dites autour du motif Boh\u00eame, qui peut \u00eatre r\u00e9alis\u00e9 dans les harmonies de votre choix. Et si vous en faisiez l\u2019exp\u00e9rience d\u00e8s maintenant, avec\u00a0notre simulateur graphique Design Studio\u00a0?<\/p>\n<p>Confort sonore optimal, remarquable persistance des couleurs,\u00a0grande facilit\u00e9 d\u2019entretien au quotidien\u2026 Comme toute la\u00a0<strong>collection de<\/strong>\u00a0<strong>moquette en velours Balsan<\/strong>, Boh\u00eame vous r\u00e9serve \u00e9galement la qualit\u00e9 d\u2019excellence Balsan destin\u00e9e aux h\u00f4tels de prestige.<\/p>\n[button color=\"accent-color\" hover_text_color_override=\"#fff\" size=\"medium\" url=\"https:\/\/darkyn.ma\/wp-content\/uploads\/2022\/04\/Fiche-technique-Boh\u00e8me.pdf\" text=\"Voir Fiche Technique\" color_override=\"\"]\n","protected":false},"featured_media":10272,"template":"","meta":[],"product_brand":[],"product_cat":[91,93,95],"product_tag":[],"class_list":{"0":"post-7918","1":"product","2":"type-product","3":"status-publish","4":"has-post-thumbnail","6":"product_cat-balsan","7":"product_cat-hotel","8":"product_cat-le","10":"first","11":"instock","12":"shipping-taxable","13":"product-type-simple"},"_links":{"self":[{"href":"https:\/\/darkyn.ma\/index.php\/wp-json\/wp\/v2\/product\/7918","targetHints":{"allow":["GET"]}}],"collection":[{"href":"https:\/\/darkyn.ma\/index.php\/wp-json\/wp\/v2\/product"}],"about":[{"href":"https:\/\/darkyn.ma\/index.php\/wp-json\/wp\/v2\/types\/product"}],"wp:featuredmedia":[{"embeddable":true,"href":"https:\/\/darkyn.ma\/index.php\/wp-json\/wp\/v2\/media\/10272"}],"wp:attachment":[{"href":"https:\/\/darkyn.ma\/index.php\/wp-json\/wp\/v2\/media?parent=7918"}],"wp:term":[{"taxonomy":"product_brand","embeddable":true,"href":"https:\/\/darkyn.ma\/index.php\/wp-json\/wp\/v2\/product_brand?post=7918"},{"taxonomy":"product_cat","embeddable":true,"href":"https:\/\/darkyn.ma\/index.php\/wp-json\/wp\/v2\/product_cat?post=7918"},{"taxonomy":"product_tag","embeddable":true,"href":"https:\/\/darkyn.ma\/index.php\/wp-json\/wp\/v2\/product_tag?post=7918"}],"curies":[{"name":"wp","href":"https:\/\/api.w.org\/{rel}","templated":true}]}}