{"id":7911,"date":"2022-04-13T16:36:39","date_gmt":"2022-04-13T16:36:39","guid":{"rendered":"http:\/\/darkyn.dev-wbk.com\/index.php\/product\/baltique-hd\/"},"modified":"2022-04-26T11:57:47","modified_gmt":"2022-04-26T11:57:47","slug":"baltique-hd","status":"publish","type":"product","link":"https:\/\/darkyn.ma\/index.php\/product\/baltique-hd\/","title":{"rendered":"Baltique HD"},"content":{"rendered":"[vc_row type=\u00a0\u00bbin_container\u00a0\u00bb full_screen_row_position=\u00a0\u00bbmiddle\u00a0\u00bb column_margin=\u00a0\u00bbdefault\u00a0\u00bb column_direction=\u00a0\u00bbdefault\u00a0\u00bb column_direction_tablet=\u00a0\u00bbdefault\u00a0\u00bb column_direction_phone=\u00a0\u00bbdefault\u00a0\u00bb scene_position=\u00a0\u00bbcenter\u00a0\u00bb text_color=\u00a0\u00bbdark\u00a0\u00bb text_align=\u00a0\u00bbleft\u00a0\u00bb row_border_radius=\u00a0\u00bbnone\u00a0\u00bb row_border_radius_applies=\u00a0\u00bbbg\u00a0\u00bb overflow=\u00a0\u00bbvisible\u00a0\u00bb overlay_strength=\u00a0\u00bb0.3&Prime; gradient_direction=\u00a0\u00bbleft_to_right\u00a0\u00bb shape_divider_position=\u00a0\u00bbbottom\u00a0\u00bb bg_image_animation=\u00a0\u00bbnone\u00a0\u00bb][vc_column column_padding=\u00a0\u00bbno-extra-padding\u00a0\u00bb column_padding_tablet=\u00a0\u00bbinherit\u00a0\u00bb column_padding_phone=\u00a0\u00bbinherit\u00a0\u00bb column_padding_position=\u00a0\u00bball\u00a0\u00bb column_element_spacing=\u00a0\u00bbdefault\u00a0\u00bb background_color_opacity=\u00a0\u00bb1&Prime; background_hover_color_opacity=\u00a0\u00bb1&Prime; column_shadow=\u00a0\u00bbnone\u00a0\u00bb column_border_radius=\u00a0\u00bbnone\u00a0\u00bb column_link_target=\u00a0\u00bb_self\u00a0\u00bb column_position=\u00a0\u00bbdefault\u00a0\u00bb gradient_direction=\u00a0\u00bbleft_to_right\u00a0\u00bb overlay_strength=\u00a0\u00bb0.3&Prime; width=\u00a0\u00bb1\/1&Prime; tablet_width_inherit=\u00a0\u00bbdefault\u00a0\u00bb tablet_text_alignment=\u00a0\u00bbdefault\u00a0\u00bb phone_text_alignment=\u00a0\u00bbdefault\u00a0\u00bb animation_type=\u00a0\u00bbdefault\u00a0\u00bb bg_image_animation=\u00a0\u00bbnone\u00a0\u00bb border_type=\u00a0\u00bbsimple\u00a0\u00bb column_border_width=\u00a0\u00bbnone\u00a0\u00bb column_border_style=\u00a0\u00bbsolid\u00a0\u00bb][vc_column_text]\n<h2 style=\"text-align: center;\">Couleurs<\/h2>\n[\/vc_column_text][vc_gallery type=\u00a0\u00bbimage_grid\u00a0\u00bb images=\u00a0\u00bb10302&Prime; image_grid_loading=\u00a0\u00bbdefault\u00a0\u00bb layout=\u00a0\u00bb4&Prime; item_spacing=\u00a0\u00bbdefault\u00a0\u00bb gallery_style=\u00a0\u00bb7&Prime; load_in_animation=\u00a0\u00bbnone\u00a0\u00bb img_size=\u00a0\u00bbfull\u00a0\u00bb][\/vc_column][\/vc_row]\n","protected":false},"excerpt":{"rendered":"<p><strong>Promenez-vous pieds nus sur la banquise<\/strong><\/p>\n<p>Mer baltique, entre Su\u00e8de et Finlande. L\u2019hiver arrive. Au fur et \u00e0 mesure que la temp\u00e9rature baisse, des blocs de glace se forment \u00e0 la surface de l\u2019eau. Petit \u00e0 petit, ils se rejoignent, pour former l\u2019immense \u00e9tendue blanche de la banquise.<\/p>\n<p>Les\u00a0<strong>dalles textiles\u00a0<em>Baltique HD<\/em><\/strong>\u00a0reproduisent ce moment pr\u00e9cis, d\u2019une beaut\u00e9 surnaturelle, de la mer en train de se figer. D\u2019un bleu turquoise, l\u2019eau forme des canaux irr\u00e9guliers entre les \u00e9tendues glac\u00e9es, limpides et lumineuses. Quel plaisir de se d\u00e9chausser, pour marcher pieds nus sur cette banquise moelleuse et chaleureuse ! Un d\u00e9cor fascinant pour donner une sensation d\u2019apaisement \u00e0 un bureau ou \u00e0 un espace de coworking.<\/p>\n<p>Dot\u00e9es d\u2019un tuft particuli\u00e8rement g\u00e9n\u00e9reux de 1 050 g\/m<sup>2<\/sup>, les\u00a0<strong>dalles de moquette structur\u00e9e\u00a0<em>Baltique HD<\/em><\/strong>\u00a0de 50 x 50 cm se marient parfaitement aux autres motifs de la\u00a0<strong>collection de moquettes\u00a0<em>Wild Nature<\/em><\/strong>\u00a0pour cr\u00e9er des ambiances contrast\u00e9es dans vos espaces de travail. Elles s\u2019harmonisent aussi avec des unis (<em>Pilote\u00b2<\/em>,\u00a0<em>Nexus<\/em>\u00a0\u2026) ou des rev\u00eatements de sol LVT (<u><em>Symbiance<\/em><\/u>).<\/p>\n<p>La dalle\u00a0<strong><em>Baltique HD<\/em><\/strong>\u00a0est disponible, sur demande, sur envers acoustique Sonic Confort.<\/p>\n[button color=\"accent-color\" hover_text_color_override=\"#fff\" size=\"medium\" url=\"https:\/\/darkyn.ma\/wp-content\/uploads\/2022\/04\/Fiche-technique-Baltique-HD.pdf\" text=\"Voir Fiche Technique\" color_override=\"\"]\n","protected":false},"featured_media":10300,"template":"","meta":[],"product_brand":[],"product_cat":[91,96,99],"product_tag":[],"class_list":{"0":"post-7911","1":"product","2":"type-product","3":"status-publish","4":"has-post-thumbnail","6":"product_cat-balsan","7":"product_cat-bureau","8":"product_cat-dalle","10":"first","11":"instock","12":"shipping-taxable","13":"product-type-simple"},"_links":{"self":[{"href":"https:\/\/darkyn.ma\/index.php\/wp-json\/wp\/v2\/product\/7911","targetHints":{"allow":["GET"]}}],"collection":[{"href":"https:\/\/darkyn.ma\/index.php\/wp-json\/wp\/v2\/product"}],"about":[{"href":"https:\/\/darkyn.ma\/index.php\/wp-json\/wp\/v2\/types\/product"}],"wp:featuredmedia":[{"embeddable":true,"href":"https:\/\/darkyn.ma\/index.php\/wp-json\/wp\/v2\/media\/10300"}],"wp:attachment":[{"href":"https:\/\/darkyn.ma\/index.php\/wp-json\/wp\/v2\/media?parent=7911"}],"wp:term":[{"taxonomy":"product_brand","embeddable":true,"href":"https:\/\/darkyn.ma\/index.php\/wp-json\/wp\/v2\/product_brand?post=7911"},{"taxonomy":"product_cat","embeddable":true,"href":"https:\/\/darkyn.ma\/index.php\/wp-json\/wp\/v2\/product_cat?post=7911"},{"taxonomy":"product_tag","embeddable":true,"href":"https:\/\/darkyn.ma\/index.php\/wp-json\/wp\/v2\/product_tag?post=7911"}],"curies":[{"name":"wp","href":"https:\/\/api.w.org\/{rel}","templated":true}]}}