{"id":5286,"date":"2022-03-12T10:34:14","date_gmt":"2022-03-12T10:34:14","guid":{"rendered":"http:\/\/darkyn.dev-wbk.com\/index.php\/product\/moquette-gazon-cypress-point-green-7025-4\/"},"modified":"2022-04-26T11:57:46","modified_gmt":"2022-04-26T11:57:46","slug":"moquette-gazon-cypress-point-green-7025-4","status":"publish","type":"product","link":"https:\/\/darkyn.ma\/index.php\/product\/moquette-gazon-cypress-point-green-7025-4\/","title":{"rendered":"Moquette &#8211; Gazon &#8211; Cypress Point &#8211; Green &#8211; 7025 &#8211; 4"},"content":{"rendered":"","protected":false},"excerpt":{"rendered":"<p>Les gazons synth\u00e9tiques aiguillet\u00e9s sont des solutions id\u00e9ales pour une installation en terrasse, balcon, v\u00e9randa\u2026 Les gazons synth\u00e9tiques tuft\u00e9es Darkyn s\u2019apparentent \u00e0 de v\u00e9ritables pelouses. Beaucoup plus esth\u00e9tiques et plus confortables, ils sont disponibles dans diff\u00e9rentes qualit\u00e9s et remplacent id\u00e9alement la pelouse dans un jardin ou tout autre espace vert.<\/p>\n","protected":false},"featured_media":5279,"template":"","meta":[],"product_brand":[],"product_cat":[87,20],"product_tag":[],"class_list":{"0":"post-5286","1":"product","2":"type-product","3":"status-publish","4":"has-post-thumbnail","6":"product_cat-gazon-artificiel","7":"product_cat-moquette","9":"first","10":"instock","11":"shipping-taxable","12":"product-type-simple"},"_links":{"self":[{"href":"https:\/\/darkyn.ma\/index.php\/wp-json\/wp\/v2\/product\/5286","targetHints":{"allow":["GET"]}}],"collection":[{"href":"https:\/\/darkyn.ma\/index.php\/wp-json\/wp\/v2\/product"}],"about":[{"href":"https:\/\/darkyn.ma\/index.php\/wp-json\/wp\/v2\/types\/product"}],"wp:featuredmedia":[{"embeddable":true,"href":"https:\/\/darkyn.ma\/index.php\/wp-json\/wp\/v2\/media\/5279"}],"wp:attachment":[{"href":"https:\/\/darkyn.ma\/index.php\/wp-json\/wp\/v2\/media?parent=5286"}],"wp:term":[{"taxonomy":"product_brand","embeddable":true,"href":"https:\/\/darkyn.ma\/index.php\/wp-json\/wp\/v2\/product_brand?post=5286"},{"taxonomy":"product_cat","embeddable":true,"href":"https:\/\/darkyn.ma\/index.php\/wp-json\/wp\/v2\/product_cat?post=5286"},{"taxonomy":"product_tag","embeddable":true,"href":"https:\/\/darkyn.ma\/index.php\/wp-json\/wp\/v2\/product_tag?post=5286"}],"curies":[{"name":"wp","href":"https:\/\/api.w.org\/{rel}","templated":true}]}}