{"id":4864,"date":"2022-03-07T19:12:45","date_gmt":"2022-03-07T19:12:45","guid":{"rendered":"http:\/\/darkyn.dev-wbk.com\/index.php\/product\/produit\/"},"modified":"2022-05-11T11:51:30","modified_gmt":"2022-05-11T11:51:30","slug":"produit","status":"publish","type":"product","link":"https:\/\/darkyn.ma\/index.php\/product\/produit\/","title":{"rendered":"Tapis &#8211; Glamour 775 675470"},"content":{"rendered":"","protected":false},"excerpt":{"rendered":"<p>Le tapis habille, organise et parfait votre int\u00e9rieur personnel ou professionnel, cependant mal choisi, un \u00e9l\u00e9ment d\u00e9coratif peut para\u00eetre encombrant ou en d\u00e9calage avec l\u2019espace de vie. Parce que les go\u00fbts et les couleurs diff\u00e8rent selon chaque individu, rien n\u2019est plus frustrant que de ne pouvoir combler notre imagination, de ne pouvoir parfaire notre chez nous.<\/p>\n","protected":false},"featured_media":4861,"template":"","meta":[],"product_brand":[],"product_cat":[105,80],"product_tag":[106],"class_list":{"0":"post-4864","1":"product","2":"type-product","3":"status-publish","4":"has-post-thumbnail","6":"product_cat-sur-mesure","7":"product_cat-tapis","8":"product_tag-verbatex","10":"first","11":"instock","12":"shipping-taxable","13":"product-type-simple"},"_links":{"self":[{"href":"https:\/\/darkyn.ma\/index.php\/wp-json\/wp\/v2\/product\/4864","targetHints":{"allow":["GET"]}}],"collection":[{"href":"https:\/\/darkyn.ma\/index.php\/wp-json\/wp\/v2\/product"}],"about":[{"href":"https:\/\/darkyn.ma\/index.php\/wp-json\/wp\/v2\/types\/product"}],"wp:featuredmedia":[{"embeddable":true,"href":"https:\/\/darkyn.ma\/index.php\/wp-json\/wp\/v2\/media\/4861"}],"wp:attachment":[{"href":"https:\/\/darkyn.ma\/index.php\/wp-json\/wp\/v2\/media?parent=4864"}],"wp:term":[{"taxonomy":"product_brand","embeddable":true,"href":"https:\/\/darkyn.ma\/index.php\/wp-json\/wp\/v2\/product_brand?post=4864"},{"taxonomy":"product_cat","embeddable":true,"href":"https:\/\/darkyn.ma\/index.php\/wp-json\/wp\/v2\/product_cat?post=4864"},{"taxonomy":"product_tag","embeddable":true,"href":"https:\/\/darkyn.ma\/index.php\/wp-json\/wp\/v2\/product_tag?post=4864"}],"curies":[{"name":"wp","href":"https:\/\/api.w.org\/{rel}","templated":true}]}}