{"id":4836,"date":"2022-03-07T18:52:23","date_gmt":"2022-03-07T18:52:23","guid":{"rendered":"http:\/\/darkyn.dev-wbk.com\/index.php\/product\/tapis-torino-741-523512\/"},"modified":"2022-05-11T13:02:11","modified_gmt":"2022-05-11T13:02:11","slug":"tapis-torino-741-523512","status":"publish","type":"product","link":"https:\/\/darkyn.ma\/index.php\/product\/tapis-torino-741-523512\/","title":{"rendered":"Tapis &#8211; Torino &#8211; 741 523512"},"content":{"rendered":"","protected":false},"excerpt":{"rendered":"<p>Un tapis moderne tr\u00e8s en vogue et tendance, en plus de r\u00e9chauffer votre pi\u00e8ce, son design s\u2019int\u00e8gre \u00e0 merveille dans une d\u00e9coration branch\u00e9e, classique ou m\u00eame vintage. Parfait pour finaliser la d\u00e9co de votre salon, cuisine ou chambre \u00e0 coucher.<\/p>\n<p><b>Hauteur tapis 3.5 mm<br \/>\nPoids total\/m2 1.60 kg\/m2<br \/>\nPoids velours \/m2 0.65 kg\/m2<br \/>\nComposition tapis 100% polyester<br \/>\nComposition chenille 90%<br \/>\nviscose 10% polyester<br \/>\nPoints\/m2 820.000\/m2<br \/>\nDossier latex anti-d\u00e9rapant<\/b><\/p>\n","protected":false},"featured_media":4772,"template":"","meta":[],"product_brand":[],"product_cat":[105,80],"product_tag":[106],"class_list":{"0":"post-4836","1":"product","2":"type-product","3":"status-publish","4":"has-post-thumbnail","6":"product_cat-sur-mesure","7":"product_cat-tapis","8":"product_tag-verbatex","10":"first","11":"instock","12":"shipping-taxable","13":"product-type-simple"},"_links":{"self":[{"href":"https:\/\/darkyn.ma\/index.php\/wp-json\/wp\/v2\/product\/4836","targetHints":{"allow":["GET"]}}],"collection":[{"href":"https:\/\/darkyn.ma\/index.php\/wp-json\/wp\/v2\/product"}],"about":[{"href":"https:\/\/darkyn.ma\/index.php\/wp-json\/wp\/v2\/types\/product"}],"wp:featuredmedia":[{"embeddable":true,"href":"https:\/\/darkyn.ma\/index.php\/wp-json\/wp\/v2\/media\/4772"}],"wp:attachment":[{"href":"https:\/\/darkyn.ma\/index.php\/wp-json\/wp\/v2\/media?parent=4836"}],"wp:term":[{"taxonomy":"product_brand","embeddable":true,"href":"https:\/\/darkyn.ma\/index.php\/wp-json\/wp\/v2\/product_brand?post=4836"},{"taxonomy":"product_cat","embeddable":true,"href":"https:\/\/darkyn.ma\/index.php\/wp-json\/wp\/v2\/product_cat?post=4836"},{"taxonomy":"product_tag","embeddable":true,"href":"https:\/\/darkyn.ma\/index.php\/wp-json\/wp\/v2\/product_tag?post=4836"}],"curies":[{"name":"wp","href":"https:\/\/api.w.org\/{rel}","templated":true}]}}