{"id":2007,"date":"2022-03-03T13:19:09","date_gmt":"2022-03-03T13:19:09","guid":{"rendered":"http:\/\/darkyn.dev-wbk.com\/index.php\/product\/moods-hexagon-jura-stone-46960\/"},"modified":"2022-04-26T11:55:08","modified_gmt":"2022-04-26T11:55:08","slug":"moods-hexagon-jura-stone-46960","status":"publish","type":"product","link":"https:\/\/darkyn.ma\/index.php\/product\/moods-hexagon-jura-stone-46960\/","title":{"rendered":"Moods Hexagon Jura Stone &#8211; 46960"},"content":{"rendered":"","protected":false},"excerpt":{"rendered":"<p>Darkyn propose une gamme diversifi\u00e9e de produits \u00e9l\u00e9gants et durables aux performances environnementales in\u00e9gal\u00e9es. Qu\u2019il soit utilis\u00e9 dans un environnement r\u00e9sidentiel, commercial ou dans des bureaux, Darkyn propose une solution de rev\u00eatement de sol vinyles haut de gamme durables et \u00e0 l\u2019apparence plus vraie que nature.<\/p>\n<p><strong>Garantie\u00a0: 20 ans<br \/>\nCouche d&rsquo;usure\u00a0: 0,55mm<br \/>\nNiveau d&rsquo;utilisation\u00a0: 23 &#8211; 33 &#8211; 42<br \/>\nCertificat de classement au feu\u00a0: Bfl-s1<br \/>\nChauffage par le sol\u00a0: Appropri\u00e9, max 27\u00b0C<br \/>\nM\u00e9thode d&rsquo;installation : Dryback<br \/>\nDimensions : 32,9 x 65,9 cm<br \/>\nFormat : rectangulaire<br \/>\n\u00c9paisseur totale : 2,50 mm<\/strong><\/p>\n","protected":false},"featured_media":1905,"template":"","meta":[],"product_brand":[],"product_cat":[32],"product_tag":[],"class_list":{"0":"post-2007","1":"product","2":"type-product","3":"status-publish","4":"has-post-thumbnail","6":"product_cat-pvc","8":"first","9":"instock","10":"shipping-taxable","11":"product-type-simple"},"_links":{"self":[{"href":"https:\/\/darkyn.ma\/index.php\/wp-json\/wp\/v2\/product\/2007","targetHints":{"allow":["GET"]}}],"collection":[{"href":"https:\/\/darkyn.ma\/index.php\/wp-json\/wp\/v2\/product"}],"about":[{"href":"https:\/\/darkyn.ma\/index.php\/wp-json\/wp\/v2\/types\/product"}],"wp:featuredmedia":[{"embeddable":true,"href":"https:\/\/darkyn.ma\/index.php\/wp-json\/wp\/v2\/media\/1905"}],"wp:attachment":[{"href":"https:\/\/darkyn.ma\/index.php\/wp-json\/wp\/v2\/media?parent=2007"}],"wp:term":[{"taxonomy":"product_brand","embeddable":true,"href":"https:\/\/darkyn.ma\/index.php\/wp-json\/wp\/v2\/product_brand?post=2007"},{"taxonomy":"product_cat","embeddable":true,"href":"https:\/\/darkyn.ma\/index.php\/wp-json\/wp\/v2\/product_cat?post=2007"},{"taxonomy":"product_tag","embeddable":true,"href":"https:\/\/darkyn.ma\/index.php\/wp-json\/wp\/v2\/product_tag?post=2007"}],"curies":[{"name":"wp","href":"https:\/\/api.w.org\/{rel}","templated":true}]}}