{"id":1884,"date":"2022-03-03T10:42:46","date_gmt":"2022-03-03T10:42:46","guid":{"rendered":"http:\/\/darkyn.dev-wbk.com\/index.php\/product\/moquette-secret-ii-desert-30-400\/"},"modified":"2022-04-26T11:55:04","modified_gmt":"2022-04-26T11:55:04","slug":"moquette-secret-ii-desert-30-400","status":"publish","type":"product","link":"https:\/\/darkyn.ma\/index.php\/product\/moquette-secret-ii-desert-30-400\/","title":{"rendered":"Moquette &#8211; SECRET II (DESERT) 30 &#8211; 400"},"content":{"rendered":"","protected":false},"excerpt":{"rendered":"<p>La moquette redevient tendance ! S\u2019il y a bien un rev\u00eatement de sol qui a vraiment la fibre d\u00e9co, c\u2019est elle\u2026 Tiss\u00e9e ou tuft\u00e9e, pr\u00e9cieuse voire luxueuse comme un beau tapis, on peut la combiner aux murs et aux textiles d\u2019ameublement \u00e0 l\u2019infini <\/p>\n<p> [button color=\"accent-color\" hover_text_color_override=\"#fff\" size=\"medium\" url=\"https:\/\/darkyn.ma\/wp-content\/uploads\/2022\/03\/fiche-technique-FSUCETA30400P.pdf\" text=\"Voir Fiche Technique\" color_override=\"\"]<\/br><\/p>\n","protected":false},"featured_media":1824,"template":"","meta":[],"product_brand":[],"product_cat":[21],"product_tag":[29],"class_list":{"0":"post-1884","1":"product","2":"type-product","3":"status-publish","4":"has-post-thumbnail","6":"product_cat-moquette-residentielle","7":"product_tag-secret-ii","9":"first","10":"instock","11":"shipping-taxable","12":"product-type-simple"},"_links":{"self":[{"href":"https:\/\/darkyn.ma\/index.php\/wp-json\/wp\/v2\/product\/1884","targetHints":{"allow":["GET"]}}],"collection":[{"href":"https:\/\/darkyn.ma\/index.php\/wp-json\/wp\/v2\/product"}],"about":[{"href":"https:\/\/darkyn.ma\/index.php\/wp-json\/wp\/v2\/types\/product"}],"wp:featuredmedia":[{"embeddable":true,"href":"https:\/\/darkyn.ma\/index.php\/wp-json\/wp\/v2\/media\/1824"}],"wp:attachment":[{"href":"https:\/\/darkyn.ma\/index.php\/wp-json\/wp\/v2\/media?parent=1884"}],"wp:term":[{"taxonomy":"product_brand","embeddable":true,"href":"https:\/\/darkyn.ma\/index.php\/wp-json\/wp\/v2\/product_brand?post=1884"},{"taxonomy":"product_cat","embeddable":true,"href":"https:\/\/darkyn.ma\/index.php\/wp-json\/wp\/v2\/product_cat?post=1884"},{"taxonomy":"product_tag","embeddable":true,"href":"https:\/\/darkyn.ma\/index.php\/wp-json\/wp\/v2\/product_tag?post=1884"}],"curies":[{"name":"wp","href":"https:\/\/api.w.org\/{rel}","templated":true}]}}