{"id":16737,"date":"2026-02-17T10:54:46","date_gmt":"2026-02-17T10:54:46","guid":{"rendered":"https:\/\/darkyn.ma\/?post_type=product&#038;p=16737"},"modified":"2026-02-17T10:54:46","modified_gmt":"2026-02-17T10:54:46","slug":"the-boss-388223","status":"publish","type":"product","link":"https:\/\/darkyn.ma\/index.php\/product\/the-boss-388223\/","title":{"rendered":"The Boss &#8211; 388223"},"content":{"rendered":"<p><strong>The Boss<\/strong> impose le style avec assurance. Des motifs audacieux, des lignes modernes et des textures sophistiqu\u00e9es cr\u00e9ent des int\u00e9rieurs puissants et affirm\u00e9s. Pens\u00e9e pour ceux qui osent marquer leur espace, cette collection apporte caract\u00e8re, \u00e9l\u00e9gance et une touche r\u00e9solument contemporaine \u00e0 vos murs.<\/p>\n<p>&nbsp;<\/p>\n","protected":false},"excerpt":{"rendered":"<p>The Boss impose le style avec assurance. Des motifs audacieux, des lignes modernes et des textures sophistiqu\u00e9es cr\u00e9ent des int\u00e9rieurs puissants et affirm\u00e9s. Pens\u00e9e pour ceux qui osent marquer leur&#8230;<\/p>\n","protected":false},"featured_media":16740,"template":"","meta":[],"product_brand":[],"product_cat":[35,34,156],"product_tag":[],"class_list":{"0":"post-16737","1":"product","2":"type-product","3":"status-publish","4":"has-post-thumbnail","6":"product_cat-papier-peint","7":"product_cat-revetement-mur","8":"product_cat-the-boss","10":"first","11":"instock","12":"shipping-taxable","13":"product-type-simple"},"_links":{"self":[{"href":"https:\/\/darkyn.ma\/index.php\/wp-json\/wp\/v2\/product\/16737","targetHints":{"allow":["GET"]}}],"collection":[{"href":"https:\/\/darkyn.ma\/index.php\/wp-json\/wp\/v2\/product"}],"about":[{"href":"https:\/\/darkyn.ma\/index.php\/wp-json\/wp\/v2\/types\/product"}],"wp:featuredmedia":[{"embeddable":true,"href":"https:\/\/darkyn.ma\/index.php\/wp-json\/wp\/v2\/media\/16740"}],"wp:attachment":[{"href":"https:\/\/darkyn.ma\/index.php\/wp-json\/wp\/v2\/media?parent=16737"}],"wp:term":[{"taxonomy":"product_brand","embeddable":true,"href":"https:\/\/darkyn.ma\/index.php\/wp-json\/wp\/v2\/product_brand?post=16737"},{"taxonomy":"product_cat","embeddable":true,"href":"https:\/\/darkyn.ma\/index.php\/wp-json\/wp\/v2\/product_cat?post=16737"},{"taxonomy":"product_tag","embeddable":true,"href":"https:\/\/darkyn.ma\/index.php\/wp-json\/wp\/v2\/product_tag?post=16737"}],"curies":[{"name":"wp","href":"https:\/\/api.w.org\/{rel}","templated":true}]}}