{"id":16631,"date":"2026-02-16T15:16:44","date_gmt":"2026-02-16T15:16:44","guid":{"rendered":"https:\/\/darkyn.ma\/?post_type=product&#038;p=16631"},"modified":"2026-02-16T15:16:44","modified_gmt":"2026-02-16T15:16:44","slug":"texture-art-786564","status":"publish","type":"product","link":"https:\/\/darkyn.ma\/index.php\/product\/texture-art-786564\/","title":{"rendered":"Texture Art &#8211; 786564"},"content":{"rendered":"<p><strong>Texture Art<\/strong> c\u00e9l\u00e8bre l\u2019expression artistique sur vos murs. Des motifs sophistiqu\u00e9s, des reliefs subtils et des textures uniques apportent profondeur et caract\u00e8re \u00e0 chaque espace. Cette collection transforme les int\u00e9rieurs en v\u00e9ritables galeries, alliant modernit\u00e9, \u00e9l\u00e9gance et audace d\u00e9corative pour des ambiances uniques et inspirantes.<\/p>\n","protected":false},"excerpt":{"rendered":"<p>Texture Art c\u00e9l\u00e8bre l\u2019expression artistique sur vos murs. Des motifs sophistiqu\u00e9s, des reliefs subtils et des textures uniques apportent profondeur et caract\u00e8re \u00e0 chaque espace. Cette collection transforme les int\u00e9rieurs&#8230;<\/p>\n","protected":false},"featured_media":16634,"template":"","meta":[],"product_brand":[],"product_cat":[35,34,155],"product_tag":[],"class_list":{"0":"post-16631","1":"product","2":"type-product","3":"status-publish","4":"has-post-thumbnail","6":"product_cat-papier-peint","7":"product_cat-revetement-mur","8":"product_cat-texture-art","10":"first","11":"instock","12":"shipping-taxable","13":"product-type-simple"},"_links":{"self":[{"href":"https:\/\/darkyn.ma\/index.php\/wp-json\/wp\/v2\/product\/16631","targetHints":{"allow":["GET"]}}],"collection":[{"href":"https:\/\/darkyn.ma\/index.php\/wp-json\/wp\/v2\/product"}],"about":[{"href":"https:\/\/darkyn.ma\/index.php\/wp-json\/wp\/v2\/types\/product"}],"wp:featuredmedia":[{"embeddable":true,"href":"https:\/\/darkyn.ma\/index.php\/wp-json\/wp\/v2\/media\/16634"}],"wp:attachment":[{"href":"https:\/\/darkyn.ma\/index.php\/wp-json\/wp\/v2\/media?parent=16631"}],"wp:term":[{"taxonomy":"product_brand","embeddable":true,"href":"https:\/\/darkyn.ma\/index.php\/wp-json\/wp\/v2\/product_brand?post=16631"},{"taxonomy":"product_cat","embeddable":true,"href":"https:\/\/darkyn.ma\/index.php\/wp-json\/wp\/v2\/product_cat?post=16631"},{"taxonomy":"product_tag","embeddable":true,"href":"https:\/\/darkyn.ma\/index.php\/wp-json\/wp\/v2\/product_tag?post=16631"}],"curies":[{"name":"wp","href":"https:\/\/api.w.org\/{rel}","templated":true}]}}