{"id":16469,"date":"2026-02-13T08:45:47","date_gmt":"2026-02-13T08:45:47","guid":{"rendered":"https:\/\/darkyn.ma\/?post_type=product&#038;p=16469"},"modified":"2026-02-13T08:45:47","modified_gmt":"2026-02-13T08:45:47","slug":"smart-surfaces-395633","status":"publish","type":"product","link":"https:\/\/darkyn.ma\/index.php\/product\/smart-surfaces-395633\/","title":{"rendered":"Smart Surfaces &#8211; 395633"},"content":{"rendered":"<p><strong>Plongez dans l\u2019univers fascinant de Smart Surface.<\/strong><br \/>\nD\u00e9couvrez une collection de <strong>papiers peints uniques<\/strong>, con\u00e7us pour transformer vos murs en v\u00e9ritables \u0153uvres d\u2019art. Gr\u00e2ce \u00e0 leur <strong>style harmonieux et leur charme raffin\u00e9<\/strong>, nos papiers peints apportent une touche d\u2019\u00e9l\u00e9gance et de personnalit\u00e9 \u00e0 chaque espace de vie.<\/p>\n","protected":false},"excerpt":{"rendered":"<p>Plongez dans l\u2019univers fascinant de Smart Surface. D\u00e9couvrez une collection de papiers peints uniques, con\u00e7us pour transformer vos murs en v\u00e9ritables \u0153uvres d\u2019art. Gr\u00e2ce \u00e0 leur style harmonieux et leur&#8230;<\/p>\n","protected":false},"featured_media":16472,"template":"","meta":[],"product_brand":[],"product_cat":[35,34,154],"product_tag":[],"class_list":{"0":"post-16469","1":"product","2":"type-product","3":"status-publish","4":"has-post-thumbnail","6":"product_cat-papier-peint","7":"product_cat-revetement-mur","8":"product_cat-smart-surfaces","10":"first","11":"instock","12":"shipping-taxable","13":"product-type-simple"},"_links":{"self":[{"href":"https:\/\/darkyn.ma\/index.php\/wp-json\/wp\/v2\/product\/16469","targetHints":{"allow":["GET"]}}],"collection":[{"href":"https:\/\/darkyn.ma\/index.php\/wp-json\/wp\/v2\/product"}],"about":[{"href":"https:\/\/darkyn.ma\/index.php\/wp-json\/wp\/v2\/types\/product"}],"wp:featuredmedia":[{"embeddable":true,"href":"https:\/\/darkyn.ma\/index.php\/wp-json\/wp\/v2\/media\/16472"}],"wp:attachment":[{"href":"https:\/\/darkyn.ma\/index.php\/wp-json\/wp\/v2\/media?parent=16469"}],"wp:term":[{"taxonomy":"product_brand","embeddable":true,"href":"https:\/\/darkyn.ma\/index.php\/wp-json\/wp\/v2\/product_brand?post=16469"},{"taxonomy":"product_cat","embeddable":true,"href":"https:\/\/darkyn.ma\/index.php\/wp-json\/wp\/v2\/product_cat?post=16469"},{"taxonomy":"product_tag","embeddable":true,"href":"https:\/\/darkyn.ma\/index.php\/wp-json\/wp\/v2\/product_tag?post=16469"}],"curies":[{"name":"wp","href":"https:\/\/api.w.org\/{rel}","templated":true}]}}