{"id":16196,"date":"2026-02-12T13:03:00","date_gmt":"2026-02-12T13:03:00","guid":{"rendered":"https:\/\/darkyn.ma\/?post_type=product&#038;p=16196"},"modified":"2026-02-12T13:03:00","modified_gmt":"2026-02-12T13:03:00","slug":"michael-sky-399814","status":"publish","type":"product","link":"https:\/\/darkyn.ma\/index.php\/product\/michael-sky-399814\/","title":{"rendered":"Michael Sky &#8211; 399814"},"content":{"rendered":"<p><strong>Michael Sky<\/strong> m\u00eale \u00e9l\u00e9gance contemporaine et touches de nature. Inspir\u00e9e par les horizons ouverts et les lignes modernes, cette collection de papiers peints int\u00e8gre des motifs de feuillage subtils pour apporter fra\u00eecheur et s\u00e9r\u00e9nit\u00e9 \u00e0 vos espaces. Id\u00e9ale pour cr\u00e9er des int\u00e9rieurs lumineux, raffin\u00e9s et empreints de douceur, elle transforme vos murs en v\u00e9ritables paysages apaisants.<\/p>\n","protected":false},"excerpt":{"rendered":"<p>Michael Sky m\u00eale \u00e9l\u00e9gance contemporaine et touches de nature. Inspir\u00e9e par les horizons ouverts et les lignes modernes, cette collection de papiers peints int\u00e8gre des motifs de feuillage subtils pour&#8230;<\/p>\n","protected":false},"featured_media":16191,"template":"","meta":[],"product_brand":[],"product_cat":[152,35,34],"product_tag":[],"class_list":{"0":"post-16196","1":"product","2":"type-product","3":"status-publish","4":"has-post-thumbnail","6":"product_cat-michael-sky","7":"product_cat-papier-peint","8":"product_cat-revetement-mur","10":"first","11":"instock","12":"shipping-taxable","13":"product-type-simple"},"_links":{"self":[{"href":"https:\/\/darkyn.ma\/index.php\/wp-json\/wp\/v2\/product\/16196","targetHints":{"allow":["GET"]}}],"collection":[{"href":"https:\/\/darkyn.ma\/index.php\/wp-json\/wp\/v2\/product"}],"about":[{"href":"https:\/\/darkyn.ma\/index.php\/wp-json\/wp\/v2\/types\/product"}],"wp:featuredmedia":[{"embeddable":true,"href":"https:\/\/darkyn.ma\/index.php\/wp-json\/wp\/v2\/media\/16191"}],"wp:attachment":[{"href":"https:\/\/darkyn.ma\/index.php\/wp-json\/wp\/v2\/media?parent=16196"}],"wp:term":[{"taxonomy":"product_brand","embeddable":true,"href":"https:\/\/darkyn.ma\/index.php\/wp-json\/wp\/v2\/product_brand?post=16196"},{"taxonomy":"product_cat","embeddable":true,"href":"https:\/\/darkyn.ma\/index.php\/wp-json\/wp\/v2\/product_cat?post=16196"},{"taxonomy":"product_tag","embeddable":true,"href":"https:\/\/darkyn.ma\/index.php\/wp-json\/wp\/v2\/product_tag?post=16196"}],"curies":[{"name":"wp","href":"https:\/\/api.w.org\/{rel}","templated":true}]}}