{"id":16117,"date":"2026-02-12T12:45:35","date_gmt":"2026-02-12T12:45:35","guid":{"rendered":"https:\/\/darkyn.ma\/?post_type=product&#038;p=16117"},"modified":"2026-02-12T12:45:35","modified_gmt":"2026-02-12T12:45:35","slug":"metropolitan-travel-391775","status":"publish","type":"product","link":"https:\/\/darkyn.ma\/index.php\/product\/metropolitan-travel-391775\/","title":{"rendered":"Metropolitan Travel- 391775"},"content":{"rendered":"<p><strong>Metropolitan Travel<\/strong> est une invitation \u00e0 parcourir le monde \u00e0 travers des d\u00e9cors inspir\u00e9s des capitales embl\u00e9matiques. Entre modernit\u00e9 urbaine et esprit d\u2019\u00e9vasion, cette collection de papiers peints associe motifs contemporains, d\u00e9tails graphiques et influences internationales pour cr\u00e9er des int\u00e9rieurs dynamiques, \u00e9l\u00e9gants et r\u00e9solument ouverts sur le monde.<\/p>\n","protected":false},"excerpt":{"rendered":"<p>Metropolitan Travel est une invitation \u00e0 parcourir le monde \u00e0 travers des d\u00e9cors inspir\u00e9s des capitales embl\u00e9matiques. Entre modernit\u00e9 urbaine et esprit d\u2019\u00e9vasion, cette collection de papiers peints associe motifs&#8230;<\/p>\n","protected":false},"featured_media":16122,"template":"","meta":[],"product_brand":[],"product_cat":[151,35,34],"product_tag":[],"class_list":{"0":"post-16117","1":"product","2":"type-product","3":"status-publish","4":"has-post-thumbnail","6":"product_cat-metropolitan-travel","7":"product_cat-papier-peint","8":"product_cat-revetement-mur","10":"first","11":"instock","12":"shipping-taxable","13":"product-type-simple"},"_links":{"self":[{"href":"https:\/\/darkyn.ma\/index.php\/wp-json\/wp\/v2\/product\/16117","targetHints":{"allow":["GET"]}}],"collection":[{"href":"https:\/\/darkyn.ma\/index.php\/wp-json\/wp\/v2\/product"}],"about":[{"href":"https:\/\/darkyn.ma\/index.php\/wp-json\/wp\/v2\/types\/product"}],"wp:featuredmedia":[{"embeddable":true,"href":"https:\/\/darkyn.ma\/index.php\/wp-json\/wp\/v2\/media\/16122"}],"wp:attachment":[{"href":"https:\/\/darkyn.ma\/index.php\/wp-json\/wp\/v2\/media?parent=16117"}],"wp:term":[{"taxonomy":"product_brand","embeddable":true,"href":"https:\/\/darkyn.ma\/index.php\/wp-json\/wp\/v2\/product_brand?post=16117"},{"taxonomy":"product_cat","embeddable":true,"href":"https:\/\/darkyn.ma\/index.php\/wp-json\/wp\/v2\/product_cat?post=16117"},{"taxonomy":"product_tag","embeddable":true,"href":"https:\/\/darkyn.ma\/index.php\/wp-json\/wp\/v2\/product_tag?post=16117"}],"curies":[{"name":"wp","href":"https:\/\/api.w.org\/{rel}","templated":true}]}}