{"id":15794,"date":"2026-02-10T13:54:13","date_gmt":"2026-02-10T13:54:13","guid":{"rendered":"https:\/\/darkyn.ma\/?post_type=product&#038;p=15794"},"modified":"2026-02-10T14:10:08","modified_gmt":"2026-02-10T14:10:08","slug":"metropolitan-stories-378551","status":"publish","type":"product","link":"https:\/\/darkyn.ma\/index.php\/product\/metropolitan-stories-378551\/","title":{"rendered":"Metropolitan Stories &#8211; 378551"},"content":{"rendered":"<p><strong>Metropolitan Stories<\/strong> capture l\u2019\u00e9nergie et l\u2019\u00e9l\u00e9gance des grandes villes. Inspir\u00e9e par l\u2019architecture urbaine et les rythmes contemporains, cette collection de papiers peints joue avec les lignes, les textures et les contrastes pour cr\u00e9er des int\u00e9rieurs modernes, graphiques et affirm\u00e9s. Une signature id\u00e9ale pour des espaces au style cosmopolite et audacieux.<\/p>\n","protected":false},"excerpt":{"rendered":"<p>Metropolitan Stories capture l\u2019\u00e9nergie et l\u2019\u00e9l\u00e9gance des grandes villes. Inspir\u00e9e par l\u2019architecture urbaine et les rythmes contemporains, cette collection de papiers peints joue avec les lignes, les textures et les&#8230;<\/p>\n","protected":false},"featured_media":15801,"template":"","meta":[],"product_brand":[],"product_cat":[150,35,34],"product_tag":[],"class_list":{"0":"post-15794","1":"product","2":"type-product","3":"status-publish","4":"has-post-thumbnail","6":"product_cat-metropolitan-stories","7":"product_cat-papier-peint","8":"product_cat-revetement-mur","10":"first","11":"instock","12":"shipping-taxable","13":"product-type-simple"},"_links":{"self":[{"href":"https:\/\/darkyn.ma\/index.php\/wp-json\/wp\/v2\/product\/15794","targetHints":{"allow":["GET"]}}],"collection":[{"href":"https:\/\/darkyn.ma\/index.php\/wp-json\/wp\/v2\/product"}],"about":[{"href":"https:\/\/darkyn.ma\/index.php\/wp-json\/wp\/v2\/types\/product"}],"wp:featuredmedia":[{"embeddable":true,"href":"https:\/\/darkyn.ma\/index.php\/wp-json\/wp\/v2\/media\/15801"}],"wp:attachment":[{"href":"https:\/\/darkyn.ma\/index.php\/wp-json\/wp\/v2\/media?parent=15794"}],"wp:term":[{"taxonomy":"product_brand","embeddable":true,"href":"https:\/\/darkyn.ma\/index.php\/wp-json\/wp\/v2\/product_brand?post=15794"},{"taxonomy":"product_cat","embeddable":true,"href":"https:\/\/darkyn.ma\/index.php\/wp-json\/wp\/v2\/product_cat?post=15794"},{"taxonomy":"product_tag","embeddable":true,"href":"https:\/\/darkyn.ma\/index.php\/wp-json\/wp\/v2\/product_tag?post=15794"}],"curies":[{"name":"wp","href":"https:\/\/api.w.org\/{rel}","templated":true}]}}