{"id":15231,"date":"2026-02-05T14:31:59","date_gmt":"2026-02-05T14:31:59","guid":{"rendered":"https:\/\/darkyn.ma\/?post_type=product&#038;p=15231"},"modified":"2026-02-06T08:49:01","modified_gmt":"2026-02-06T08:49:01","slug":"cuba-380284","status":"publish","type":"product","link":"https:\/\/darkyn.ma\/index.php\/product\/cuba-380284\/","title":{"rendered":"Cuba &#8211; 380284"},"content":{"rendered":"<p><strong>Cuba<\/strong> insuffle une \u00e9nergie vibrante \u00e0 vos murs. Inspir\u00e9e par la chaleur des couleurs, le rythme de la musique et l\u2019\u00e2me des villes cubaines, cette collection m\u00eale motifs audacieux et teintes ensoleill\u00e9es. Parfaite pour cr\u00e9er des int\u00e9rieurs expressifs, vivants et pleins de caract\u00e8re.<\/p>\n","protected":false},"excerpt":{"rendered":"<p>Cuba insuffle une \u00e9nergie vibrante \u00e0 vos murs. Inspir\u00e9e par la chaleur des couleurs, le rythme de la musique et l\u2019\u00e2me des villes cubaines, cette collection m\u00eale motifs audacieux et&#8230;<\/p>\n","protected":false},"featured_media":15232,"template":"","meta":[],"product_brand":[],"product_cat":[145,35,34],"product_tag":[],"class_list":{"0":"post-15231","1":"product","2":"type-product","3":"status-publish","4":"has-post-thumbnail","6":"product_cat-cuba","7":"product_cat-papier-peint","8":"product_cat-revetement-mur","10":"first","11":"instock","12":"shipping-taxable","13":"product-type-simple"},"_links":{"self":[{"href":"https:\/\/darkyn.ma\/index.php\/wp-json\/wp\/v2\/product\/15231","targetHints":{"allow":["GET"]}}],"collection":[{"href":"https:\/\/darkyn.ma\/index.php\/wp-json\/wp\/v2\/product"}],"about":[{"href":"https:\/\/darkyn.ma\/index.php\/wp-json\/wp\/v2\/types\/product"}],"wp:featuredmedia":[{"embeddable":true,"href":"https:\/\/darkyn.ma\/index.php\/wp-json\/wp\/v2\/media\/15232"}],"wp:attachment":[{"href":"https:\/\/darkyn.ma\/index.php\/wp-json\/wp\/v2\/media?parent=15231"}],"wp:term":[{"taxonomy":"product_brand","embeddable":true,"href":"https:\/\/darkyn.ma\/index.php\/wp-json\/wp\/v2\/product_brand?post=15231"},{"taxonomy":"product_cat","embeddable":true,"href":"https:\/\/darkyn.ma\/index.php\/wp-json\/wp\/v2\/product_cat?post=15231"},{"taxonomy":"product_tag","embeddable":true,"href":"https:\/\/darkyn.ma\/index.php\/wp-json\/wp\/v2\/product_tag?post=15231"}],"curies":[{"name":"wp","href":"https:\/\/api.w.org\/{rel}","templated":true}]}}