{"id":14796,"date":"2026-02-02T13:13:47","date_gmt":"2026-02-02T13:13:47","guid":{"rendered":"https:\/\/darkyn.ma\/?post_type=product&#038;p=14796"},"modified":"2026-02-02T13:15:52","modified_gmt":"2026-02-02T13:15:52","slug":"sky-lounge-608038","status":"publish","type":"product","link":"https:\/\/darkyn.ma\/index.php\/product\/sky-lounge-608038\/","title":{"rendered":"Sky Lounge &#8211; 608052"},"content":{"rendered":"<p>Une \u00e9l\u00e9gance moderne avec le style : c\u2019est ainsi que la nouvelle collection Sky Lounge se met en sc\u00e8ne et devient incontournable pour tous ceux qui souhaitent am\u00e9nager leur espace de vie de mani\u00e8re urbaine et sophistiqu\u00e9e. L\u2019\u00e9l\u00e9gance raffin\u00e9e, la structure gaufr\u00e9e, et l\u2019aspect tridimensionnel des merveilleux motifs s\u00e9duisent. Les superbes effets m\u00e9talliques des formes g\u00e9om\u00e9triques s\u00e9duisent \u00e9galement. L\u2019association d\u2019un aspect brillant et d\u2019un d\u2019aspect mat permet de cr\u00e9er de fantastiques reflets lumineux, de sorte que diff\u00e9rents \u00e9l\u00e9ments des motifs sont mis en valeur en fonction de l\u2019incidence de la lumi\u00e8re.<\/p>\n","protected":false},"excerpt":{"rendered":"<p>Une \u00e9l\u00e9gance moderne avec le style : c\u2019est ainsi que la nouvelle collection Sky Lounge se met en sc\u00e8ne et devient incontournable pour tous ceux qui souhaitent am\u00e9nager leur espace&#8230;<\/p>\n","protected":false},"featured_media":14799,"template":"","meta":[],"product_brand":[],"product_cat":[35,34,141],"product_tag":[],"class_list":{"0":"post-14796","1":"product","2":"type-product","3":"status-publish","4":"has-post-thumbnail","6":"product_cat-papier-peint","7":"product_cat-revetement-mur","8":"product_cat-sky-lounge","10":"first","11":"instock","12":"shipping-taxable","13":"product-type-simple"},"_links":{"self":[{"href":"https:\/\/darkyn.ma\/index.php\/wp-json\/wp\/v2\/product\/14796","targetHints":{"allow":["GET"]}}],"collection":[{"href":"https:\/\/darkyn.ma\/index.php\/wp-json\/wp\/v2\/product"}],"about":[{"href":"https:\/\/darkyn.ma\/index.php\/wp-json\/wp\/v2\/types\/product"}],"wp:featuredmedia":[{"embeddable":true,"href":"https:\/\/darkyn.ma\/index.php\/wp-json\/wp\/v2\/media\/14799"}],"wp:attachment":[{"href":"https:\/\/darkyn.ma\/index.php\/wp-json\/wp\/v2\/media?parent=14796"}],"wp:term":[{"taxonomy":"product_brand","embeddable":true,"href":"https:\/\/darkyn.ma\/index.php\/wp-json\/wp\/v2\/product_brand?post=14796"},{"taxonomy":"product_cat","embeddable":true,"href":"https:\/\/darkyn.ma\/index.php\/wp-json\/wp\/v2\/product_cat?post=14796"},{"taxonomy":"product_tag","embeddable":true,"href":"https:\/\/darkyn.ma\/index.php\/wp-json\/wp\/v2\/product_tag?post=14796"}],"curies":[{"name":"wp","href":"https:\/\/api.w.org\/{rel}","templated":true}]}}