{"id":14469,"date":"2026-01-29T14:10:43","date_gmt":"2026-01-29T14:10:43","guid":{"rendered":"https:\/\/darkyn.ma\/?post_type=product&#038;p=14469"},"modified":"2026-01-29T14:10:43","modified_gmt":"2026-01-29T14:10:43","slug":"paraiso-330120","status":"publish","type":"product","link":"https:\/\/darkyn.ma\/index.php\/product\/paraiso-330120\/","title":{"rendered":"Paraiso &#8211; 330120"},"content":{"rendered":"<p><strong>Paraiso<\/strong> invite \u00e0 l\u2019\u00e9vasion et \u00e0 la d\u00e9tente avec des murs qui respirent la beaut\u00e9 et la s\u00e9r\u00e9nit\u00e9. Des motifs exotiques, des couleurs chaudes et des textures d\u00e9licates cr\u00e9ent des int\u00e9rieurs lumineux et apaisants. Id\u00e9ale pour instaurer une atmosph\u00e8re tropicale, \u00e9l\u00e9gante et inspirante, cette collection transforme chaque espace en un v\u00e9ritable paradis d\u00e9coratif.<\/p>\n","protected":false},"excerpt":{"rendered":"<p>Paraiso invite \u00e0 l\u2019\u00e9vasion et \u00e0 la d\u00e9tente avec des murs qui respirent la beaut\u00e9 et la s\u00e9r\u00e9nit\u00e9. Des motifs exotiques, des couleurs chaudes et des textures d\u00e9licates cr\u00e9ent des&#8230;<\/p>\n","protected":false},"featured_media":14467,"template":"","meta":[],"product_brand":[],"product_cat":[35,137,34],"product_tag":[],"class_list":{"0":"post-14469","1":"product","2":"type-product","3":"status-publish","4":"has-post-thumbnail","6":"product_cat-papier-peint","7":"product_cat-paraiso","8":"product_cat-revetement-mur","10":"first","11":"instock","12":"shipping-taxable","13":"product-type-simple"},"_links":{"self":[{"href":"https:\/\/darkyn.ma\/index.php\/wp-json\/wp\/v2\/product\/14469","targetHints":{"allow":["GET"]}}],"collection":[{"href":"https:\/\/darkyn.ma\/index.php\/wp-json\/wp\/v2\/product"}],"about":[{"href":"https:\/\/darkyn.ma\/index.php\/wp-json\/wp\/v2\/types\/product"}],"wp:featuredmedia":[{"embeddable":true,"href":"https:\/\/darkyn.ma\/index.php\/wp-json\/wp\/v2\/media\/14467"}],"wp:attachment":[{"href":"https:\/\/darkyn.ma\/index.php\/wp-json\/wp\/v2\/media?parent=14469"}],"wp:term":[{"taxonomy":"product_brand","embeddable":true,"href":"https:\/\/darkyn.ma\/index.php\/wp-json\/wp\/v2\/product_brand?post=14469"},{"taxonomy":"product_cat","embeddable":true,"href":"https:\/\/darkyn.ma\/index.php\/wp-json\/wp\/v2\/product_cat?post=14469"},{"taxonomy":"product_tag","embeddable":true,"href":"https:\/\/darkyn.ma\/index.php\/wp-json\/wp\/v2\/product_tag?post=14469"}],"curies":[{"name":"wp","href":"https:\/\/api.w.org\/{rel}","templated":true}]}}