{"id":14405,"date":"2026-01-29T09:57:50","date_gmt":"2026-01-29T09:57:50","guid":{"rendered":"https:\/\/darkyn.ma\/?post_type=product&#038;p=14405"},"modified":"2026-01-29T09:57:51","modified_gmt":"2026-01-29T09:57:51","slug":"novella-xl-983005","status":"publish","type":"product","link":"https:\/\/darkyn.ma\/index.php\/product\/novella-xl-983005\/","title":{"rendered":"Novella XL &#8211; 983005"},"content":{"rendered":"<p><strong>Novella<\/strong> raconte une histoire de style et d\u2019\u00e9l\u00e9gance \u00e0 travers vos murs. Des motifs raffin\u00e9s, des textures subtiles et des couleurs harmonieuses cr\u00e9ent des int\u00e9rieurs sophistiqu\u00e9s et accueillants. Id\u00e9ale pour apporter caract\u00e8re et modernit\u00e9, cette collection transforme chaque espace en un lieu inspirant et r\u00e9solument chic.<\/p>\n","protected":false},"excerpt":{"rendered":"<p>Novella raconte une histoire de style et d\u2019\u00e9l\u00e9gance \u00e0 travers vos murs. Des motifs raffin\u00e9s, des textures subtiles et des couleurs harmonieuses cr\u00e9ent des int\u00e9rieurs sophistiqu\u00e9s et accueillants. Id\u00e9ale pour&#8230;<\/p>\n","protected":false},"featured_media":14407,"template":"","meta":[],"product_brand":[],"product_cat":[136,35,34],"product_tag":[],"class_list":{"0":"post-14405","1":"product","2":"type-product","3":"status-publish","4":"has-post-thumbnail","6":"product_cat-novella-xl","7":"product_cat-papier-peint","8":"product_cat-revetement-mur","10":"first","11":"instock","12":"shipping-taxable","13":"product-type-simple"},"_links":{"self":[{"href":"https:\/\/darkyn.ma\/index.php\/wp-json\/wp\/v2\/product\/14405","targetHints":{"allow":["GET"]}}],"collection":[{"href":"https:\/\/darkyn.ma\/index.php\/wp-json\/wp\/v2\/product"}],"about":[{"href":"https:\/\/darkyn.ma\/index.php\/wp-json\/wp\/v2\/types\/product"}],"wp:featuredmedia":[{"embeddable":true,"href":"https:\/\/darkyn.ma\/index.php\/wp-json\/wp\/v2\/media\/14407"}],"wp:attachment":[{"href":"https:\/\/darkyn.ma\/index.php\/wp-json\/wp\/v2\/media?parent=14405"}],"wp:term":[{"taxonomy":"product_brand","embeddable":true,"href":"https:\/\/darkyn.ma\/index.php\/wp-json\/wp\/v2\/product_brand?post=14405"},{"taxonomy":"product_cat","embeddable":true,"href":"https:\/\/darkyn.ma\/index.php\/wp-json\/wp\/v2\/product_cat?post=14405"},{"taxonomy":"product_tag","embeddable":true,"href":"https:\/\/darkyn.ma\/index.php\/wp-json\/wp\/v2\/product_tag?post=14405"}],"curies":[{"name":"wp","href":"https:\/\/api.w.org\/{rel}","templated":true}]}}