{"id":14352,"date":"2026-01-29T09:39:36","date_gmt":"2026-01-29T09:39:36","guid":{"rendered":"https:\/\/darkyn.ma\/?post_type=product&#038;p=14352"},"modified":"2026-01-29T09:39:36","modified_gmt":"2026-01-29T09:39:36","slug":"moana-300535","status":"publish","type":"product","link":"https:\/\/darkyn.ma\/index.php\/product\/moana-300535\/","title":{"rendered":"Moana &#8211; 300535"},"content":{"rendered":"<p><strong>Moana<\/strong> \u00e9voque l\u2019esprit de l\u2019oc\u00e9an et la beaut\u00e9 des horizons marins. Des motifs fluides, des couleurs apaisantes et des textures d\u00e9licates cr\u00e9ent des int\u00e9rieurs frais, lumineux et inspirants. Parfaite pour instaurer une atmosph\u00e8re relaxante et \u00e9l\u00e9gante, cette collection transforme vos murs en v\u00e9ritables vagues de style et de s\u00e9r\u00e9nit\u00e9.<\/p>\n","protected":false},"excerpt":{"rendered":"<p>Moana \u00e9voque l\u2019esprit de l\u2019oc\u00e9an et la beaut\u00e9 des horizons marins. Des motifs fluides, des couleurs apaisantes et des textures d\u00e9licates cr\u00e9ent des int\u00e9rieurs frais, lumineux et inspirants. Parfaite pour&#8230;<\/p>\n","protected":false},"featured_media":14354,"template":"","meta":[],"product_brand":[],"product_cat":[135,35,34],"product_tag":[],"class_list":{"0":"post-14352","1":"product","2":"type-product","3":"status-publish","4":"has-post-thumbnail","6":"product_cat-moana","7":"product_cat-papier-peint","8":"product_cat-revetement-mur","10":"first","11":"instock","12":"shipping-taxable","13":"product-type-simple"},"_links":{"self":[{"href":"https:\/\/darkyn.ma\/index.php\/wp-json\/wp\/v2\/product\/14352","targetHints":{"allow":["GET"]}}],"collection":[{"href":"https:\/\/darkyn.ma\/index.php\/wp-json\/wp\/v2\/product"}],"about":[{"href":"https:\/\/darkyn.ma\/index.php\/wp-json\/wp\/v2\/types\/product"}],"wp:featuredmedia":[{"embeddable":true,"href":"https:\/\/darkyn.ma\/index.php\/wp-json\/wp\/v2\/media\/14354"}],"wp:attachment":[{"href":"https:\/\/darkyn.ma\/index.php\/wp-json\/wp\/v2\/media?parent=14352"}],"wp:term":[{"taxonomy":"product_brand","embeddable":true,"href":"https:\/\/darkyn.ma\/index.php\/wp-json\/wp\/v2\/product_brand?post=14352"},{"taxonomy":"product_cat","embeddable":true,"href":"https:\/\/darkyn.ma\/index.php\/wp-json\/wp\/v2\/product_cat?post=14352"},{"taxonomy":"product_tag","embeddable":true,"href":"https:\/\/darkyn.ma\/index.php\/wp-json\/wp\/v2\/product_tag?post=14352"}],"curies":[{"name":"wp","href":"https:\/\/api.w.org\/{rel}","templated":true}]}}