{"id":14268,"date":"2026-01-29T08:20:13","date_gmt":"2026-01-29T08:20:13","guid":{"rendered":"https:\/\/darkyn.ma\/?post_type=product&#038;p=14268"},"modified":"2026-01-29T08:20:13","modified_gmt":"2026-01-29T08:20:13","slug":"kids-worlds-ii-301410","status":"publish","type":"product","link":"https:\/\/darkyn.ma\/index.php\/product\/kids-worlds-ii-301410\/","title":{"rendered":"Kids Worlds II &#8211; 301410"},"content":{"rendered":"<p>Kids World transforme les chambres d\u2019enfants en univers ludiques et color\u00e9s. Des motifs joyeux, des couleurs vives et des designs cr\u00e9atifs stimulent l\u2019imagination tout en apportant confort et harmonie. Parfaite pour cr\u00e9er des espaces amusants, inspirants et pleins de vie, cette collection fait de chaque mur un terrain de jeu o\u00f9 r\u00eave et cr\u00e9ativit\u00e9 se rencontrent.<\/p>\n","protected":false},"excerpt":{"rendered":"<p>Kids World transforme les chambres d\u2019enfants en univers ludiques et color\u00e9s. Des motifs joyeux, des couleurs vives et des designs cr\u00e9atifs stimulent l\u2019imagination tout en apportant confort et harmonie. Parfaite&#8230;<\/p>\n","protected":false},"featured_media":14270,"template":"","meta":[],"product_brand":[],"product_cat":[134,35,34],"product_tag":[],"class_list":{"0":"post-14268","1":"product","2":"type-product","3":"status-publish","4":"has-post-thumbnail","6":"product_cat-kids-worlds-ii","7":"product_cat-papier-peint","8":"product_cat-revetement-mur","10":"first","11":"instock","12":"shipping-taxable","13":"product-type-simple"},"_links":{"self":[{"href":"https:\/\/darkyn.ma\/index.php\/wp-json\/wp\/v2\/product\/14268","targetHints":{"allow":["GET"]}}],"collection":[{"href":"https:\/\/darkyn.ma\/index.php\/wp-json\/wp\/v2\/product"}],"about":[{"href":"https:\/\/darkyn.ma\/index.php\/wp-json\/wp\/v2\/types\/product"}],"wp:featuredmedia":[{"embeddable":true,"href":"https:\/\/darkyn.ma\/index.php\/wp-json\/wp\/v2\/media\/14270"}],"wp:attachment":[{"href":"https:\/\/darkyn.ma\/index.php\/wp-json\/wp\/v2\/media?parent=14268"}],"wp:term":[{"taxonomy":"product_brand","embeddable":true,"href":"https:\/\/darkyn.ma\/index.php\/wp-json\/wp\/v2\/product_brand?post=14268"},{"taxonomy":"product_cat","embeddable":true,"href":"https:\/\/darkyn.ma\/index.php\/wp-json\/wp\/v2\/product_cat?post=14268"},{"taxonomy":"product_tag","embeddable":true,"href":"https:\/\/darkyn.ma\/index.php\/wp-json\/wp\/v2\/product_tag?post=14268"}],"curies":[{"name":"wp","href":"https:\/\/api.w.org\/{rel}","templated":true}]}}