{"id":14180,"date":"2026-01-28T09:00:32","date_gmt":"2026-01-28T09:00:32","guid":{"rendered":"https:\/\/darkyn.ma\/?post_type=product&#038;p=14180"},"modified":"2026-01-28T09:07:47","modified_gmt":"2026-01-28T09:07:47","slug":"golden-hour-941043","status":"publish","type":"product","link":"https:\/\/darkyn.ma\/index.php\/product\/golden-hour-941043\/","title":{"rendered":"Golden Hour &#8211; 941043"},"content":{"rendered":"<p><strong>Golden Hour<\/strong> capture la magie des instants dor\u00e9s pour sublimer vos murs. Des couleurs chaudes, des motifs lumineux et des textures raffin\u00e9es cr\u00e9ent des int\u00e9rieurs \u00e9l\u00e9gants et enveloppants. Id\u00e9ale pour instaurer une atmosph\u00e8re chaleureuse, sophistiqu\u00e9e et pleine de charme, cette collection transforme chaque espace en un lieu lumineux et inspirant.<\/p>\n","protected":false},"excerpt":{"rendered":"<p>Golden Hour capture la magie des instants dor\u00e9s pour sublimer vos murs. Des couleurs chaudes, des motifs lumineux et des textures raffin\u00e9es cr\u00e9ent des int\u00e9rieurs \u00e9l\u00e9gants et enveloppants. Id\u00e9ale pour&#8230;<\/p>\n","protected":false},"featured_media":14182,"template":"","meta":[],"product_brand":[],"product_cat":[132,35,34],"product_tag":[],"class_list":{"0":"post-14180","1":"product","2":"type-product","3":"status-publish","4":"has-post-thumbnail","6":"product_cat-golden-hour","7":"product_cat-papier-peint","8":"product_cat-revetement-mur","10":"first","11":"instock","12":"shipping-taxable","13":"product-type-simple"},"_links":{"self":[{"href":"https:\/\/darkyn.ma\/index.php\/wp-json\/wp\/v2\/product\/14180","targetHints":{"allow":["GET"]}}],"collection":[{"href":"https:\/\/darkyn.ma\/index.php\/wp-json\/wp\/v2\/product"}],"about":[{"href":"https:\/\/darkyn.ma\/index.php\/wp-json\/wp\/v2\/types\/product"}],"wp:featuredmedia":[{"embeddable":true,"href":"https:\/\/darkyn.ma\/index.php\/wp-json\/wp\/v2\/media\/14182"}],"wp:attachment":[{"href":"https:\/\/darkyn.ma\/index.php\/wp-json\/wp\/v2\/media?parent=14180"}],"wp:term":[{"taxonomy":"product_brand","embeddable":true,"href":"https:\/\/darkyn.ma\/index.php\/wp-json\/wp\/v2\/product_brand?post=14180"},{"taxonomy":"product_cat","embeddable":true,"href":"https:\/\/darkyn.ma\/index.php\/wp-json\/wp\/v2\/product_cat?post=14180"},{"taxonomy":"product_tag","embeddable":true,"href":"https:\/\/darkyn.ma\/index.php\/wp-json\/wp\/v2\/product_tag?post=14180"}],"curies":[{"name":"wp","href":"https:\/\/api.w.org\/{rel}","templated":true}]}}