{"id":14172,"date":"2026-01-22T11:21:26","date_gmt":"2026-01-22T11:21:26","guid":{"rendered":"https:\/\/darkyn.ma\/?post_type=product&#038;p=14172"},"modified":"2026-01-22T11:21:26","modified_gmt":"2026-01-22T11:21:26","slug":"floretine-481952","status":"publish","type":"product","link":"https:\/\/darkyn.ma\/index.php\/product\/floretine-481952\/","title":{"rendered":"Floretine &#8211; 481952"},"content":{"rendered":"<p><strong>Floretine<\/strong> invite la d\u00e9licatesse et la po\u00e9sie florale dans vos int\u00e9rieurs. Des motifs \u00e9l\u00e9gants, des couleurs douces et des textures raffin\u00e9es cr\u00e9ent des espaces lumineux, apaisants et pleins de charme. Id\u00e9ale pour sublimer chaque pi\u00e8ce avec sophistication et l\u00e9g\u00e8ret\u00e9, cette collection transforme vos murs en v\u00e9ritables jardins d\u2019inspiration.<\/p>\n","protected":false},"excerpt":{"rendered":"<p>Floretine invite la d\u00e9licatesse et la po\u00e9sie florale dans vos int\u00e9rieurs. Des motifs \u00e9l\u00e9gants, des couleurs douces et des textures raffin\u00e9es cr\u00e9ent des espaces lumineux, apaisants et pleins de charme&#8230;.<\/p>\n","protected":false},"featured_media":14173,"template":"","meta":[],"product_brand":[],"product_cat":[131,35,34],"product_tag":[],"class_list":{"0":"post-14172","1":"product","2":"type-product","3":"status-publish","4":"has-post-thumbnail","6":"product_cat-floretine","7":"product_cat-papier-peint","8":"product_cat-revetement-mur","10":"first","11":"instock","12":"shipping-taxable","13":"product-type-simple"},"_links":{"self":[{"href":"https:\/\/darkyn.ma\/index.php\/wp-json\/wp\/v2\/product\/14172","targetHints":{"allow":["GET"]}}],"collection":[{"href":"https:\/\/darkyn.ma\/index.php\/wp-json\/wp\/v2\/product"}],"about":[{"href":"https:\/\/darkyn.ma\/index.php\/wp-json\/wp\/v2\/types\/product"}],"wp:featuredmedia":[{"embeddable":true,"href":"https:\/\/darkyn.ma\/index.php\/wp-json\/wp\/v2\/media\/14173"}],"wp:attachment":[{"href":"https:\/\/darkyn.ma\/index.php\/wp-json\/wp\/v2\/media?parent=14172"}],"wp:term":[{"taxonomy":"product_brand","embeddable":true,"href":"https:\/\/darkyn.ma\/index.php\/wp-json\/wp\/v2\/product_brand?post=14172"},{"taxonomy":"product_cat","embeddable":true,"href":"https:\/\/darkyn.ma\/index.php\/wp-json\/wp\/v2\/product_cat?post=14172"},{"taxonomy":"product_tag","embeddable":true,"href":"https:\/\/darkyn.ma\/index.php\/wp-json\/wp\/v2\/product_tag?post=14172"}],"curies":[{"name":"wp","href":"https:\/\/api.w.org\/{rel}","templated":true}]}}