{"id":14124,"date":"2026-01-22T09:31:02","date_gmt":"2026-01-22T09:31:02","guid":{"rendered":"https:\/\/darkyn.ma\/?post_type=product&#038;p=14124"},"modified":"2026-01-22T09:31:02","modified_gmt":"2026-01-22T09:31:02","slug":"farm-living-709797","status":"publish","type":"product","link":"https:\/\/darkyn.ma\/index.php\/product\/farm-living-709797\/","title":{"rendered":"Farm Living &#8211; 709797"},"content":{"rendered":"<p><strong>Farm Living<\/strong> apporte la chaleur et le charme de la campagne directement dans vos int\u00e9rieurs. Des motifs naturels, des textures authentiques et des teintes douces cr\u00e9ent des espaces accueillants et conviviaux. Parfaite pour instaurer une atmosph\u00e8re rustique, chaleureuse et pleine de caract\u00e8re, cette collection transforme chaque mur en un v\u00e9ritable havre de confort et de style.<\/p>\n","protected":false},"excerpt":{"rendered":"<p>Farm Living apporte la chaleur et le charme de la campagne directement dans vos int\u00e9rieurs. Des motifs naturels, des textures authentiques et des teintes douces cr\u00e9ent des espaces accueillants et&#8230;<\/p>\n","protected":false},"featured_media":14126,"template":"","meta":[],"product_brand":[],"product_cat":[130,35,34],"product_tag":[],"class_list":{"0":"post-14124","1":"product","2":"type-product","3":"status-publish","4":"has-post-thumbnail","6":"product_cat-farm-living","7":"product_cat-papier-peint","8":"product_cat-revetement-mur","10":"first","11":"instock","12":"shipping-taxable","13":"product-type-simple"},"_links":{"self":[{"href":"https:\/\/darkyn.ma\/index.php\/wp-json\/wp\/v2\/product\/14124","targetHints":{"allow":["GET"]}}],"collection":[{"href":"https:\/\/darkyn.ma\/index.php\/wp-json\/wp\/v2\/product"}],"about":[{"href":"https:\/\/darkyn.ma\/index.php\/wp-json\/wp\/v2\/types\/product"}],"wp:featuredmedia":[{"embeddable":true,"href":"https:\/\/darkyn.ma\/index.php\/wp-json\/wp\/v2\/media\/14126"}],"wp:attachment":[{"href":"https:\/\/darkyn.ma\/index.php\/wp-json\/wp\/v2\/media?parent=14124"}],"wp:term":[{"taxonomy":"product_brand","embeddable":true,"href":"https:\/\/darkyn.ma\/index.php\/wp-json\/wp\/v2\/product_brand?post=14124"},{"taxonomy":"product_cat","embeddable":true,"href":"https:\/\/darkyn.ma\/index.php\/wp-json\/wp\/v2\/product_cat?post=14124"},{"taxonomy":"product_tag","embeddable":true,"href":"https:\/\/darkyn.ma\/index.php\/wp-json\/wp\/v2\/product_tag?post=14124"}],"curies":[{"name":"wp","href":"https:\/\/api.w.org\/{rel}","templated":true}]}}