{"id":13960,"date":"2026-01-20T08:47:59","date_gmt":"2026-01-20T08:47:59","guid":{"rendered":"https:\/\/darkyn.ma\/?post_type=product&#038;p=13960"},"modified":"2026-01-20T08:47:59","modified_gmt":"2026-01-20T08:47:59","slug":"deco-style-312911","status":"publish","type":"product","link":"https:\/\/darkyn.ma\/index.php\/product\/deco-style-312911\/","title":{"rendered":"Deco Style &#8211; 312911"},"content":{"rendered":"<p><strong>Deco Style<\/strong> r\u00e9invente la d\u00e9coration murale avec audace et \u00e9l\u00e9gance. Des motifs graphiques, des textures raffin\u00e9es et des couleurs harmonieuses cr\u00e9ent des int\u00e9rieurs modernes et sophistiqu\u00e9s. Parfaite pour ceux qui souhaitent allier style, personnalit\u00e9 et caract\u00e8re, cette collection transforme vos murs en v\u00e9ritables pi\u00e8ces ma\u00eetresses de votre d\u00e9coration.<\/p>\n","protected":false},"excerpt":{"rendered":"<p>Deco Style r\u00e9invente la d\u00e9coration murale avec audace et \u00e9l\u00e9gance. Des motifs graphiques, des textures raffin\u00e9es et des couleurs harmonieuses cr\u00e9ent des int\u00e9rieurs modernes et sophistiqu\u00e9s. Parfaite pour ceux qui&#8230;<\/p>\n","protected":false},"featured_media":13962,"template":"","meta":[],"product_brand":[],"product_cat":[128,35,34,17],"product_tag":[],"class_list":{"0":"post-13960","1":"product","2":"type-product","3":"status-publish","4":"has-post-thumbnail","6":"product_cat-deco-style","7":"product_cat-papier-peint","8":"product_cat-revetement-mur","9":"product_cat-uncategorised","11":"first","12":"instock","13":"shipping-taxable","14":"product-type-simple"},"_links":{"self":[{"href":"https:\/\/darkyn.ma\/index.php\/wp-json\/wp\/v2\/product\/13960","targetHints":{"allow":["GET"]}}],"collection":[{"href":"https:\/\/darkyn.ma\/index.php\/wp-json\/wp\/v2\/product"}],"about":[{"href":"https:\/\/darkyn.ma\/index.php\/wp-json\/wp\/v2\/types\/product"}],"wp:featuredmedia":[{"embeddable":true,"href":"https:\/\/darkyn.ma\/index.php\/wp-json\/wp\/v2\/media\/13962"}],"wp:attachment":[{"href":"https:\/\/darkyn.ma\/index.php\/wp-json\/wp\/v2\/media?parent=13960"}],"wp:term":[{"taxonomy":"product_brand","embeddable":true,"href":"https:\/\/darkyn.ma\/index.php\/wp-json\/wp\/v2\/product_brand?post=13960"},{"taxonomy":"product_cat","embeddable":true,"href":"https:\/\/darkyn.ma\/index.php\/wp-json\/wp\/v2\/product_cat?post=13960"},{"taxonomy":"product_tag","embeddable":true,"href":"https:\/\/darkyn.ma\/index.php\/wp-json\/wp\/v2\/product_tag?post=13960"}],"curies":[{"name":"wp","href":"https:\/\/api.w.org\/{rel}","templated":true}]}}