{"id":13865,"date":"2026-01-16T10:39:32","date_gmt":"2026-01-16T10:39:32","guid":{"rendered":"https:\/\/darkyn.ma\/?post_type=product&#038;p=13865"},"modified":"2026-01-16T10:39:32","modified_gmt":"2026-01-16T10:39:32","slug":"curiosity-537680","status":"publish","type":"product","link":"https:\/\/darkyn.ma\/index.php\/product\/curiosity-537680\/","title":{"rendered":"Curiosity &#8211; 537680"},"content":{"rendered":"<p><strong>Curiosity<\/strong> \u00e9veille l\u2019imagination et transforme vos murs en v\u00e9ritables terrains d\u2019inspiration. Des motifs innovants, des textures originales et des couleurs audacieuses cr\u00e9ent des espaces dynamiques et captivants. Id\u00e9ale pour ceux qui osent explorer de nouveaux styles, cette collection apporte modernit\u00e9, personnalit\u00e9 et cr\u00e9ativit\u00e9 \u00e0 chaque int\u00e9rieur.<\/p>\n","protected":false},"excerpt":{"rendered":"<p>Curiosity \u00e9veille l\u2019imagination et transforme vos murs en v\u00e9ritables terrains d\u2019inspiration. Des motifs innovants, des textures originales et des couleurs audacieuses cr\u00e9ent des espaces dynamiques et captivants. Id\u00e9ale pour ceux&#8230;<\/p>\n","protected":false},"featured_media":13867,"template":"","meta":[],"product_brand":[],"product_cat":[127,35,34,17],"product_tag":[],"class_list":{"0":"post-13865","1":"product","2":"type-product","3":"status-publish","4":"has-post-thumbnail","6":"product_cat-curiosity","7":"product_cat-papier-peint","8":"product_cat-revetement-mur","9":"product_cat-uncategorised","11":"first","12":"instock","13":"shipping-taxable","14":"product-type-simple"},"_links":{"self":[{"href":"https:\/\/darkyn.ma\/index.php\/wp-json\/wp\/v2\/product\/13865","targetHints":{"allow":["GET"]}}],"collection":[{"href":"https:\/\/darkyn.ma\/index.php\/wp-json\/wp\/v2\/product"}],"about":[{"href":"https:\/\/darkyn.ma\/index.php\/wp-json\/wp\/v2\/types\/product"}],"wp:featuredmedia":[{"embeddable":true,"href":"https:\/\/darkyn.ma\/index.php\/wp-json\/wp\/v2\/media\/13867"}],"wp:attachment":[{"href":"https:\/\/darkyn.ma\/index.php\/wp-json\/wp\/v2\/media?parent=13865"}],"wp:term":[{"taxonomy":"product_brand","embeddable":true,"href":"https:\/\/darkyn.ma\/index.php\/wp-json\/wp\/v2\/product_brand?post=13865"},{"taxonomy":"product_cat","embeddable":true,"href":"https:\/\/darkyn.ma\/index.php\/wp-json\/wp\/v2\/product_cat?post=13865"},{"taxonomy":"product_tag","embeddable":true,"href":"https:\/\/darkyn.ma\/index.php\/wp-json\/wp\/v2\/product_tag?post=13865"}],"curies":[{"name":"wp","href":"https:\/\/api.w.org\/{rel}","templated":true}]}}