{"id":13792,"date":"2026-01-16T08:27:06","date_gmt":"2026-01-16T08:27:06","guid":{"rendered":"https:\/\/darkyn.ma\/?post_type=product&#038;p=13792"},"modified":"2026-01-16T08:27:54","modified_gmt":"2026-01-16T08:27:54","slug":"beltesto-794809","status":"publish","type":"product","link":"https:\/\/darkyn.ma\/index.php\/product\/beltesto-794809\/","title":{"rendered":"Beltesto &#8211; 794809"},"content":{"rendered":"<p><strong>Beltesto<\/strong> allie sophistication et modernit\u00e9 pour sublimer vos murs. Des motifs \u00e9l\u00e9gants, des textures raffin\u00e9es et des couleurs harmonieuses cr\u00e9ent des espaces \u00e0 la fois styl\u00e9s et accueillants. Parfaite pour donner du caract\u00e8re et de l\u2019authenticit\u00e9 \u00e0 votre int\u00e9rieur, cette collection transforme chaque pi\u00e8ce en un lieu chic et inspirant.<\/p>\n","protected":false},"excerpt":{"rendered":"<p>Beltesto allie sophistication et modernit\u00e9 pour sublimer vos murs. Des motifs \u00e9l\u00e9gants, des textures raffin\u00e9es et des couleurs harmonieuses cr\u00e9ent des espaces \u00e0 la fois styl\u00e9s et accueillants. Parfaite pour&#8230;<\/p>\n","protected":false},"featured_media":13794,"template":"","meta":[],"product_brand":[],"product_cat":[126,35,34],"product_tag":[],"class_list":{"0":"post-13792","1":"product","2":"type-product","3":"status-publish","4":"has-post-thumbnail","6":"product_cat-beltesto","7":"product_cat-papier-peint","8":"product_cat-revetement-mur","10":"first","11":"instock","12":"shipping-taxable","13":"product-type-simple"},"_links":{"self":[{"href":"https:\/\/darkyn.ma\/index.php\/wp-json\/wp\/v2\/product\/13792","targetHints":{"allow":["GET"]}}],"collection":[{"href":"https:\/\/darkyn.ma\/index.php\/wp-json\/wp\/v2\/product"}],"about":[{"href":"https:\/\/darkyn.ma\/index.php\/wp-json\/wp\/v2\/types\/product"}],"wp:featuredmedia":[{"embeddable":true,"href":"https:\/\/darkyn.ma\/index.php\/wp-json\/wp\/v2\/media\/13794"}],"wp:attachment":[{"href":"https:\/\/darkyn.ma\/index.php\/wp-json\/wp\/v2\/media?parent=13792"}],"wp:term":[{"taxonomy":"product_brand","embeddable":true,"href":"https:\/\/darkyn.ma\/index.php\/wp-json\/wp\/v2\/product_brand?post=13792"},{"taxonomy":"product_cat","embeddable":true,"href":"https:\/\/darkyn.ma\/index.php\/wp-json\/wp\/v2\/product_cat?post=13792"},{"taxonomy":"product_tag","embeddable":true,"href":"https:\/\/darkyn.ma\/index.php\/wp-json\/wp\/v2\/product_tag?post=13792"}],"curies":[{"name":"wp","href":"https:\/\/api.w.org\/{rel}","templated":true}]}}