{"id":13503,"date":"2026-01-12T09:26:43","date_gmt":"2026-01-12T09:26:43","guid":{"rendered":"https:\/\/darkyn.ma\/?post_type=product&#038;p=13503"},"modified":"2026-01-12T09:27:44","modified_gmt":"2026-01-12T09:27:44","slug":"papier-peint-african-queen-iii-752649","status":"publish","type":"product","link":"https:\/\/darkyn.ma\/index.php\/product\/papier-peint-african-queen-iii-752649\/","title":{"rendered":"Papier Peint &#8211; African Queen III &#8211; 752649"},"content":{"rendered":"<p><strong data-start=\"202\" data-end=\"219\">African Queen<\/strong> est une c\u00e9l\u00e9bration de la beaut\u00e9 africaine dans toute sa splendeur.<br data-start=\"287\" data-end=\"290\" \/>Motifs puissants, textures profondes et teintes chaleureuses s\u2019unissent pour habiller les murs avec caract\u00e8re et noblesse.<br data-start=\"412\" data-end=\"415\" \/>Une collection qui affirme l\u2019identit\u00e9, sublime les espaces et fait entrer la majest\u00e9 du continent africain au c\u0153ur de votre int\u00e9rieur.<\/p>\n","protected":false},"excerpt":{"rendered":"<p>African Queen est une c\u00e9l\u00e9bration de la beaut\u00e9 africaine dans toute sa splendeur.Motifs puissants, textures profondes et teintes chaleureuses s\u2019unissent pour habiller les murs avec caract\u00e8re et noblesse.Une collection qui&#8230;<\/p>\n","protected":false},"featured_media":13505,"template":"","meta":[],"product_brand":[],"product_cat":[123,122,35,34],"product_tag":[],"class_list":{"0":"post-13503","1":"product","2":"type-product","3":"status-publish","4":"has-post-thumbnail","6":"product_cat-african-queen-iii","7":"product_cat-antiga","8":"product_cat-papier-peint","9":"product_cat-revetement-mur","11":"first","12":"instock","13":"shipping-taxable","14":"product-type-simple"},"_links":{"self":[{"href":"https:\/\/darkyn.ma\/index.php\/wp-json\/wp\/v2\/product\/13503","targetHints":{"allow":["GET"]}}],"collection":[{"href":"https:\/\/darkyn.ma\/index.php\/wp-json\/wp\/v2\/product"}],"about":[{"href":"https:\/\/darkyn.ma\/index.php\/wp-json\/wp\/v2\/types\/product"}],"wp:featuredmedia":[{"embeddable":true,"href":"https:\/\/darkyn.ma\/index.php\/wp-json\/wp\/v2\/media\/13505"}],"wp:attachment":[{"href":"https:\/\/darkyn.ma\/index.php\/wp-json\/wp\/v2\/media?parent=13503"}],"wp:term":[{"taxonomy":"product_brand","embeddable":true,"href":"https:\/\/darkyn.ma\/index.php\/wp-json\/wp\/v2\/product_brand?post=13503"},{"taxonomy":"product_cat","embeddable":true,"href":"https:\/\/darkyn.ma\/index.php\/wp-json\/wp\/v2\/product_cat?post=13503"},{"taxonomy":"product_tag","embeddable":true,"href":"https:\/\/darkyn.ma\/index.php\/wp-json\/wp\/v2\/product_tag?post=13503"}],"curies":[{"name":"wp","href":"https:\/\/api.w.org\/{rel}","templated":true}]}}