{"id":13387,"date":"2026-01-05T13:44:49","date_gmt":"2026-01-05T13:44:49","guid":{"rendered":"https:\/\/darkyn.ma\/?post_type=product&#038;p=13387"},"modified":"2026-02-05T08:36:38","modified_gmt":"2026-02-05T08:36:38","slug":"canele-rl-arstyl","status":"publish","type":"product","link":"https:\/\/darkyn.ma\/index.php\/product\/canele-rl-arstyl\/","title":{"rendered":"Canel\u00e9 RL Arstyl"},"content":{"rendered":"<p data-start=\"114\" data-end=\"452\">Avec ses lignes concentriques d\u00e9licatement sculpt\u00e9es, le panneau <strong data-start=\"205\" data-end=\"226\">Canel\u00e9 RL ARSTYL\u00ae<\/strong> apporte du rythme et de la profondeur aux murs contemporains. Son motif en demi-arches cr\u00e9e un jeu d\u2019ombres subtil qui capte la lumi\u00e8re et donne du caract\u00e8re \u00e0 l\u2019espace, tout en conservant une esth\u00e9tique douce et minimaliste.<\/p>\n<p data-start=\"454\" data-end=\"757\">Id\u00e9al pour sublimer un mur d\u2019accent, une t\u00eate de lit, un hall d\u2019entr\u00e9e ou un espace professionnel, ce panneau d\u00e9coratif s\u2019int\u00e8gre aussi bien dans des int\u00e9rieurs modernes que plus classiques. L\u00e9ger, r\u00e9sistant et pr\u00eat \u00e0 \u00eatre peint, il offre une libert\u00e9 cr\u00e9ative totale pour personnaliser votre d\u00e9coration.<\/p>\n","protected":false},"excerpt":{"rendered":"<p><b>Dimensions du produit:<\/b><\/p>\n<ul class=\"details-block__list\">\n<li><span class=\"details-block__label\">Longueur (L)<\/span> 950 millim\u00e8tres<\/li>\n<li><span class=\"details-block__label\">Epaisseur (H)<\/span> 14.5 millim\u00e8tres<\/li>\n<li><span class=\"details-block__label\">Largeur (W)<\/span> 380 millim\u00e8tres<\/li>\n<\/ul>\n<p><b>Mat\u00e9riau:\u00a0\u00a0<\/b>Polyur\u00e9thane<\/p>\n<p><b>Couleur:<\/b><\/p>\n<ul>\n<li>Blanc<\/li>\n<li><span style=\"font-weight: 400;\">Appr\u00eat\u00e9, pr\u00eat \u00e0 peindre<\/span><\/li>\n<\/ul>\n<p><strong>Avantages :\u00a0<\/strong><\/p>\n<p>Avantages du panneau mural ARC S ARSTYL<sup>\u00ae<\/sup>\u00a0:<br \/>\n\u2013 Cr\u00e9ation de designs uniques<br \/>\n\u2013 Donne un aspect en 3D aux murs et aux plafonds<br \/>\n\u2013 R\u00e9sistant aux impacts et durable<br \/>\n\u2013 L\u00e9ger et simple \u00e0 installer<br \/>\n\u2013 Se combine avec le panneau mural ARC L ARSTYL<sup>\u00ae<\/sup>\u00a0et le profil\u00e9 de finition WL13 WALLSTYL<sup>\u00ae<br \/>\n<\/sup>&#8211; Avantages Techniques : ARC S \u00a0se pratique aussi comme isolant thermo-acoustique,<br \/>\n<b>prot\u00e9geant du froid, du bruit et de la chaleur, <\/b>et<b>\u00a0<\/b>r\u00e9siste \u00e0 l&rsquo;eau et \u00e0 l&rsquo;humidit\u00e9.<\/p>\n","protected":false},"featured_media":13390,"template":"","meta":[],"product_brand":[],"product_cat":[114,34],"product_tag":[117],"class_list":{"0":"post-13387","1":"product","2":"type-product","3":"status-publish","4":"has-post-thumbnail","6":"product_cat-moulures","7":"product_cat-revetement-mur","8":"product_tag-noel-marquet","10":"first","11":"instock","12":"shipping-taxable","13":"product-type-simple"},"_links":{"self":[{"href":"https:\/\/darkyn.ma\/index.php\/wp-json\/wp\/v2\/product\/13387","targetHints":{"allow":["GET"]}}],"collection":[{"href":"https:\/\/darkyn.ma\/index.php\/wp-json\/wp\/v2\/product"}],"about":[{"href":"https:\/\/darkyn.ma\/index.php\/wp-json\/wp\/v2\/types\/product"}],"wp:featuredmedia":[{"embeddable":true,"href":"https:\/\/darkyn.ma\/index.php\/wp-json\/wp\/v2\/media\/13390"}],"wp:attachment":[{"href":"https:\/\/darkyn.ma\/index.php\/wp-json\/wp\/v2\/media?parent=13387"}],"wp:term":[{"taxonomy":"product_brand","embeddable":true,"href":"https:\/\/darkyn.ma\/index.php\/wp-json\/wp\/v2\/product_brand?post=13387"},{"taxonomy":"product_cat","embeddable":true,"href":"https:\/\/darkyn.ma\/index.php\/wp-json\/wp\/v2\/product_cat?post=13387"},{"taxonomy":"product_tag","embeddable":true,"href":"https:\/\/darkyn.ma\/index.php\/wp-json\/wp\/v2\/product_tag?post=13387"}],"curies":[{"name":"wp","href":"https:\/\/api.w.org\/{rel}","templated":true}]}}