{"id":12824,"date":"2025-12-19T14:41:35","date_gmt":"2025-12-19T14:41:35","guid":{"rendered":"https:\/\/darkyn.ma\/index.php\/product\/produit-17\/"},"modified":"2026-02-05T10:40:38","modified_gmt":"2026-02-05T10:40:38","slug":"produit-17","status":"publish","type":"product","link":"https:\/\/darkyn.ma\/index.php\/product\/produit-17\/","title":{"rendered":"Papier Peint &#8211; antiga &#8211; 306894"},"content":{"rendered":"<p>Collection Antigua \u2014 L\u2019\u00e9vasion tropicale dans vos murs<\/p>\n<p>Plongez dans l\u2019ambiance envo\u00fbtante de la collection Antigua. Inspir\u00e9e par la beaut\u00e9 des paysages exotiques, cette gamme de papiers peints marie subtilement motifs botaniques et textures naturelles.<\/p>\n<p>Chaque design \u00e9voque la l\u00e9g\u00e8ret\u00e9 des palmes sous le vent et la chaleur d\u2019un horizon lointain, pour une d\u00e9coration \u00e0 la fois \u00e9l\u00e9gante et d\u00e9paysante.<\/p>\n<p>Parfaite pour cr\u00e9er une atmosph\u00e8re relaxante et raffin\u00e9e, Antigua transforme vos murs en une v\u00e9ritable invitation au voyage.<\/p>\n","protected":false},"excerpt":{"rendered":"<p>Collection Antigua \u2014 L\u2019\u00e9vasion tropicale dans vos murs Plongez dans l\u2019ambiance envo\u00fbtante de la collection Antigua. Inspir\u00e9e par la beaut\u00e9 des paysages exotiques, cette gamme de papiers peints marie subtilement&#8230;<\/p>\n","protected":false},"featured_media":12672,"template":"","meta":[],"product_brand":[],"product_cat":[122,143,35,34],"product_tag":[],"class_list":{"0":"post-12824","1":"product","2":"type-product","3":"status-publish","4":"has-post-thumbnail","6":"product_cat-antiga","7":"product_cat-antiga-2","8":"product_cat-papier-peint","9":"product_cat-revetement-mur","11":"first","12":"instock","13":"shipping-taxable","14":"product-type-simple"},"_links":{"self":[{"href":"https:\/\/darkyn.ma\/index.php\/wp-json\/wp\/v2\/product\/12824","targetHints":{"allow":["GET"]}}],"collection":[{"href":"https:\/\/darkyn.ma\/index.php\/wp-json\/wp\/v2\/product"}],"about":[{"href":"https:\/\/darkyn.ma\/index.php\/wp-json\/wp\/v2\/types\/product"}],"wp:featuredmedia":[{"embeddable":true,"href":"https:\/\/darkyn.ma\/index.php\/wp-json\/wp\/v2\/media\/12672"}],"wp:attachment":[{"href":"https:\/\/darkyn.ma\/index.php\/wp-json\/wp\/v2\/media?parent=12824"}],"wp:term":[{"taxonomy":"product_brand","embeddable":true,"href":"https:\/\/darkyn.ma\/index.php\/wp-json\/wp\/v2\/product_brand?post=12824"},{"taxonomy":"product_cat","embeddable":true,"href":"https:\/\/darkyn.ma\/index.php\/wp-json\/wp\/v2\/product_cat?post=12824"},{"taxonomy":"product_tag","embeddable":true,"href":"https:\/\/darkyn.ma\/index.php\/wp-json\/wp\/v2\/product_tag?post=12824"}],"curies":[{"name":"wp","href":"https:\/\/api.w.org\/{rel}","templated":true}]}}