{"id":12620,"date":"2025-11-21T09:31:03","date_gmt":"2025-11-21T09:31:03","guid":{"rendered":"https:\/\/darkyn.ma\/?post_type=product&#038;p=12620"},"modified":"2025-11-21T09:31:44","modified_gmt":"2025-11-21T09:31:44","slug":"tapis-clouds-724110","status":"publish","type":"product","link":"https:\/\/darkyn.ma\/index.php\/product\/tapis-clouds-724110\/","title":{"rendered":"Tapis &#8211; Clouds &#8211; 724110"},"content":{"rendered":"<p>Laissez-vous emporter par la douceur a\u00e9rienne de notre gamme <strong data-start=\"136\" data-end=\"146\">Clouds<\/strong>. Inspir\u00e9s par la l\u00e9g\u00e8ret\u00e9 des nuages, ces tapis transforment votre espace en un cocon chaleureux et apaisant. Leur texture moelleuse et leur design d\u00e9licat apportent une touche de s\u00e9r\u00e9nit\u00e9 \u00e0 votre int\u00e9rieur, tout en offrant un confort incomparable sous les pieds. Parfaits pour une chambre, un salon ou un espace d\u00e9tente, les tapis <em data-start=\"479\" data-end=\"487\">Clouds<\/em> invitent au calme, au bien-\u00eatre\u2026 et \u00e0 la r\u00eaverie.<\/p>\n","protected":false},"excerpt":{"rendered":"<p>Un tapis moderne tr\u00e8s en vogue et tendance, en plus de r\u00e9chauffer votre pi\u00e8ce, son design s\u2019int\u00e8gre \u00e0 merveille dans une d\u00e9coration branch\u00e9e, classique ou m\u00eame vintage. Parfait pour finaliser la d\u00e9co de votre salon, cuisine ou chambre \u00e0 coucher.<\/p>\n","protected":false},"featured_media":12621,"template":"","meta":[],"product_brand":[],"product_cat":[31,80,103],"product_tag":[81],"class_list":{"0":"post-12620","1":"product","2":"type-product","3":"status-publish","4":"has-post-thumbnail","6":"product_cat-revetement-de-sol","7":"product_cat-tapis","8":"product_cat-tapis-2","9":"product_tag-osta","11":"first","12":"instock","13":"shipping-taxable","14":"product-type-simple"},"_links":{"self":[{"href":"https:\/\/darkyn.ma\/index.php\/wp-json\/wp\/v2\/product\/12620","targetHints":{"allow":["GET"]}}],"collection":[{"href":"https:\/\/darkyn.ma\/index.php\/wp-json\/wp\/v2\/product"}],"about":[{"href":"https:\/\/darkyn.ma\/index.php\/wp-json\/wp\/v2\/types\/product"}],"wp:featuredmedia":[{"embeddable":true,"href":"https:\/\/darkyn.ma\/index.php\/wp-json\/wp\/v2\/media\/12621"}],"wp:attachment":[{"href":"https:\/\/darkyn.ma\/index.php\/wp-json\/wp\/v2\/media?parent=12620"}],"wp:term":[{"taxonomy":"product_brand","embeddable":true,"href":"https:\/\/darkyn.ma\/index.php\/wp-json\/wp\/v2\/product_brand?post=12620"},{"taxonomy":"product_cat","embeddable":true,"href":"https:\/\/darkyn.ma\/index.php\/wp-json\/wp\/v2\/product_cat?post=12620"},{"taxonomy":"product_tag","embeddable":true,"href":"https:\/\/darkyn.ma\/index.php\/wp-json\/wp\/v2\/product_tag?post=12620"}],"curies":[{"name":"wp","href":"https:\/\/api.w.org\/{rel}","templated":true}]}}