{"id":12510,"date":"2025-10-14T14:29:15","date_gmt":"2025-10-14T14:29:15","guid":{"rendered":"https:\/\/darkyn.ma\/?post_type=product&#038;p=12510"},"modified":"2025-10-14T14:30:34","modified_gmt":"2025-10-14T14:30:34","slug":"back-to-nature-571516","status":"publish","type":"product","link":"https:\/\/darkyn.ma\/index.php\/product\/back-to-nature-571516\/","title":{"rendered":"Back to nature &#8211;  571516"},"content":{"rendered":"<p>Le sentiment d&rsquo;\u00eatre \u00e0 l&rsquo;ext\u00e9rieur fonctionne d\u00e9sormais aussi \u00e0 l&rsquo;int\u00e9rieur : en effet, ceux qui ont envie de se promener dans la nature ne doivent plus chercher \u00e0 s&rsquo;\u00e9loigner, mais restent bien chez eux. Le motif de feuilles se pr\u00e9sente de mani\u00e8re abstraite, exotique, presque artistique. Les plantes luxuriantes ont un effet tridimensionnel sur le mur, de sorte que les pi\u00e8ces sont visuellement agrandies. Une combinaison de couleurs changeantes de gris, de cr\u00e8me et de poudre apporte de l&rsquo;\u00e9l\u00e9gance, mais aussi un calme agr\u00e9able.<\/p>\n","protected":false},"excerpt":{"rendered":"<p>Le sentiment d&rsquo;\u00eatre \u00e0 l&rsquo;ext\u00e9rieur fonctionne d\u00e9sormais aussi \u00e0 l&rsquo;int\u00e9rieur : en effet, ceux qui ont envie de se promener dans la nature ne doivent plus chercher \u00e0 s&rsquo;\u00e9loigner, mais&#8230;<\/p>\n","protected":false},"featured_media":12512,"template":"","meta":[],"product_brand":[],"product_cat":[35,34],"product_tag":[],"class_list":{"0":"post-12510","1":"product","2":"type-product","3":"status-publish","4":"has-post-thumbnail","6":"product_cat-papier-peint","7":"product_cat-revetement-mur","9":"first","10":"instock","11":"shipping-taxable","12":"product-type-simple"},"_links":{"self":[{"href":"https:\/\/darkyn.ma\/index.php\/wp-json\/wp\/v2\/product\/12510","targetHints":{"allow":["GET"]}}],"collection":[{"href":"https:\/\/darkyn.ma\/index.php\/wp-json\/wp\/v2\/product"}],"about":[{"href":"https:\/\/darkyn.ma\/index.php\/wp-json\/wp\/v2\/types\/product"}],"wp:featuredmedia":[{"embeddable":true,"href":"https:\/\/darkyn.ma\/index.php\/wp-json\/wp\/v2\/media\/12512"}],"wp:attachment":[{"href":"https:\/\/darkyn.ma\/index.php\/wp-json\/wp\/v2\/media?parent=12510"}],"wp:term":[{"taxonomy":"product_brand","embeddable":true,"href":"https:\/\/darkyn.ma\/index.php\/wp-json\/wp\/v2\/product_brand?post=12510"},{"taxonomy":"product_cat","embeddable":true,"href":"https:\/\/darkyn.ma\/index.php\/wp-json\/wp\/v2\/product_cat?post=12510"},{"taxonomy":"product_tag","embeddable":true,"href":"https:\/\/darkyn.ma\/index.php\/wp-json\/wp\/v2\/product_tag?post=12510"}],"curies":[{"name":"wp","href":"https:\/\/api.w.org\/{rel}","templated":true}]}}