{"id":12502,"date":"2025-10-14T14:27:12","date_gmt":"2025-10-14T14:27:12","guid":{"rendered":"https:\/\/darkyn.ma\/?post_type=product&#038;p=12502"},"modified":"2025-10-14T14:27:59","modified_gmt":"2025-10-14T14:27:59","slug":"back-to-nature-571462","status":"publish","type":"product","link":"https:\/\/darkyn.ma\/index.php\/product\/back-to-nature-571462\/","title":{"rendered":"Back to nature &#8211;  571462"},"content":{"rendered":"<p>La page est tourn\u00e9e et montre d\u00e8s \u00e0 pr\u00e9sent combien la nature peut enrichir notre quotidien avec charme. Le bouquet de palmiers est dispos\u00e9 de mani\u00e8re pittoresque sur le papier peint intiss\u00e9 et plonge la pi\u00e8ce dans une lumi\u00e8re naturelle et chaleureuse. Le blanc craie, le brun dor\u00e9 et un vert gris changeant forment un trio v\u00e9g\u00e9tal harmonieux, tandis qu&rsquo;une teinte beige conviviale habille \u00e0 nouveau le fond structur\u00e9.<\/p>\n","protected":false},"excerpt":{"rendered":"<p>La page est tourn\u00e9e et montre d\u00e8s \u00e0 pr\u00e9sent combien la nature peut enrichir notre quotidien avec charme. Le bouquet de palmiers est dispos\u00e9 de mani\u00e8re pittoresque sur le papier&#8230;<\/p>\n","protected":false},"featured_media":12503,"template":"","meta":[],"product_brand":[],"product_cat":[35,34],"product_tag":[],"class_list":{"0":"post-12502","1":"product","2":"type-product","3":"status-publish","4":"has-post-thumbnail","6":"product_cat-papier-peint","7":"product_cat-revetement-mur","9":"first","10":"instock","11":"shipping-taxable","12":"product-type-simple"},"_links":{"self":[{"href":"https:\/\/darkyn.ma\/index.php\/wp-json\/wp\/v2\/product\/12502","targetHints":{"allow":["GET"]}}],"collection":[{"href":"https:\/\/darkyn.ma\/index.php\/wp-json\/wp\/v2\/product"}],"about":[{"href":"https:\/\/darkyn.ma\/index.php\/wp-json\/wp\/v2\/types\/product"}],"wp:featuredmedia":[{"embeddable":true,"href":"https:\/\/darkyn.ma\/index.php\/wp-json\/wp\/v2\/media\/12503"}],"wp:attachment":[{"href":"https:\/\/darkyn.ma\/index.php\/wp-json\/wp\/v2\/media?parent=12502"}],"wp:term":[{"taxonomy":"product_brand","embeddable":true,"href":"https:\/\/darkyn.ma\/index.php\/wp-json\/wp\/v2\/product_brand?post=12502"},{"taxonomy":"product_cat","embeddable":true,"href":"https:\/\/darkyn.ma\/index.php\/wp-json\/wp\/v2\/product_cat?post=12502"},{"taxonomy":"product_tag","embeddable":true,"href":"https:\/\/darkyn.ma\/index.php\/wp-json\/wp\/v2\/product_tag?post=12502"}],"curies":[{"name":"wp","href":"https:\/\/api.w.org\/{rel}","templated":true}]}}