{"id":12454,"date":"2025-10-14T14:03:16","date_gmt":"2025-10-14T14:03:16","guid":{"rendered":"https:\/\/darkyn.ma\/?post_type=product&#038;p=12454"},"modified":"2025-10-14T14:05:12","modified_gmt":"2025-10-14T14:05:12","slug":"back-to-nature-571042","status":"publish","type":"product","link":"https:\/\/darkyn.ma\/index.php\/product\/back-to-nature-571042\/","title":{"rendered":"Back to nature &#8211;  571042"},"content":{"rendered":"<p>La nature comme lieu de pr\u00e9dilection ? Heureusement que ce dessin uni ne tombe pas loin de l&rsquo;arbre et poursuit la tendance naturelle. De fines veines de bois traversent le gris-blanc frais. Cela donne au papier peint une superbe structure et fait para\u00eetre les murs beaucoup plus vivants. Le motif peut se suffire \u00e0 lui-m\u00eame ou \u00eatre combin\u00e9 avec d&rsquo;autres motifs de la collection. Tout s&rsquo;accorde \u00e0 merveille &#8211; comme dans la nature.<\/p>\n","protected":false},"excerpt":{"rendered":"<p>La nature comme lieu de pr\u00e9dilection ? Heureusement que ce dessin uni ne tombe pas loin de l&rsquo;arbre et poursuit la tendance naturelle. De fines veines de bois traversent le&#8230;<\/p>\n","protected":false},"featured_media":12457,"template":"","meta":[],"product_brand":[],"product_cat":[35,34],"product_tag":[],"class_list":{"0":"post-12454","1":"product","2":"type-product","3":"status-publish","4":"has-post-thumbnail","6":"product_cat-papier-peint","7":"product_cat-revetement-mur","9":"first","10":"instock","11":"shipping-taxable","12":"product-type-simple"},"_links":{"self":[{"href":"https:\/\/darkyn.ma\/index.php\/wp-json\/wp\/v2\/product\/12454","targetHints":{"allow":["GET"]}}],"collection":[{"href":"https:\/\/darkyn.ma\/index.php\/wp-json\/wp\/v2\/product"}],"about":[{"href":"https:\/\/darkyn.ma\/index.php\/wp-json\/wp\/v2\/types\/product"}],"wp:featuredmedia":[{"embeddable":true,"href":"https:\/\/darkyn.ma\/index.php\/wp-json\/wp\/v2\/media\/12457"}],"wp:attachment":[{"href":"https:\/\/darkyn.ma\/index.php\/wp-json\/wp\/v2\/media?parent=12454"}],"wp:term":[{"taxonomy":"product_brand","embeddable":true,"href":"https:\/\/darkyn.ma\/index.php\/wp-json\/wp\/v2\/product_brand?post=12454"},{"taxonomy":"product_cat","embeddable":true,"href":"https:\/\/darkyn.ma\/index.php\/wp-json\/wp\/v2\/product_cat?post=12454"},{"taxonomy":"product_tag","embeddable":true,"href":"https:\/\/darkyn.ma\/index.php\/wp-json\/wp\/v2\/product_tag?post=12454"}],"curies":[{"name":"wp","href":"https:\/\/api.w.org\/{rel}","templated":true}]}}