{"id":12439,"date":"2025-10-14T13:53:50","date_gmt":"2025-10-14T13:53:50","guid":{"rendered":"https:\/\/darkyn.ma\/?post_type=product&#038;p=12439"},"modified":"2025-10-14T13:55:42","modified_gmt":"2025-10-14T13:55:42","slug":"back-to-nature-570946","status":"publish","type":"product","link":"https:\/\/darkyn.ma\/index.php\/product\/back-to-nature-570946\/","title":{"rendered":"Back to nature &#8211;  570946"},"content":{"rendered":"<p>Le bois est confortable, accueillant et diffuse une atmosph\u00e8re chaleureuse &#8211; et voil\u00e0 qu&rsquo;une composante cr\u00e9ative vient s&rsquo;y ajouter. En effet, ce papier peint est sorti de sa zone de confort pour nous pr\u00e9senter une toute nouvelle facette de la d\u00e9coration murale. Le r\u00e9sultat est un design de parquet esth\u00e9tique avec un aspect ray\u00e9 en gris clair et beige. Des veines sombres font de ce papier peint un accroche-regard esth\u00e9tique au charme rustique. Le bien-\u00eatre est programm\u00e9.<\/p>\n","protected":false},"excerpt":{"rendered":"<p>Le bois est confortable, accueillant et diffuse une atmosph\u00e8re chaleureuse &#8211; et voil\u00e0 qu&rsquo;une composante cr\u00e9ative vient s&rsquo;y ajouter. En effet, ce papier peint est sorti de sa zone de&#8230;<\/p>\n","protected":false},"featured_media":12440,"template":"","meta":[],"product_brand":[],"product_cat":[35,34],"product_tag":[],"class_list":{"0":"post-12439","1":"product","2":"type-product","3":"status-publish","4":"has-post-thumbnail","6":"product_cat-papier-peint","7":"product_cat-revetement-mur","9":"first","10":"instock","11":"shipping-taxable","12":"product-type-simple"},"_links":{"self":[{"href":"https:\/\/darkyn.ma\/index.php\/wp-json\/wp\/v2\/product\/12439","targetHints":{"allow":["GET"]}}],"collection":[{"href":"https:\/\/darkyn.ma\/index.php\/wp-json\/wp\/v2\/product"}],"about":[{"href":"https:\/\/darkyn.ma\/index.php\/wp-json\/wp\/v2\/types\/product"}],"wp:featuredmedia":[{"embeddable":true,"href":"https:\/\/darkyn.ma\/index.php\/wp-json\/wp\/v2\/media\/12440"}],"wp:attachment":[{"href":"https:\/\/darkyn.ma\/index.php\/wp-json\/wp\/v2\/media?parent=12439"}],"wp:term":[{"taxonomy":"product_brand","embeddable":true,"href":"https:\/\/darkyn.ma\/index.php\/wp-json\/wp\/v2\/product_brand?post=12439"},{"taxonomy":"product_cat","embeddable":true,"href":"https:\/\/darkyn.ma\/index.php\/wp-json\/wp\/v2\/product_cat?post=12439"},{"taxonomy":"product_tag","embeddable":true,"href":"https:\/\/darkyn.ma\/index.php\/wp-json\/wp\/v2\/product_tag?post=12439"}],"curies":[{"name":"wp","href":"https:\/\/api.w.org\/{rel}","templated":true}]}}