{"id":12424,"date":"2024-10-01T11:21:35","date_gmt":"2024-10-01T11:21:35","guid":{"rendered":"https:\/\/darkyn.ma\/?post_type=product&#038;p=12424"},"modified":"2026-02-05T08:36:09","modified_gmt":"2026-02-05T08:36:09","slug":"arc-l","status":"publish","type":"product","link":"https:\/\/darkyn.ma\/index.php\/product\/arc-l\/","title":{"rendered":"Arc L"},"content":{"rendered":"<p>Avec son aspect arrondi et allong\u00e9, le panneau mural ARC L No\u00ebl et Marquet \u00e9voque les motifs typiques des int\u00e9rieurs r\u00e9tro-futuristes des ann\u00e9es 70. Caract\u00e9ris\u00e9 par sa silhouette harmonieuse, cette r\u00e9interpr\u00e9tation contemporaine d\u2019un lambris traditionnel permet de moderniser tout int\u00e9rieur en un clin d\u2019\u0153il.<\/p>\n<p>Le panneau mural con\u00e7u par le designer belge Bertrand Lejoly peut \u00eatre employ\u00e9 seul ou en combinaison avec son homologue, ARC S, pour cr\u00e9er des compositions murales envo\u00fbtantes et hors du commun.<\/p>\n","protected":false},"excerpt":{"rendered":"<p><b>Dimensions du produit:<\/b><\/p>\n<ul class=\"details-block__list\">\n<li><span class=\"details-block__label\">Longueur (L)<\/span> 950 millim\u00e8tres<\/li>\n<li><span class=\"details-block__label\">Epaisseur (H)<\/span> 14.5 millim\u00e8tres<\/li>\n<li><span class=\"details-block__label\">Largeur (W)<\/span> 380 millim\u00e8tres<\/li>\n<\/ul>\n<p><b>Mat\u00e9riau:\u00a0\u00a0<\/b>Polyur\u00e9thane<\/p>\n<p><b>Couleur:<\/b><\/p>\n<ul>\n<li>Blanc<\/li>\n<li><span style=\"font-weight: 400;\">Appr\u00eat\u00e9, pr\u00eat \u00e0 peindre<\/span><\/li>\n<\/ul>\n<p><strong>\u00a0\u00a0Avantages :<\/strong><\/p>\n<ul>\n<li>Avantages du panneau mural ARC L ARSTYL<sup>\u00ae<\/sup>\u00a0:<br \/>\n\u2013 Cr\u00e9ation de designs uniques<br \/>\n\u2013 Donne un aspect en 3D aux murs et aux plafonds<br \/>\n\u2013 R\u00e9sistant aux impacts et durable<br \/>\n\u2013 L\u00e9ger et simple \u00e0 installer<br \/>\n\u2013 Se combine avec le panneau mural ARC L ARSTYL<sup>\u00ae<\/sup>\u00a0et le profil\u00e9 de finition WL13 WALLSTYL<sup>\u00ae<br \/>\n<\/sup>&#8211; Avantages Techniques : ARC L se pratique aussi comme isolant thermo-acoustique, <b>prot\u00e9geant du froid, du bruit et de la chaleur, <\/b>et<b>\u00a0<\/b>r\u00e9siste \u00e0 l&rsquo;eau et \u00e0 l&rsquo;humidit\u00e9.<\/li>\n<\/ul>\n","protected":false},"featured_media":12425,"template":"","meta":[],"product_brand":[],"product_cat":[114,34],"product_tag":[117],"class_list":{"0":"post-12424","1":"product","2":"type-product","3":"status-publish","4":"has-post-thumbnail","6":"product_cat-moulures","7":"product_cat-revetement-mur","8":"product_tag-noel-marquet","10":"first","11":"instock","12":"shipping-taxable","13":"product-type-simple"},"_links":{"self":[{"href":"https:\/\/darkyn.ma\/index.php\/wp-json\/wp\/v2\/product\/12424","targetHints":{"allow":["GET"]}}],"collection":[{"href":"https:\/\/darkyn.ma\/index.php\/wp-json\/wp\/v2\/product"}],"about":[{"href":"https:\/\/darkyn.ma\/index.php\/wp-json\/wp\/v2\/types\/product"}],"wp:featuredmedia":[{"embeddable":true,"href":"https:\/\/darkyn.ma\/index.php\/wp-json\/wp\/v2\/media\/12425"}],"wp:attachment":[{"href":"https:\/\/darkyn.ma\/index.php\/wp-json\/wp\/v2\/media?parent=12424"}],"wp:term":[{"taxonomy":"product_brand","embeddable":true,"href":"https:\/\/darkyn.ma\/index.php\/wp-json\/wp\/v2\/product_brand?post=12424"},{"taxonomy":"product_cat","embeddable":true,"href":"https:\/\/darkyn.ma\/index.php\/wp-json\/wp\/v2\/product_cat?post=12424"},{"taxonomy":"product_tag","embeddable":true,"href":"https:\/\/darkyn.ma\/index.php\/wp-json\/wp\/v2\/product_tag?post=12424"}],"curies":[{"name":"wp","href":"https:\/\/api.w.org\/{rel}","templated":true}]}}