{"id":12403,"date":"2024-06-03T14:23:33","date_gmt":"2024-06-03T14:23:33","guid":{"rendered":"https:\/\/darkyn.ma\/?post_type=product&#038;p=12403"},"modified":"2024-06-03T14:27:55","modified_gmt":"2024-06-03T14:27:55","slug":"tapis-lago-731-015","status":"publish","type":"product","link":"https:\/\/darkyn.ma\/index.php\/product\/tapis-lago-731-015\/","title":{"rendered":"Tapis &#8211; Lago 731 &#8211; 015"},"content":{"rendered":"<p>Plongez dans l&rsquo;univers raffin\u00e9 de notre collection de moquettes et tapis sur mesure. Chaque cr\u00e9ation est pens\u00e9e pour enrichir votre espace de vie, apportant une note de confort et de sophistication. Que ce soit pour un coin lecture, un espace de d\u00e9tente, ou une pi\u00e8ce conviviale, nos moquettes et tapis sont con\u00e7us pour s&rsquo;int\u00e9grer harmonieusement dans votre int\u00e9rieur.<\/p>\n","protected":false},"excerpt":{"rendered":"<p>Un tapis moderne tr\u00e8s en vogue et tendance, en plus de r\u00e9chauffer votre pi\u00e8ce, son design s\u2019int\u00e8gre \u00e0 merveille dans une d\u00e9coration branch\u00e9e, classique ou m\u00eame vintage. Parfait pour finaliser la d\u00e9co de votre salon, cuisine ou chambre \u00e0 coucher.<\/p>\n","protected":false},"featured_media":12404,"template":"","meta":[],"product_brand":[],"product_cat":[31,105,80],"product_tag":[],"class_list":{"0":"post-12403","1":"product","2":"type-product","3":"status-publish","4":"has-post-thumbnail","6":"product_cat-revetement-de-sol","7":"product_cat-sur-mesure","8":"product_cat-tapis","10":"first","11":"instock","12":"shipping-taxable","13":"product-type-simple"},"_links":{"self":[{"href":"https:\/\/darkyn.ma\/index.php\/wp-json\/wp\/v2\/product\/12403","targetHints":{"allow":["GET"]}}],"collection":[{"href":"https:\/\/darkyn.ma\/index.php\/wp-json\/wp\/v2\/product"}],"about":[{"href":"https:\/\/darkyn.ma\/index.php\/wp-json\/wp\/v2\/types\/product"}],"wp:featuredmedia":[{"embeddable":true,"href":"https:\/\/darkyn.ma\/index.php\/wp-json\/wp\/v2\/media\/12404"}],"wp:attachment":[{"href":"https:\/\/darkyn.ma\/index.php\/wp-json\/wp\/v2\/media?parent=12403"}],"wp:term":[{"taxonomy":"product_brand","embeddable":true,"href":"https:\/\/darkyn.ma\/index.php\/wp-json\/wp\/v2\/product_brand?post=12403"},{"taxonomy":"product_cat","embeddable":true,"href":"https:\/\/darkyn.ma\/index.php\/wp-json\/wp\/v2\/product_cat?post=12403"},{"taxonomy":"product_tag","embeddable":true,"href":"https:\/\/darkyn.ma\/index.php\/wp-json\/wp\/v2\/product_tag?post=12403"}],"curies":[{"name":"wp","href":"https:\/\/api.w.org\/{rel}","templated":true}]}}