{"id":12364,"date":"2024-01-16T09:46:09","date_gmt":"2024-01-16T09:46:09","guid":{"rendered":"https:\/\/darkyn.ma\/?post_type=product&#038;p=12364"},"modified":"2024-01-16T10:53:55","modified_gmt":"2024-01-16T10:53:55","slug":"tapis-chroma-110","status":"publish","type":"product","link":"https:\/\/darkyn.ma\/index.php\/product\/tapis-chroma-110\/","title":{"rendered":"Tapis &#8211; Chroma &#8211; 110"},"content":{"rendered":"<p>Faites l&rsquo;exp\u00e9rience du luxe \u00e0 chaque pas et offrez \u00e0 votre domicile une pi\u00e8ce ma\u00eetresse qui allie fonctionnalit\u00e9 et \u00e9l\u00e9gance. Optez pour cette p\u00e9pite de tapis &#8211; un bijou pour votre sol, une \u0153uvre d&rsquo;art pour votre int\u00e9rieur.<\/p>\n","protected":false},"excerpt":{"rendered":"<p>Un tapis moderne tr\u00e8s en vogue et tendance, en plus de r\u00e9chauffer votre pi\u00e8ce, son design s\u2019int\u00e8gre \u00e0 merveille dans une d\u00e9coration branch\u00e9e, classique ou m\u00eame vintage. Parfait pour finaliser la d\u00e9co de votre salon, cuisine ou chambre \u00e0 coucher.<\/p>\n","protected":false},"featured_media":12365,"template":"","meta":[],"product_brand":[],"product_cat":[31,80,103],"product_tag":[81],"class_list":{"0":"post-12364","1":"product","2":"type-product","3":"status-publish","4":"has-post-thumbnail","6":"product_cat-revetement-de-sol","7":"product_cat-tapis","8":"product_cat-tapis-2","9":"product_tag-osta","11":"first","12":"instock","13":"shipping-taxable","14":"product-type-simple"},"_links":{"self":[{"href":"https:\/\/darkyn.ma\/index.php\/wp-json\/wp\/v2\/product\/12364","targetHints":{"allow":["GET"]}}],"collection":[{"href":"https:\/\/darkyn.ma\/index.php\/wp-json\/wp\/v2\/product"}],"about":[{"href":"https:\/\/darkyn.ma\/index.php\/wp-json\/wp\/v2\/types\/product"}],"wp:featuredmedia":[{"embeddable":true,"href":"https:\/\/darkyn.ma\/index.php\/wp-json\/wp\/v2\/media\/12365"}],"wp:attachment":[{"href":"https:\/\/darkyn.ma\/index.php\/wp-json\/wp\/v2\/media?parent=12364"}],"wp:term":[{"taxonomy":"product_brand","embeddable":true,"href":"https:\/\/darkyn.ma\/index.php\/wp-json\/wp\/v2\/product_brand?post=12364"},{"taxonomy":"product_cat","embeddable":true,"href":"https:\/\/darkyn.ma\/index.php\/wp-json\/wp\/v2\/product_cat?post=12364"},{"taxonomy":"product_tag","embeddable":true,"href":"https:\/\/darkyn.ma\/index.php\/wp-json\/wp\/v2\/product_tag?post=12364"}],"curies":[{"name":"wp","href":"https:\/\/api.w.org\/{rel}","templated":true}]}}