{"id":12360,"date":"2023-12-05T09:43:36","date_gmt":"2023-12-05T09:43:36","guid":{"rendered":"https:\/\/darkyn.ma\/?post_type=product&#038;p=12360"},"modified":"2023-12-05T09:45:26","modified_gmt":"2023-12-05T09:45:26","slug":"moquette-torino-523-410","status":"publish","type":"product","link":"https:\/\/darkyn.ma\/index.php\/product\/moquette-torino-523-410\/","title":{"rendered":"Moquette Torino 523-410"},"content":{"rendered":"<p>Les mat\u00e9riaux de haute qualit\u00e9 utilis\u00e9s dans la confection de ce tapis offrent une exp\u00e9rience tactile luxueuse, chaque fibre \u00e9tant s\u00e9lectionn\u00e9e avec soin pour assurer une douceur exceptionnelle sous vos pieds. La palette de couleurs et les motifs choisis refl\u00e8tent votre style unique, ajoutant une touche de personnalit\u00e9 \u00e0 votre int\u00e9rieur.<\/p>\n","protected":false},"excerpt":{"rendered":"<p>Les mat\u00e9riaux de haute qualit\u00e9 utilis\u00e9s dans la confection de ce tapis offrent une exp\u00e9rience tactile luxueuse, chaque fibre \u00e9tant s\u00e9lectionn\u00e9e avec soin pour assurer une douceur exceptionnelle sous vos&#8230;<\/p>\n","protected":false},"featured_media":12361,"template":"","meta":[],"product_brand":[],"product_cat":[105],"product_tag":[81],"class_list":{"0":"post-12360","1":"product","2":"type-product","3":"status-publish","4":"has-post-thumbnail","6":"product_cat-sur-mesure","7":"product_tag-osta","9":"first","10":"instock","11":"shipping-taxable","12":"product-type-simple"},"_links":{"self":[{"href":"https:\/\/darkyn.ma\/index.php\/wp-json\/wp\/v2\/product\/12360","targetHints":{"allow":["GET"]}}],"collection":[{"href":"https:\/\/darkyn.ma\/index.php\/wp-json\/wp\/v2\/product"}],"about":[{"href":"https:\/\/darkyn.ma\/index.php\/wp-json\/wp\/v2\/types\/product"}],"wp:featuredmedia":[{"embeddable":true,"href":"https:\/\/darkyn.ma\/index.php\/wp-json\/wp\/v2\/media\/12361"}],"wp:attachment":[{"href":"https:\/\/darkyn.ma\/index.php\/wp-json\/wp\/v2\/media?parent=12360"}],"wp:term":[{"taxonomy":"product_brand","embeddable":true,"href":"https:\/\/darkyn.ma\/index.php\/wp-json\/wp\/v2\/product_brand?post=12360"},{"taxonomy":"product_cat","embeddable":true,"href":"https:\/\/darkyn.ma\/index.php\/wp-json\/wp\/v2\/product_cat?post=12360"},{"taxonomy":"product_tag","embeddable":true,"href":"https:\/\/darkyn.ma\/index.php\/wp-json\/wp\/v2\/product_tag?post=12360"}],"curies":[{"name":"wp","href":"https:\/\/api.w.org\/{rel}","templated":true}]}}