{"id":12332,"date":"2023-12-05T09:10:23","date_gmt":"2023-12-05T09:10:23","guid":{"rendered":"https:\/\/darkyn.ma\/?post_type=product&#038;p=12332"},"modified":"2023-12-05T09:15:06","modified_gmt":"2023-12-05T09:15:06","slug":"moquette-dune-781-330","status":"publish","type":"product","link":"https:\/\/darkyn.ma\/index.php\/product\/moquette-dune-781-330\/","title":{"rendered":"Moquette Dune 781-330"},"content":{"rendered":"<p>Le tapis sur mesure que nous vous proposons incarne l&rsquo;\u00e9l\u00e9gance et la personnalisation \u00e0 leur apog\u00e9e. Chaque fibre, chaque couleur et chaque motif sont soigneusement choisis selon vos pr\u00e9f\u00e9rences, cr\u00e9ant ainsi un chef-d&rsquo;\u0153uvre unique qui s&rsquo;int\u00e8gre parfaitement \u00e0 votre espace.<\/p>\n","protected":false},"excerpt":{"rendered":"<p>Le tapis sur mesure que nous vous proposons incarne l&rsquo;\u00e9l\u00e9gance et la personnalisation \u00e0 leur apog\u00e9e. Chaque fibre, chaque couleur et chaque motif sont soigneusement choisis selon vos pr\u00e9f\u00e9rences, cr\u00e9ant&#8230;<\/p>\n","protected":false},"featured_media":12333,"template":"","meta":[],"product_brand":[],"product_cat":[105],"product_tag":[81],"class_list":{"0":"post-12332","1":"product","2":"type-product","3":"status-publish","4":"has-post-thumbnail","6":"product_cat-sur-mesure","7":"product_tag-osta","9":"first","10":"instock","11":"shipping-taxable","12":"product-type-simple"},"_links":{"self":[{"href":"https:\/\/darkyn.ma\/index.php\/wp-json\/wp\/v2\/product\/12332","targetHints":{"allow":["GET"]}}],"collection":[{"href":"https:\/\/darkyn.ma\/index.php\/wp-json\/wp\/v2\/product"}],"about":[{"href":"https:\/\/darkyn.ma\/index.php\/wp-json\/wp\/v2\/types\/product"}],"wp:featuredmedia":[{"embeddable":true,"href":"https:\/\/darkyn.ma\/index.php\/wp-json\/wp\/v2\/media\/12333"}],"wp:attachment":[{"href":"https:\/\/darkyn.ma\/index.php\/wp-json\/wp\/v2\/media?parent=12332"}],"wp:term":[{"taxonomy":"product_brand","embeddable":true,"href":"https:\/\/darkyn.ma\/index.php\/wp-json\/wp\/v2\/product_brand?post=12332"},{"taxonomy":"product_cat","embeddable":true,"href":"https:\/\/darkyn.ma\/index.php\/wp-json\/wp\/v2\/product_cat?post=12332"},{"taxonomy":"product_tag","embeddable":true,"href":"https:\/\/darkyn.ma\/index.php\/wp-json\/wp\/v2\/product_tag?post=12332"}],"curies":[{"name":"wp","href":"https:\/\/api.w.org\/{rel}","templated":true}]}}