{"id":12061,"date":"2023-09-19T10:02:17","date_gmt":"2023-09-19T10:02:17","guid":{"rendered":"https:\/\/darkyn.ma\/?post_type=product&#038;p=12061"},"modified":"2026-02-05T08:34:54","modified_gmt":"2026-02-05T08:34:54","slug":"moulure-wl2","status":"publish","type":"product","link":"https:\/\/darkyn.ma\/index.php\/product\/moulure-wl2\/","title":{"rendered":"Moulure WL2"},"content":{"rendered":"<p>La cimaise WL2 WALLSTYL\u00ae peut \u00eatre utilis\u00e9e pour cr\u00e9er des panneaux, des charpentes sur mesure ou pour diviser des sections color\u00e9es.\u00a0Un style classique met en valeur et met en valeur un int\u00e9rieur \u00e9l\u00e9gant.\u00a0Combinez le WL2 avec des moulures suppl\u00e9mentaires pour produire un int\u00e9rieur bien arrondi et \u00e9l\u00e9gant.<\/p>\n","protected":false},"excerpt":{"rendered":"<p><b>Dimensions du produit:<\/b><\/p>\n<ul class=\"details-block__list\">\n<li><span class=\"details-block__label\">Longueur (L)<\/span>\u00a02 m\u00e8tres<\/li>\n<li><span class=\"details-block__label\">Hauteur (H)<\/span>\u00a040\u00a0millim\u00e8tres<\/li>\n<li><span class=\"details-block__label\">Largeur (W)<\/span>\u00a020\u00a0millim\u00e8tres<\/li>\n<\/ul>\n<p><b>Mat\u00e9riau:\u00a0\u00a0<\/b><strong>HDPS<\/strong>\u00a0Polystyr\u00e8ne haute densit\u00e9<\/p>\n<p><b>Couleur:<\/b><\/p>\n<ul>\n<li>Blanc<\/li>\n<li><span style=\"font-weight: 400;\">Appr\u00eat\u00e9, pr\u00eat \u00e0 peindre<\/span><\/li>\n<\/ul>\n<p><strong>\u00a0\u00a0Avantages de la cimaise WL2 WALLSTYL\u00ae:<\/strong><\/p>\n<ul>\n<li>Mat\u00e9riau l\u00e9ger<\/li>\n<li>R\u00e9sistant aux chocs et durable<\/li>\n<li>Recyclable<\/li>\n<li>R\u00e9sistant \u00e0 l&rsquo;humidit\u00e9<\/li>\n<li>Installation simple<\/li>\n<\/ul>\n","protected":false},"featured_media":12064,"template":"","meta":[],"product_brand":[],"product_cat":[114,34],"product_tag":[117],"class_list":{"0":"post-12061","1":"product","2":"type-product","3":"status-publish","4":"has-post-thumbnail","6":"product_cat-moulures","7":"product_cat-revetement-mur","8":"product_tag-noel-marquet","10":"first","11":"instock","12":"shipping-taxable","13":"product-type-simple"},"_links":{"self":[{"href":"https:\/\/darkyn.ma\/index.php\/wp-json\/wp\/v2\/product\/12061","targetHints":{"allow":["GET"]}}],"collection":[{"href":"https:\/\/darkyn.ma\/index.php\/wp-json\/wp\/v2\/product"}],"about":[{"href":"https:\/\/darkyn.ma\/index.php\/wp-json\/wp\/v2\/types\/product"}],"wp:featuredmedia":[{"embeddable":true,"href":"https:\/\/darkyn.ma\/index.php\/wp-json\/wp\/v2\/media\/12064"}],"wp:attachment":[{"href":"https:\/\/darkyn.ma\/index.php\/wp-json\/wp\/v2\/media?parent=12061"}],"wp:term":[{"taxonomy":"product_brand","embeddable":true,"href":"https:\/\/darkyn.ma\/index.php\/wp-json\/wp\/v2\/product_brand?post=12061"},{"taxonomy":"product_cat","embeddable":true,"href":"https:\/\/darkyn.ma\/index.php\/wp-json\/wp\/v2\/product_cat?post=12061"},{"taxonomy":"product_tag","embeddable":true,"href":"https:\/\/darkyn.ma\/index.php\/wp-json\/wp\/v2\/product_tag?post=12061"}],"curies":[{"name":"wp","href":"https:\/\/api.w.org\/{rel}","templated":true}]}}