{"id":12057,"date":"2023-09-19T09:57:11","date_gmt":"2023-09-19T09:57:11","guid":{"rendered":"https:\/\/darkyn.ma\/?post_type=product&#038;p=12057"},"modified":"2026-02-05T08:34:59","modified_gmt":"2026-02-05T08:34:59","slug":"moulure-wl1","status":"publish","type":"product","link":"https:\/\/darkyn.ma\/index.php\/product\/moulure-wl1\/","title":{"rendered":"Moulure WL1"},"content":{"rendered":"<p>La cimaise WL1 WALLSTYL\u00ae permet de cr\u00e9er une transition simple entre les couleurs et des papiers peints, augmentant ainsi la qualit\u00e9 de finition d\u2019une pi\u00e8ce. Il existe de nombreuses possibilit\u00e9s d&rsquo;installation des cimaises WL1, pour cr\u00e9er des motifs ou des cadres uniques sur le mur et au plafond.<\/p>\n<p>L\u2019introduction d\u2019une texture d\u00e9licate dans un int\u00e9rieur permet de r\u00e9aliser une finition compl\u00e8te. La cimaise WL1 WALLSTYL\u00ae a un aspect sobre mais \u00e9l\u00e9gant, qui s\u2019adapte aux environnements modernes et traditionnels.<\/p>\n","protected":false},"excerpt":{"rendered":"<p><b>Dimensions du produit:<\/b><\/p>\n<ul class=\"details-block__list\">\n<li><span class=\"details-block__label\">Longueur (L)<\/span>\u00a02 m\u00e8tres<\/li>\n<li><span class=\"details-block__label\">Hauteur (H)<\/span>\u00a038\u00a0millim\u00e8tres<\/li>\n<li><span class=\"details-block__label\">Largeur (W)<\/span>\u00a018\u00a0millim\u00e8tres<\/li>\n<\/ul>\n<p><b>Mat\u00e9riau:\u00a0\u00a0<\/b><strong>HDPS<\/strong>\u00a0Polystyr\u00e8ne haute densit\u00e9<\/p>\n<p><b>Couleur:<\/b><\/p>\n<ul>\n<li>Blanc<\/li>\n<li><span style=\"font-weight: 400;\">Appr\u00eat\u00e9, pr\u00eat \u00e0 peindre<\/span><\/li>\n<\/ul>\n<p><strong>\u00a0\u00a0Avantages de la cimaise WL1 WALLSTYL\u00ae:<\/strong><\/p>\n<ul>\n<li>Mat\u00e9riau l\u00e9ger<\/li>\n<li>R\u00e9sistant aux chocs et durable<\/li>\n<li>Recyclable<\/li>\n<li>R\u00e9sistant \u00e0 l&rsquo;humidit\u00e9<\/li>\n<li>Installation simple<\/li>\n<\/ul>\n","protected":false},"featured_media":12060,"template":"","meta":[],"product_brand":[],"product_cat":[114,34],"product_tag":[117],"class_list":{"0":"post-12057","1":"product","2":"type-product","3":"status-publish","4":"has-post-thumbnail","6":"product_cat-moulures","7":"product_cat-revetement-mur","8":"product_tag-noel-marquet","10":"first","11":"instock","12":"shipping-taxable","13":"product-type-simple"},"_links":{"self":[{"href":"https:\/\/darkyn.ma\/index.php\/wp-json\/wp\/v2\/product\/12057","targetHints":{"allow":["GET"]}}],"collection":[{"href":"https:\/\/darkyn.ma\/index.php\/wp-json\/wp\/v2\/product"}],"about":[{"href":"https:\/\/darkyn.ma\/index.php\/wp-json\/wp\/v2\/types\/product"}],"wp:featuredmedia":[{"embeddable":true,"href":"https:\/\/darkyn.ma\/index.php\/wp-json\/wp\/v2\/media\/12060"}],"wp:attachment":[{"href":"https:\/\/darkyn.ma\/index.php\/wp-json\/wp\/v2\/media?parent=12057"}],"wp:term":[{"taxonomy":"product_brand","embeddable":true,"href":"https:\/\/darkyn.ma\/index.php\/wp-json\/wp\/v2\/product_brand?post=12057"},{"taxonomy":"product_cat","embeddable":true,"href":"https:\/\/darkyn.ma\/index.php\/wp-json\/wp\/v2\/product_cat?post=12057"},{"taxonomy":"product_tag","embeddable":true,"href":"https:\/\/darkyn.ma\/index.php\/wp-json\/wp\/v2\/product_tag?post=12057"}],"curies":[{"name":"wp","href":"https:\/\/api.w.org\/{rel}","templated":true}]}}