{"id":12053,"date":"2023-09-19T09:55:03","date_gmt":"2023-09-19T09:55:03","guid":{"rendered":"https:\/\/darkyn.ma\/?post_type=product&#038;p=12053"},"modified":"2026-02-05T08:35:28","modified_gmt":"2026-02-05T08:35:28","slug":"moulure-wd5","status":"publish","type":"product","link":"https:\/\/darkyn.ma\/index.php\/product\/moulure-wd5\/","title":{"rendered":"Moulure WD5"},"content":{"rendered":"<p><span style=\"font-weight: 400;\">Choisissez la WD5 WALLSTYL\u00ae pour cr\u00e9er des \u00e9l\u00e9ments de d\u00e9coration comme des boiseries, des cadres ou pour s\u00e9parer des couleurs. Un design minimaliste fait de la cimaise WD5 un \u00e9l\u00e9ment polyvalent pour de nombreuses possibilit\u00e9s d\u2019applications. La WD5 peut \u00eatre install\u00e9e sur le mur ou le plafond de diverses fa\u00e7ons pour mettre en valeur un int\u00e9rieur. Sa forme g\u00e9om\u00e9trique suit les lignes \u00e9pur\u00e9es du design contemporain.<\/span><\/p>\n<p>Pour poser les moulures l\u00e9g\u00e8res, collez chaque section dans la position d\u00e9sir\u00e9e. La WD5 est pr\u00eate \u00e0 peindre gr\u00e2ce \u00e0 la couche de primaire appliqu\u00e9e en usine. La cimaise WD5 n\u2019est pas seulement esth\u00e9tique, elle offre \u00e9galement une protection contre les chocs et les d\u00e9t\u00e9riorations.<\/p>\n","protected":false},"excerpt":{"rendered":"<p><b>Dimensions du produit:<\/b><\/p>\n<ul>\n<li style=\"font-weight: 400;\"><span style=\"font-weight: 400;\">Longueur (L) 2 m\u00e8tres<\/span><\/li>\n<li style=\"font-weight: 400;\"><span style=\"font-weight: 400;\">Hauteur (H) 38 millim\u00e8tres<\/span><\/li>\n<li style=\"font-weight: 400;\"><span style=\"font-weight: 400;\">Largeur (W) 10 millim\u00e8tres<\/span><\/li>\n<\/ul>\n<p><b>Mat\u00e9riau:\u00a0 HDPS<\/b><span style=\"font-weight: 400;\">\u00a0Polystyr\u00e8ne haute densit\u00e9<\/span><\/p>\n<p><b>Couleur:<\/b><\/p>\n<ul>\n<li style=\"font-weight: 400;\"><span style=\"font-weight: 400;\">Blanc<\/span><\/li>\n<li style=\"font-weight: 400;\">Appr\u00eat\u00e9, pr\u00eat \u00e0 peindre<\/li>\n<\/ul>\n<p><b>\u00a0\u00a0Avantages de la cimaise WD5 WALLSTYL\u00ae:<\/b><\/p>\n<ul>\n<li style=\"font-weight: 400;\"><span style=\"font-weight: 400;\">Mat\u00e9riau l\u00e9ger<\/span><\/li>\n<li style=\"font-weight: 400;\"><span style=\"font-weight: 400;\">R\u00e9sistant aux chocs et durable\u00a0<\/span><\/li>\n<li style=\"font-weight: 400;\"><span style=\"font-weight: 400;\">Recyclable\u00a0<\/span><\/li>\n<li style=\"font-weight: 400;\"><span style=\"font-weight: 400;\">R\u00e9sistant \u00e0 l&rsquo;humidit\u00e9<\/span><\/li>\n<li style=\"font-weight: 400;\"><span style=\"font-weight: 400;\">Installation simple<\/span><\/li>\n<\/ul>\n","protected":false},"featured_media":12055,"template":"","meta":[],"product_brand":[],"product_cat":[114,34],"product_tag":[117],"class_list":{"0":"post-12053","1":"product","2":"type-product","3":"status-publish","4":"has-post-thumbnail","6":"product_cat-moulures","7":"product_cat-revetement-mur","8":"product_tag-noel-marquet","10":"first","11":"instock","12":"shipping-taxable","13":"product-type-simple"},"_links":{"self":[{"href":"https:\/\/darkyn.ma\/index.php\/wp-json\/wp\/v2\/product\/12053","targetHints":{"allow":["GET"]}}],"collection":[{"href":"https:\/\/darkyn.ma\/index.php\/wp-json\/wp\/v2\/product"}],"about":[{"href":"https:\/\/darkyn.ma\/index.php\/wp-json\/wp\/v2\/types\/product"}],"wp:featuredmedia":[{"embeddable":true,"href":"https:\/\/darkyn.ma\/index.php\/wp-json\/wp\/v2\/media\/12055"}],"wp:attachment":[{"href":"https:\/\/darkyn.ma\/index.php\/wp-json\/wp\/v2\/media?parent=12053"}],"wp:term":[{"taxonomy":"product_brand","embeddable":true,"href":"https:\/\/darkyn.ma\/index.php\/wp-json\/wp\/v2\/product_brand?post=12053"},{"taxonomy":"product_cat","embeddable":true,"href":"https:\/\/darkyn.ma\/index.php\/wp-json\/wp\/v2\/product_cat?post=12053"},{"taxonomy":"product_tag","embeddable":true,"href":"https:\/\/darkyn.ma\/index.php\/wp-json\/wp\/v2\/product_tag?post=12053"}],"curies":[{"name":"wp","href":"https:\/\/api.w.org\/{rel}","templated":true}]}}